{"id":52111,"date":"2025-02-26T17:38:34","date_gmt":"2025-02-26T16:38:34","guid":{"rendered":"https:\/\/www.fleurop-home.ch\/de-ch\/p\/bodensee-bluetentraeume-bauerngarten-100gr"},"modified":"2025-05-12T14:35:09","modified_gmt":"2025-05-12T12:35:09","slug":"bodensee-bluetentraeume-bauerngarten-100gr","status":"publish","type":"product","link":"https:\/\/www.fleurop-home.ch\/de-ch\/p\/bodensee-bluetentraeume-bauerngarten-100gr","title":{"rendered":"Bodensee Bl\u00fctentr\u00e4ume &#8218;Bauerngarten&#8216; 100gr"},"content":{"rendered":"<p>Verwandle langweilige Rabatten und pflegeintensive Rasenfl\u00e4chen in ein zauberhaftes Bl\u00fctenmeer.<br \/>\nEine Wohltat f\u00fcr jeden Betrachter und die Insekten!<\/p>\n<p>Romantisch und zauberhaft wie ein Bauerngarten!<br \/>\n\u2022 Wuchsh\u00f6he: 15 \u2013 50 cm<br \/>\n\u2022 Seidenmohn, Blaugl\u00f6ckchen, Schleierkraut, Spiegeleiblume,<br \/>\nDuftresede, Bartblumen, Prunkwinden, Mittagsblumen,<br \/>\nSchmuckk\u00f6rbchen, niedrige Zinnien, Leimkraut uvm.<br \/>\n\u2022 Aussaatmenge: ca. 5 \u2013 7 g\/m2<\/p>\n<p>Unsere einj\u00e4hrige Bl\u00fchmischung enth\u00e4lt bis zu 35 Arten:<br \/>\nSeidenmohm, Blaugl\u00f6ckchen, Schlafm\u00fctzchen, Hainblumen, Schleierkraut, spiege leiblume, Duftresede, Sperrkraut, Moldawische Melisse, Kapuzinerkresse, Bartblumen, Trichterwinden, Prunkwinden, Mittags-<br \/>\nblumen, Buschwinden, niedrige Schmuckk\u00f6rbchen, niedrige Zinnien, Leimkraut uvm.<br \/>\nWuchsh\u00f6he: 15 &#8211; 50 cm, enth\u00e4lt Rankpflanzen<br \/>\nAussaat: Die Aussaat erfolgt im Fr\u00fchjahr &#8211; je nach Witterung von Mitte April bis etwa Mitte Juni. Ausges\u00e4t werden kann in jeden gelockerten Gartenboden, gr\u00f6ssere Schalen, T\u00f6pfe oder auch Balkonk\u00e4sten. Ein sonniger Standort wird bevorzugt.<br \/>\nAussaatmenge: ca. 5 &#8211; 7 Gramm pro Ouadratmeter<br \/>\nBl\u00fctezeit: ab Mitte Mai bis zum ersten Frost.<br \/>\nSonstiges: Auf fruchtbarem Boden ist keinerlei D\u00fcngung erforderlich. Die Fl\u00e4che zur Einsaat sollte ca. 5 &#8211; 10 cm tief gelockert sein. Am besten kann dies bereits im Herbst des Vorjahres vorbereitet werden. Vor der Aussaat den Boden mit dem Rechen, Krail oder Spaten fein ausplanieren. Grobe Steine und Wurzelunkr\u00e4uter sollten dabei beseitigt werden. Anschliessend kann die Einsaat vorgenommen werden. Die Samenmenge kann durch Beigabe von S\u00e4gemehl oder Quarzsand auf das 3- bis 5fache des Volumens gestreckt werden. Dadurch wird eine bessere Verteilung der Samen auf die Fl\u00e4che gew\u00e4hrleistet. Die optimale Aussaattiefe betr\u00e4gt zwischen 0,5 und 1,5 cm. F\u00fcr den Keimvorgang sollte vor allem zu Beginn f\u00fcr ausreichende Feuchtigkeit gesorgt werden.<br \/>\nUnter guten Voraussetzungen keimen die meisten Samen in 1-3 Wochen.<\/p>\n","protected":false},"excerpt":{"rendered":"<p>Verwandle langweilige Rabatten und pflegeintensive Rasenfl\u00e4chen in ein zauberhaftes Bl\u00fctenmeer.<\/p>\n","protected":false},"featured_media":52110,"template":"","meta":[],"product_brand":[],"product_cat":[110,1089,1088,34,41],"product_tag":[289],"woo-feed-brand":[],"class_list":{"0":"post-52111","1":"product","2":"type-product","3":"status-publish","4":"has-post-thumbnail","6":"product_cat-samen","7":"product_cat-hobbygaertner","8":"product_cat-vatertag","9":"product_cat-garten-balkon","10":"product_cat-outdoorpflanzen","11":"product_tag-blumengarten-kung-ag","13":"first","14":"instock","15":"taxable","16":"shipping-taxable","17":"purchasable","18":"product-type-simple"},"_links":{"self":[{"href":"https:\/\/www.fleurop-home.ch\/de-ch\/wp-json\/wp\/v2\/product\/52111","targetHints":{"allow":["GET"]}}],"collection":[{"href":"https:\/\/www.fleurop-home.ch\/de-ch\/wp-json\/wp\/v2\/product"}],"about":[{"href":"https:\/\/www.fleurop-home.ch\/de-ch\/wp-json\/wp\/v2\/types\/product"}],"wp:featuredmedia":[{"embeddable":true,"href":"https:\/\/www.fleurop-home.ch\/de-ch\/wp-json\/wp\/v2\/media\/52110"}],"wp:attachment":[{"href":"https:\/\/www.fleurop-home.ch\/de-ch\/wp-json\/wp\/v2\/media?parent=52111"}],"wp:term":[{"taxonomy":"product_brand","embeddable":true,"href":"https:\/\/www.fleurop-home.ch\/de-ch\/wp-json\/wp\/v2\/product_brand?post=52111"},{"taxonomy":"product_cat","embeddable":true,"href":"https:\/\/www.fleurop-home.ch\/de-ch\/wp-json\/wp\/v2\/product_cat?post=52111"},{"taxonomy":"product_tag","embeddable":true,"href":"https:\/\/www.fleurop-home.ch\/de-ch\/wp-json\/wp\/v2\/product_tag?post=52111"},{"taxonomy":"woo-feed-brand","embeddable":true,"href":"https:\/\/www.fleurop-home.ch\/de-ch\/wp-json\/wp\/v2\/woo-feed-brand?post=52111"}],"curies":[{"name":"wp","href":"https:\/\/api.w.org\/{rel}","templated":true}]}}