{"id":52099,"date":"2025-02-26T17:37:51","date_gmt":"2025-02-26T16:37:51","guid":{"rendered":"https:\/\/www.fleurop-home.ch\/de-ch\/p\/bodensee-bluetentraeume-nuetzlingsweide-100gr"},"modified":"2025-04-01T03:44:35","modified_gmt":"2025-04-01T01:44:35","slug":"bodensee-bluetentraeume-nuetzlingsweide-100gr","status":"publish","type":"product","link":"https:\/\/www.fleurop-home.ch\/de-ch\/p\/bodensee-bluetentraeume-nuetzlingsweide-100gr","title":{"rendered":"Bodensee Bl\u00fctentr\u00e4ume &#8218;N\u00fctzlingsweide&#8216; 100gr"},"content":{"rendered":"<p>www.bodensee-bluetentraeume.ch<br \/>\nVerwandeln sie langweilige Rabatten und pflegeintensive Rasenfl\u00e4chen in ein zauberhaftes Bl\u00fctenmeer.<br \/>\nEine Wohltat f\u00fcr jeden Betrachter und die Insekten!<\/p>\n<p>Inland \u00d6ko-Typen<\/p>\n<p>Kooperation n\u00fctzt am meisten<br \/>\nDie Saatgutmischung wird Ihnen im Rahmen einer gemeinsamen Aktion von den Olbstbauers Thurgau und Pro Natura Thurgau zur Verf\u00fcgung gestellt. Sie ist f\u00fcr die &#8211; Umgebung der Obstanlagen geeignet.<br \/>\nUnsere einj\u00e4hrige Bl\u00fchmischung mit einer grossen Anzahl einheimischer Arten:<br \/>\nKornrade, Dill, F\u00e4rber-Hundskamille, Kornblume, Echter Buchweizen, Klatschmohn, B\u00fcschelblume, Duftende Reseda, Alexandrinerklee, Schwedenklee, Inkarnatklee, Rotklee, Perserklee.<br \/>\nAussaatzeitpunkt: Die Aussaat kann je nach Witterung von Ende M\u00e4rz bis Juni erfolgen. Ausges\u00e4t werden kann in jeden gelockerten, r\u00fcckverfestigten Ackerboden.<br \/>\nAussaatmenge: 10 g\/m?<br \/>\nBl\u00fctezeit: Anfang Juni bis zum ersten Frost<br \/>\nSonstiges: Diese besondere Mischung ben\u00f6tigt auf fruchtbarem Boden keinerlei D\u00fcngung. Die Fl\u00e4che zur Einsaat sollte ca. 5 cm tief gelockert sein. Die Samenmenge kann durch Beigabe von Sand auf das 3- bis 5-fache des Volumens aufgemischt werden. Dadurch wird eine bessere Verteilung der Samen auf die Fl\u00e4che gew\u00e4hrleistet.<br \/>\nDie optimale Aussaattiefe betr\u00e4gt zwischen 0,5 und 1,5 cm. Die ersten 3-4 Wochen sollte auf gen\u00fcgend Feuchtigkeit geachtet werden.<\/p>\n","protected":false},"excerpt":{"rendered":"<p>einj\u00e4hrig<\/p>\n","protected":false},"featured_media":52098,"template":"","meta":[],"product_brand":[],"product_cat":[110,34,41],"product_tag":[289],"woo-feed-brand":[],"class_list":{"0":"post-52099","1":"product","2":"type-product","3":"status-publish","4":"has-post-thumbnail","6":"product_cat-samen","7":"product_cat-garten-balkon","8":"product_cat-outdoorpflanzen","9":"product_tag-blumengarten-kung-ag","11":"first","12":"instock","13":"taxable","14":"shipping-taxable","15":"purchasable","16":"product-type-simple"},"_links":{"self":[{"href":"https:\/\/www.fleurop-home.ch\/de-ch\/wp-json\/wp\/v2\/product\/52099","targetHints":{"allow":["GET"]}}],"collection":[{"href":"https:\/\/www.fleurop-home.ch\/de-ch\/wp-json\/wp\/v2\/product"}],"about":[{"href":"https:\/\/www.fleurop-home.ch\/de-ch\/wp-json\/wp\/v2\/types\/product"}],"wp:featuredmedia":[{"embeddable":true,"href":"https:\/\/www.fleurop-home.ch\/de-ch\/wp-json\/wp\/v2\/media\/52098"}],"wp:attachment":[{"href":"https:\/\/www.fleurop-home.ch\/de-ch\/wp-json\/wp\/v2\/media?parent=52099"}],"wp:term":[{"taxonomy":"product_brand","embeddable":true,"href":"https:\/\/www.fleurop-home.ch\/de-ch\/wp-json\/wp\/v2\/product_brand?post=52099"},{"taxonomy":"product_cat","embeddable":true,"href":"https:\/\/www.fleurop-home.ch\/de-ch\/wp-json\/wp\/v2\/product_cat?post=52099"},{"taxonomy":"product_tag","embeddable":true,"href":"https:\/\/www.fleurop-home.ch\/de-ch\/wp-json\/wp\/v2\/product_tag?post=52099"},{"taxonomy":"woo-feed-brand","embeddable":true,"href":"https:\/\/www.fleurop-home.ch\/de-ch\/wp-json\/wp\/v2\/woo-feed-brand?post=52099"}],"curies":[{"name":"wp","href":"https:\/\/api.w.org\/{rel}","templated":true}]}}