{"id":51821,"date":"2025-02-14T16:03:10","date_gmt":"2025-02-14T15:03:10","guid":{"rendered":"https:\/\/www.fleurop-home.ch\/de-ch\/?post_type=product&#038;p=51821"},"modified":"2026-04-01T15:39:13","modified_gmt":"2026-04-01T13:39:13","slug":"natural-set-sanfte-pflege-fuer-koerper-und-geist","status":"publish","type":"product","link":"https:\/\/www.fleurop-home.ch\/de-ch\/p\/natural-set-sanfte-pflege-fuer-koerper-und-geist","title":{"rendered":"&#171;NATURAL&#187; Set &#8211; Sanfte Pflege f\u00fcr K\u00f6rper und Geist"},"content":{"rendered":"<p data-start=\"145\" data-end=\"440\">Erlebe die wohltuende Kraft der Natur mit unserem <strong data-start=\"200\" data-end=\"215\">Natural SET von PRIMESTUDIOS<\/strong>\u00a0\u2013 eine harmonische Kombination aus milden, nat\u00fcrlichen und pflegenden D\u00fcften, die eine beruhigende und ausgleichende Wirkung auf K\u00f6rper und Geist haben. Perfekt f\u00fcr alle, die sich eine sanfte, aber effektive Pflege w\u00fcnschen.<\/p>\n<p data-start=\"442\" data-end=\"608\"><strong data-start=\"442\" data-end=\"452\">OLIVAE<\/strong> \u2013 Die sanfte Pflege des Oliven\u00f6ls verleiht Ihrer Haut Feuchtigkeit und geschmeidige Weichheit. Ideal f\u00fcr empfindliche Haut und eine regenerierende Wirkung.<\/p>\n<p data-start=\"610\" data-end=\"783\"><strong data-start=\"610\" data-end=\"623\">CALENDULA<\/strong> \u2013 Der heilende Duft der Calendula sorgt f\u00fcr eine wohltuende Beruhigung der Haut und lindert Irritationen, w\u00e4hrend er gleichzeitig die Haut beruhigt und pflegt.<\/p>\n<p data-start=\"785\" data-end=\"958\"><strong data-start=\"785\" data-end=\"793\">OVIS<\/strong> \u2013 Die wertvollen Inhaltsstoffe der Schafmilch bieten eine tiefgehende Pflege und st\u00e4rken die Hautbarriere. Ihre Haut f\u00fchlt sich weich, geschmeidig und entspannt an.<\/p>\n<p data-start=\"960\" data-end=\"1172\">G\u00f6nne dir oder deinen Liebsten eine Auszeit mit dem <strong data-start=\"1017\" data-end=\"1032\">Natural SET<\/strong> und geniesse sanfte Pflege, die deine Sinne verw\u00f6hnt. Ideal f\u00fcr Menschen, die Wert auf nat\u00fcrliche Inhaltsstoffe und sanfte Pflege legen.<\/p>\n","protected":false},"excerpt":{"rendered":"<p data-start=\"91\" data-end=\"143\"><strong data-start=\"91\" data-end=\"143\">Natural SET \u2013 Sanfte Pflege f\u00fcr K\u00f6rper und Geist<\/strong><\/p>\n","protected":false},"featured_media":53620,"template":"","meta":[],"product_brand":[],"product_cat":[49,1023,797,48,52,1224,53],"product_tag":[322],"woo-feed-brand":[],"class_list":{"0":"post-51821","1":"product","2":"type-product","3":"status-publish","4":"has-post-thumbnail","6":"product_cat-seifen","7":"product_cat-fuer-mama","8":"product_cat-muttertag","9":"product_cat-bad-wellness","10":"product_cat-geschenke","11":"product_cat-beauty-wellness","12":"product_cat-geschenksets","13":"product_tag-primestudios","15":"first","16":"instock","17":"taxable","18":"shipping-taxable","19":"purchasable","20":"product-type-simple"},"_links":{"self":[{"href":"https:\/\/www.fleurop-home.ch\/de-ch\/wp-json\/wp\/v2\/product\/51821","targetHints":{"allow":["GET"]}}],"collection":[{"href":"https:\/\/www.fleurop-home.ch\/de-ch\/wp-json\/wp\/v2\/product"}],"about":[{"href":"https:\/\/www.fleurop-home.ch\/de-ch\/wp-json\/wp\/v2\/types\/product"}],"wp:featuredmedia":[{"embeddable":true,"href":"https:\/\/www.fleurop-home.ch\/de-ch\/wp-json\/wp\/v2\/media\/53620"}],"wp:attachment":[{"href":"https:\/\/www.fleurop-home.ch\/de-ch\/wp-json\/wp\/v2\/media?parent=51821"}],"wp:term":[{"taxonomy":"product_brand","embeddable":true,"href":"https:\/\/www.fleurop-home.ch\/de-ch\/wp-json\/wp\/v2\/product_brand?post=51821"},{"taxonomy":"product_cat","embeddable":true,"href":"https:\/\/www.fleurop-home.ch\/de-ch\/wp-json\/wp\/v2\/product_cat?post=51821"},{"taxonomy":"product_tag","embeddable":true,"href":"https:\/\/www.fleurop-home.ch\/de-ch\/wp-json\/wp\/v2\/product_tag?post=51821"},{"taxonomy":"woo-feed-brand","embeddable":true,"href":"https:\/\/www.fleurop-home.ch\/de-ch\/wp-json\/wp\/v2\/woo-feed-brand?post=51821"}],"curies":[{"name":"wp","href":"https:\/\/api.w.org\/{rel}","templated":true}]}}