{"id":51395,"date":"2025-01-29T10:39:37","date_gmt":"2025-01-29T09:39:37","guid":{"rendered":"https:\/\/www.fleurop-home.ch\/de-ch\/?post_type=product&#038;p=51395"},"modified":"2025-10-13T09:42:14","modified_gmt":"2025-10-13T07:42:14","slug":"solarlaterne-antic-baccara","status":"publish","type":"product","link":"https:\/\/www.fleurop-home.ch\/de-ch\/p\/solarlaterne-antic-baccara","title":{"rendered":"Solarlaterne Antic Baccara"},"content":{"rendered":"<p>Erlebe gem\u00fctliche Abende im Freien mit der Solarlaterne &#171;Solar Antic Baccara&#187; in der Farbe Weiss. Diese elegante Laterne mit einem Durchmesser von 18 cm und einer H\u00f6he von 16 cm ist mit einem LED-Modul ausgestattet und wird durch Solarbetrieb mit warmem Weiss beleuchtet.<\/p>\n<p>Die Solarlaterne &#171;Solar Antic Baccara&#187; bietet eine einfache und umweltfreundliche L\u00f6sung f\u00fcr die Aussenbeleuchtung. Nachdem sie sich vollst\u00e4ndig aufgeladen hat, brennt sie etwa 6-8 Stunden und sorgt so f\u00fcr eine romantische und entspannende Atmosph\u00e4re.<\/p>\n<p>Ob auf dem Balkon, im Garten oder auf der Terrasse \u2013 diese Solarlaterne ist das perfekte Accessoire f\u00fcr alle, die ihre Freizeit im Freien geniessen m\u00f6chten.<\/p>\n","protected":false},"excerpt":{"rendered":"<p>Solarlaterne Antic Baccara in der Gr\u00f6sse 18x16cm<\/p>\n","protected":false},"featured_media":51387,"template":"","meta":[],"product_brand":[],"product_cat":[35,23,108,28,34],"product_tag":[983],"woo-feed-brand":[],"class_list":{"0":"post-51395","1":"product","2":"type-product","3":"status-publish","4":"has-post-thumbnail","6":"product_cat-gartendeko","7":"product_cat-home-living","8":"product_cat-lichterketten-laternen","9":"product_cat-kerzen-lichter","10":"product_cat-garten-balkon","11":"product_tag-selection-by-fleurophome","13":"first","14":"instock","15":"taxable","16":"shipping-taxable","17":"purchasable","18":"product-type-simple"},"_links":{"self":[{"href":"https:\/\/www.fleurop-home.ch\/de-ch\/wp-json\/wp\/v2\/product\/51395","targetHints":{"allow":["GET"]}}],"collection":[{"href":"https:\/\/www.fleurop-home.ch\/de-ch\/wp-json\/wp\/v2\/product"}],"about":[{"href":"https:\/\/www.fleurop-home.ch\/de-ch\/wp-json\/wp\/v2\/types\/product"}],"wp:featuredmedia":[{"embeddable":true,"href":"https:\/\/www.fleurop-home.ch\/de-ch\/wp-json\/wp\/v2\/media\/51387"}],"wp:attachment":[{"href":"https:\/\/www.fleurop-home.ch\/de-ch\/wp-json\/wp\/v2\/media?parent=51395"}],"wp:term":[{"taxonomy":"product_brand","embeddable":true,"href":"https:\/\/www.fleurop-home.ch\/de-ch\/wp-json\/wp\/v2\/product_brand?post=51395"},{"taxonomy":"product_cat","embeddable":true,"href":"https:\/\/www.fleurop-home.ch\/de-ch\/wp-json\/wp\/v2\/product_cat?post=51395"},{"taxonomy":"product_tag","embeddable":true,"href":"https:\/\/www.fleurop-home.ch\/de-ch\/wp-json\/wp\/v2\/product_tag?post=51395"},{"taxonomy":"woo-feed-brand","embeddable":true,"href":"https:\/\/www.fleurop-home.ch\/de-ch\/wp-json\/wp\/v2\/woo-feed-brand?post=51395"}],"curies":[{"name":"wp","href":"https:\/\/api.w.org\/{rel}","templated":true}]}}