{"id":51104,"date":"2025-01-20T15:01:52","date_gmt":"2025-01-20T14:01:52","guid":{"rendered":"https:\/\/www.fleurop-home.ch\/de-ch\/?post_type=product&#038;p=51104"},"modified":"2026-04-01T13:37:58","modified_gmt":"2026-04-01T11:37:58","slug":"geschenkset-ich-hab-dich-lieb","status":"publish","type":"product","link":"https:\/\/www.fleurop-home.ch\/de-ch\/p\/geschenkset-ich-hab-dich-lieb","title":{"rendered":"Holzkistli \u00abIch hab dich lieb\u00bb"},"content":{"rendered":"<p style=\"text-align: left;\">Eine liebevolle \u00dcberraschung! Das besondere Holzkistli ist gef\u00fcllt mit Feinem f\u00fcr einen gelungenen Brunch voller Genuss und Liebe: Enthalten sind unser feiner Fr\u00fcchtetee, unsere Gottlieber Minis der Traditionsmischung Pralin\u00e9, Mocca, Gianduja in s\u00fcssem Herz-Design sowie unser hausgemachter Brotaufstrich \u00abMorgens\u00fcnde\u00bb. Genau das Richtige zum Valentinstag oder f\u00fcrs Mami zum Muttertag.<\/p>\n<p>Alle Produkte sind vegan und palm\u00f6lfrei.<\/p>\n<p style=\"text-align: left;\"><strong>Inhalt:<br \/>\n<\/strong>1 Tradition Mini im Osterdesign (Mischung aus Pralin\u00e9, Mocca, Gianduja)<br \/>\nca. 37 Mini-H\u00fcppen (vegan), 150 g<br \/>\n1 Hausgemachter Brotaufstrich \u00abMorgens\u00fcnde (vegan), 300 g<br \/>\n1 Fr\u00fcchtetee \u00abFr\u00fcchterevolution\u00bb (vegan), 100 g<br \/>\n1 Zopfrezept f\u00fcr Oster-Brunch<br \/>\nHolzkistli mit Gottlieber-Logo (wiederverwendbar)<\/p>\n<p><strong>Masse<\/strong><br \/>\n220 x 300 x 110 mm<\/p>\n<p style=\"text-align: left;\"><a href=\"https:\/\/www.gottlieber.ch\/de\/online-shop\/naehrwertinformationen\" target=\"_blank\" rel=\"noopener\">N\u00e4hrwertinformationen und Allergikerhinweise<\/a><\/p>\n","protected":false},"excerpt":{"rendered":"<p>Gottlieber Holzkistli mit Fr\u00fcchtetee, Gottlieber Minis der Traditionsmischung und \u00abMorgens\u00fcnde\u00bb.<\/p>\n<p>&nbsp;<\/p>\n","protected":false},"featured_media":51105,"template":"","meta":[],"product_brand":[],"product_cat":[114,1023,797,42,885,52,1223,1225,53],"product_tag":[286],"woo-feed-brand":[],"class_list":{"0":"post-51104","1":"product","2":"type-product","3":"status-publish","4":"has-post-thumbnail","6":"product_cat-schokolade-sweets","7":"product_cat-fuer-mama","8":"product_cat-muttertag","9":"product_cat-kueche","10":"product_cat-koestlichkeiten","11":"product_cat-geschenke","12":"product_cat-anlaesse","13":"product_cat-genuss","14":"product_cat-geschenksets","15":"product_tag-gottlieber-spezialitaten-ag","17":"first","18":"instock","19":"taxable","20":"shipping-taxable","21":"purchasable","22":"product-type-simple"},"_links":{"self":[{"href":"https:\/\/www.fleurop-home.ch\/de-ch\/wp-json\/wp\/v2\/product\/51104","targetHints":{"allow":["GET"]}}],"collection":[{"href":"https:\/\/www.fleurop-home.ch\/de-ch\/wp-json\/wp\/v2\/product"}],"about":[{"href":"https:\/\/www.fleurop-home.ch\/de-ch\/wp-json\/wp\/v2\/types\/product"}],"wp:featuredmedia":[{"embeddable":true,"href":"https:\/\/www.fleurop-home.ch\/de-ch\/wp-json\/wp\/v2\/media\/51105"}],"wp:attachment":[{"href":"https:\/\/www.fleurop-home.ch\/de-ch\/wp-json\/wp\/v2\/media?parent=51104"}],"wp:term":[{"taxonomy":"product_brand","embeddable":true,"href":"https:\/\/www.fleurop-home.ch\/de-ch\/wp-json\/wp\/v2\/product_brand?post=51104"},{"taxonomy":"product_cat","embeddable":true,"href":"https:\/\/www.fleurop-home.ch\/de-ch\/wp-json\/wp\/v2\/product_cat?post=51104"},{"taxonomy":"product_tag","embeddable":true,"href":"https:\/\/www.fleurop-home.ch\/de-ch\/wp-json\/wp\/v2\/product_tag?post=51104"},{"taxonomy":"woo-feed-brand","embeddable":true,"href":"https:\/\/www.fleurop-home.ch\/de-ch\/wp-json\/wp\/v2\/woo-feed-brand?post=51104"}],"curies":[{"name":"wp","href":"https:\/\/api.w.org\/{rel}","templated":true}]}}