{"id":5083,"date":"2019-06-27T09:46:18","date_gmt":"2019-06-27T07:46:18","guid":{"rendered":"https:\/\/www.fleurop-home.ch\/?product=samenkugeln-sonnenblumen-6er"},"modified":"2026-04-22T11:01:27","modified_gmt":"2026-04-22T09:01:27","slug":"samenkugeln-sonnenblumen-6er","status":"publish","type":"product","link":"https:\/\/www.fleurop-home.ch\/de-ch\/p\/samenkugeln-sonnenblumen-6er","title":{"rendered":"Samenkugeln Sonnenblumen 6er"},"content":{"rendered":"<p>Die Samenkugeln enthalten div. Sonnenblumensamen. Die einj\u00e4hrigen Sonnenblumen entwickeln sich sehr schnell, sie bilden innert kurzer Zeit eine gelbe Bl\u00fctenpracht.<\/p>\n<p>&nbsp;<\/p>\n<p>Samenkugeln, Seedbombs, Seedballs, Samenbomben, Seed Bombs, Samenb\u00e4lle &#8211; sie haben viele Namen. Doch was sind Samenkugeln und wie werden sie hergestellt? Alle unsere\u00a0Samenkugeln werden vom\u00a0UrbanGardeningShop in Handarbeit hergestellt. Alles an\u00a0den Produkten ist handmade. Bei der Produktion verwenden\u00a0wir lediglich nat\u00fcrliche Produkte wie Lehm, Bio-Erde (ohne Torf) und Saatgut. Durch das Rollen von Hand ist jede Samenkugel einzigartig. Keine sieht genau gleich wie die andere aus, jede ist ein Naturprodukt. Verpackt werden die Samenkugeln in kleine Kartonschachteln.\u00a0Toll beschriftet, ideal als Geschenk oder um mit Kindern den Garten zu versch\u00f6nern.<\/p>\n<p><strong>Anleitung:<\/strong> Samenkugeln auswerfen oder gezielt an gew\u00fcnschten Orten leicht in den Boden dr\u00fccken. Um die Bl\u00fcte zu beschleunigen, kann man am Anfang etwas w\u00e4ssern. Den Rest macht die Natur von alleine.<br \/>\nSamenst\u00e4nde der Sonnenblumen im Winter stehen lassen. Die V\u00f6gel lieben die Sonnenblumenkerne als Winterfutter.<\/p>\n","protected":false},"excerpt":{"rendered":"<p>6er Set Samenkugeln. Schaffen Sie mit den Samenkugeln blumige Ecken, im Garten oder in Gef\u00e4ssen. Auch ideal f\u00fcr das G\u00e4rtnern mit Kindern.<\/p>\n","protected":false},"featured_media":5084,"template":"","meta":[],"product_brand":[],"product_cat":[110,1263,1023,1266,797,34,41],"product_tag":[287],"woo-feed-brand":[],"class_list":{"0":"post-5083","1":"product","2":"type-product","3":"status-publish","4":"has-post-thumbnail","6":"product_cat-samen","7":"product_cat-fleuropkids","8":"product_cat-fuer-mama","9":"product_cat-garten-outdoor","10":"product_cat-muttertag","11":"product_cat-garten-balkon","12":"product_cat-outdoorpflanzen","13":"product_tag-urbangardeningshop-ch","15":"first","16":"instock","17":"taxable","18":"shipping-taxable","19":"purchasable","20":"product-type-simple"},"_links":{"self":[{"href":"https:\/\/www.fleurop-home.ch\/de-ch\/wp-json\/wp\/v2\/product\/5083","targetHints":{"allow":["GET"]}}],"collection":[{"href":"https:\/\/www.fleurop-home.ch\/de-ch\/wp-json\/wp\/v2\/product"}],"about":[{"href":"https:\/\/www.fleurop-home.ch\/de-ch\/wp-json\/wp\/v2\/types\/product"}],"wp:featuredmedia":[{"embeddable":true,"href":"https:\/\/www.fleurop-home.ch\/de-ch\/wp-json\/wp\/v2\/media\/5084"}],"wp:attachment":[{"href":"https:\/\/www.fleurop-home.ch\/de-ch\/wp-json\/wp\/v2\/media?parent=5083"}],"wp:term":[{"taxonomy":"product_brand","embeddable":true,"href":"https:\/\/www.fleurop-home.ch\/de-ch\/wp-json\/wp\/v2\/product_brand?post=5083"},{"taxonomy":"product_cat","embeddable":true,"href":"https:\/\/www.fleurop-home.ch\/de-ch\/wp-json\/wp\/v2\/product_cat?post=5083"},{"taxonomy":"product_tag","embeddable":true,"href":"https:\/\/www.fleurop-home.ch\/de-ch\/wp-json\/wp\/v2\/product_tag?post=5083"},{"taxonomy":"woo-feed-brand","embeddable":true,"href":"https:\/\/www.fleurop-home.ch\/de-ch\/wp-json\/wp\/v2\/woo-feed-brand?post=5083"}],"curies":[{"name":"wp","href":"https:\/\/api.w.org\/{rel}","templated":true}]}}