{"id":5078,"date":"2019-06-27T06:47:52","date_gmt":"2019-06-27T06:47:52","guid":{"rendered":"https:\/\/www.fleurop-home.ch\/?product=samenkugeln-mohnzauber-6er"},"modified":"2025-04-01T07:14:34","modified_gmt":"2025-04-01T05:14:34","slug":"samenkugeln-mohnzauber-6er","status":"publish","type":"product","link":"https:\/\/www.fleurop-home.ch\/de-ch\/p\/samenkugeln-mohnzauber-6er","title":{"rendered":"Samenkugeln Mohnzauber 6er"},"content":{"rendered":"<p style=\"text-align: left\">M\u00f6gen Sie Mohn, dann sind es die richtigen Samenkugeln f\u00fcr Sie . Die Samenkugeln enthalten neben Klatschmohn Samen auch Seidenmohn, Samenkugeln, Seedbombs, Seedballs, Samenbomben, Seed Bombs, Samenb\u00e4lle &#8211; sie haben viele Namen. Doch was sind Samenkugeln und wie werden sie hergestellt? Alle unsere\u00a0Samenkugeln werden vom\u00a0UrbanGardeningShop in Handarbeit hergestellt. Alles an\u00a0den Produkten ist Handmade. Bei der Produktion verwenden\u00a0wir lediglich nat\u00fcrliche Produkte wie Lehm, Bio-Erde (ohne Torf) und Saatgut. Durch das Rollen von Hand ist jede Samenkugel einzigartig. Keine sieht genau gleich wie die andere aus, jede ist ein Naturprodukt. Verpackt werden die Samenkugeln in kleine Kartonschachteln.\u00a0Toll beschriftet, ideal als Geschenk oder um mit Kindern den Garten zu versch\u00f6nern.<\/p>\n<p style=\"text-align: left\"><strong>Anleitung:<\/strong><br \/>\nSamenkugeln im Garten auswerfen oder gezielt an gew\u00fcnschten Orten leicht in den Boden dr\u00fccken. Um die Bl\u00fcte zu beschleunigen, kann man am Anfang etwas w\u00e4ssern. Den Rest macht die Natur von alleine.<\/p>\n","protected":false},"excerpt":{"rendered":"<p>6er Set Samenkugeln. Die Samenkugeln enthalten neben Klatschmohn Samen auch Seidenmohn und viele andere tolle Bl\u00fctenpflanzen.<\/p>\n","protected":false},"featured_media":5079,"template":"","meta":[],"product_brand":[],"product_cat":[110,1023,797,1018,1026,34,41],"product_tag":[287],"woo-feed-brand":[],"class_list":{"0":"post-5078","1":"product","2":"type-product","3":"status-publish","4":"has-post-thumbnail","6":"product_cat-samen","7":"product_cat-fuer-mama","8":"product_cat-muttertag","9":"product_cat-ostern","10":"product_cat-osternest","11":"product_cat-garten-balkon","12":"product_cat-outdoorpflanzen","13":"product_tag-urbangardeningshop-ch","15":"first","16":"instock","17":"featured","18":"taxable","19":"shipping-taxable","20":"purchasable","21":"product-type-simple"},"_links":{"self":[{"href":"https:\/\/www.fleurop-home.ch\/de-ch\/wp-json\/wp\/v2\/product\/5078","targetHints":{"allow":["GET"]}}],"collection":[{"href":"https:\/\/www.fleurop-home.ch\/de-ch\/wp-json\/wp\/v2\/product"}],"about":[{"href":"https:\/\/www.fleurop-home.ch\/de-ch\/wp-json\/wp\/v2\/types\/product"}],"wp:featuredmedia":[{"embeddable":true,"href":"https:\/\/www.fleurop-home.ch\/de-ch\/wp-json\/wp\/v2\/media\/5079"}],"wp:attachment":[{"href":"https:\/\/www.fleurop-home.ch\/de-ch\/wp-json\/wp\/v2\/media?parent=5078"}],"wp:term":[{"taxonomy":"product_brand","embeddable":true,"href":"https:\/\/www.fleurop-home.ch\/de-ch\/wp-json\/wp\/v2\/product_brand?post=5078"},{"taxonomy":"product_cat","embeddable":true,"href":"https:\/\/www.fleurop-home.ch\/de-ch\/wp-json\/wp\/v2\/product_cat?post=5078"},{"taxonomy":"product_tag","embeddable":true,"href":"https:\/\/www.fleurop-home.ch\/de-ch\/wp-json\/wp\/v2\/product_tag?post=5078"},{"taxonomy":"woo-feed-brand","embeddable":true,"href":"https:\/\/www.fleurop-home.ch\/de-ch\/wp-json\/wp\/v2\/woo-feed-brand?post=5078"}],"curies":[{"name":"wp","href":"https:\/\/api.w.org\/{rel}","templated":true}]}}