{"id":5074,"date":"2019-06-27T08:35:09","date_gmt":"2019-06-27T06:35:09","guid":{"rendered":"https:\/\/www.fleurop-home.ch\/?product=samenkugeln-schmetterling-paradies-6er"},"modified":"2026-04-22T11:01:27","modified_gmt":"2026-04-22T09:01:27","slug":"samenkugeln-schmetterling-paradies-6er","status":"publish","type":"product","link":"https:\/\/www.fleurop-home.ch\/de-ch\/p\/samenkugeln-schmetterling-paradies-6er","title":{"rendered":"Samenkugeln Schmetterling Paradies 6er"},"content":{"rendered":"<p>Ideal f\u00fcr die F\u00f6rderung der Biodiversit\u00e4t!<br \/>\nMit bis zu 35 verschiedenen ein- und zweij\u00e4hrige Arten: Wilde M\u00f6hre, Kornblume, Kuhnelke, Gelbe Reseda, Wegwarte, Bisam-Malve, Echte Kamille, Klatschmohn, Kornrade, Acker-Rittersporn, Weisser Honigklee, Acker-Schwarzk\u00fcmmel, Grossbl\u00fctige K\u00f6nigskerze und viele mehr.<br \/>\nDie Samenkugeln enthalten nur einheimische Inland \u00d6kotypen aus biologischer Vermehrung.<\/p>\n<p>&nbsp;<\/p>\n<p>Samenkugeln, Seedbombs, Seedballs, Samenbomben, Seed Bombs, Samenb\u00e4lle &#8211; sie haben viele Namen. Doch was sind Samenkugeln und wie werden sie hergestellt? Alle unsere\u00a0Samenkugeln werden vom\u00a0UrbanGardeningShop in Handarbeit hergestellt. Alles an\u00a0den Produkten ist handmade. Bei der Produktion verwenden\u00a0wir lediglich nat\u00fcrliche Produkte wie Lehm, Bio-Erde (ohne Torf) und Saatgut. Durch das Rollen von Hand ist jede Samenkugel einzigartig. Keine sieht genau gleich wie die andere aus, jede ist ein Naturprodukt. Verpackt werden die Samenkugeln in kleine Kartonschachteln.\u00a0Toll beschriftet, ideal als Geschenk oder um mit Kindern den Garten zu versch\u00f6nern.<\/p>\n<p><strong>Anleitung:<\/strong> Samenkugeln auswerfen oder gezielt an gew\u00fcnschten Orten leicht in den Boden dr\u00fccken. Den Rest macht die Natur von alleine. Unterst\u00fctzen Sie so aktiv die Bienen und Schmetterlinge.<\/p>\n","protected":false},"excerpt":{"rendered":"<p>6er Set Samenkugeln zur F\u00f6rderung der Biodiversit\u00e4t! Schaffen Sie mit den Samenkugeln kleine Blumenoasen. Ideal f\u00fcr Schmetterlinge und Bienen.<\/p>\n","protected":false},"featured_media":5075,"template":"","meta":[],"product_brand":[],"product_cat":[110,1263,1023,1266,797,1018,1026,34,41],"product_tag":[287],"woo-feed-brand":[],"class_list":{"0":"post-5074","1":"product","2":"type-product","3":"status-publish","4":"has-post-thumbnail","6":"product_cat-samen","7":"product_cat-fleuropkids","8":"product_cat-fuer-mama","9":"product_cat-garten-outdoor","10":"product_cat-muttertag","11":"product_cat-ostern","12":"product_cat-osternest","13":"product_cat-garten-balkon","14":"product_cat-outdoorpflanzen","15":"product_tag-urbangardeningshop-ch","17":"first","18":"instock","19":"featured","20":"taxable","21":"shipping-taxable","22":"purchasable","23":"product-type-simple"},"_links":{"self":[{"href":"https:\/\/www.fleurop-home.ch\/de-ch\/wp-json\/wp\/v2\/product\/5074","targetHints":{"allow":["GET"]}}],"collection":[{"href":"https:\/\/www.fleurop-home.ch\/de-ch\/wp-json\/wp\/v2\/product"}],"about":[{"href":"https:\/\/www.fleurop-home.ch\/de-ch\/wp-json\/wp\/v2\/types\/product"}],"wp:featuredmedia":[{"embeddable":true,"href":"https:\/\/www.fleurop-home.ch\/de-ch\/wp-json\/wp\/v2\/media\/5075"}],"wp:attachment":[{"href":"https:\/\/www.fleurop-home.ch\/de-ch\/wp-json\/wp\/v2\/media?parent=5074"}],"wp:term":[{"taxonomy":"product_brand","embeddable":true,"href":"https:\/\/www.fleurop-home.ch\/de-ch\/wp-json\/wp\/v2\/product_brand?post=5074"},{"taxonomy":"product_cat","embeddable":true,"href":"https:\/\/www.fleurop-home.ch\/de-ch\/wp-json\/wp\/v2\/product_cat?post=5074"},{"taxonomy":"product_tag","embeddable":true,"href":"https:\/\/www.fleurop-home.ch\/de-ch\/wp-json\/wp\/v2\/product_tag?post=5074"},{"taxonomy":"woo-feed-brand","embeddable":true,"href":"https:\/\/www.fleurop-home.ch\/de-ch\/wp-json\/wp\/v2\/woo-feed-brand?post=5074"}],"curies":[{"name":"wp","href":"https:\/\/api.w.org\/{rel}","templated":true}]}}