{"id":5051,"date":"2019-06-17T15:03:45","date_gmt":"2019-06-17T15:03:45","guid":{"rendered":"https:\/\/www.fleurop-home.ch\/?product=gartenschere-layat-happy-line-lila"},"modified":"2026-04-01T14:06:50","modified_gmt":"2026-04-01T12:06:50","slug":"gartenschere-layat-happy-line-lila","status":"publish","type":"product","link":"https:\/\/www.fleurop-home.ch\/de-ch\/p\/gartenschere-layat-happy-line-lila","title":{"rendered":"Gartenschere LAYAT Happy Line lila"},"content":{"rendered":"<p style=\"text-align: left;\">Die kleinen Mehrzweckscheren von LAYAT, eignen sich ideal um Blumen und andere Sachen im Haus und Garten\u00a0zu schneiden. Die trendigen Farben und die superscharfen INOX Klingen, machen diese Scheren zum unverzichtbaren Artikel f\u00fcr Jedermann.<br \/>\n<strong>Achtung<\/strong>, ganze B\u00e4ume kann man damit nicht schneiden, aber sonst fast alles!<\/p>\n","protected":false},"excerpt":{"rendered":"<p>Kleine Gartenschere mit gebogener Klinge aus INOX. Lila, Gr\u00f6sse 155 mm. Ideal f\u00fcr Blumen, Rosen und d\u00fcnne \u00c4ste.<\/p>\n","protected":false},"featured_media":5052,"template":"","meta":[],"product_brand":[],"product_cat":[39,1023,797,34,1062],"product_tag":[287],"woo-feed-brand":[],"class_list":{"0":"post-5051","1":"product","2":"type-product","3":"status-publish","4":"has-post-thumbnail","6":"product_cat-gartenzubehoer","7":"product_cat-fuer-mama","8":"product_cat-muttertag","9":"product_cat-garten-balkon","10":"product_cat-gartenwerkzeug","11":"product_tag-urbangardeningshop-ch","13":"first","14":"instock","15":"taxable","16":"shipping-taxable","17":"purchasable","18":"product-type-simple"},"_links":{"self":[{"href":"https:\/\/www.fleurop-home.ch\/de-ch\/wp-json\/wp\/v2\/product\/5051","targetHints":{"allow":["GET"]}}],"collection":[{"href":"https:\/\/www.fleurop-home.ch\/de-ch\/wp-json\/wp\/v2\/product"}],"about":[{"href":"https:\/\/www.fleurop-home.ch\/de-ch\/wp-json\/wp\/v2\/types\/product"}],"wp:featuredmedia":[{"embeddable":true,"href":"https:\/\/www.fleurop-home.ch\/de-ch\/wp-json\/wp\/v2\/media\/5052"}],"wp:attachment":[{"href":"https:\/\/www.fleurop-home.ch\/de-ch\/wp-json\/wp\/v2\/media?parent=5051"}],"wp:term":[{"taxonomy":"product_brand","embeddable":true,"href":"https:\/\/www.fleurop-home.ch\/de-ch\/wp-json\/wp\/v2\/product_brand?post=5051"},{"taxonomy":"product_cat","embeddable":true,"href":"https:\/\/www.fleurop-home.ch\/de-ch\/wp-json\/wp\/v2\/product_cat?post=5051"},{"taxonomy":"product_tag","embeddable":true,"href":"https:\/\/www.fleurop-home.ch\/de-ch\/wp-json\/wp\/v2\/product_tag?post=5051"},{"taxonomy":"woo-feed-brand","embeddable":true,"href":"https:\/\/www.fleurop-home.ch\/de-ch\/wp-json\/wp\/v2\/woo-feed-brand?post=5051"}],"curies":[{"name":"wp","href":"https:\/\/api.w.org\/{rel}","templated":true}]}}