{"id":5011,"date":"2019-05-31T10:28:35","date_gmt":"2019-05-31T08:28:35","guid":{"rendered":"https:\/\/www.fleurop-home.ch\/?product=gottlieber-geschenkset-gourmet-ii"},"modified":"2026-04-01T13:37:58","modified_gmt":"2026-04-01T11:37:58","slug":"gottlieber-geschenkset-gourmet-ii","status":"publish","type":"product","link":"https:\/\/www.fleurop-home.ch\/de-ch\/p\/gottlieber-geschenkset-gourmet-ii","title":{"rendered":"Gottlieber Holzkistli \u00abGourmet II\u00bb"},"content":{"rendered":"<p>Das Gourmet-Holzkistli geht in Runde zwei. Wiederum gef\u00fcllt mit drei exquisiten Gottlieber Spezialit\u00e4ten, erfreut das Geschenkset Gourmet II die Seele und den Gaumen gleichermassen. Gefertigt werden die unvergleichlichen Holzkistli in einer sozialen Werkst\u00e4tte.<\/p>\n<p>Die Gottlieber \u00abMorgens\u00fcnde\u00bb &#8211; unser hausgemachte Brotaufstrich aus feinster Pralin\u00e9cr\u00e8me, angereichert mit H\u00fcppenst\u00fcckchen und Schweizer Alpensalz. Dazu ein S\u00e4ckli ger\u00f6steter Gottlieber Cacaomandeln, die sorgf\u00e4ltig mit feinster Schokolade umh\u00fcllt und edlem Cacaopulver best\u00e4ubt werden. Begleitet wird das s\u00fcsse Duo von unserem \u00abHerzschmeichler\u00bb \u2013 einem Chai\u00a0aus Yogi- und Schwarztee.<\/p>\n<p><strong>Inhalt<\/strong><br \/>\n1 Gottlieber \u00abMorgens\u00fcnde\u00bb (vegan), 300 g<br \/>\n1 Chaitee \u00abHerzschmeichler\u00bb (vegan), 180 g<br \/>\n180g Cacaomandeln<\/p>\n<p><strong>Masse<\/strong><br \/>\n220 x 300 x 110 mm<\/p>\n<p><a href=\"https:\/\/www.gottlieber.ch\/de\/online-shop\/naehrwertinformationen\" target=\"_blank\" rel=\"noopener\"> N\u00e4hrwertinformationen und Allergikerhinweise<\/a><\/p>\n","protected":false},"excerpt":{"rendered":"<p>Originelles Holzkistli mit einer \u00abMorgens\u00fcnde\u00bb, einem S\u00e4ckli Cacaomandeln sowie einem Fr\u00fcchtetee.<\/p>\n","protected":false},"featured_media":45154,"template":"","meta":[],"product_brand":[],"product_cat":[114,1023,1001,797,984,993,999,909,916,42,885,52,1225,53],"product_tag":[286],"woo-feed-brand":[],"class_list":{"0":"post-5011","1":"product","2":"type-product","3":"status-publish","4":"has-post-thumbnail","6":"product_cat-schokolade-sweets","7":"product_cat-fuer-mama","8":"product_cat-leckereien","9":"product_cat-muttertag","10":"product_cat-silvester","11":"product_cat-silvestergeschenke","12":"product_cat-valentinstag","13":"product_cat-weihnachten","14":"product_cat-praesente","15":"product_cat-kueche","16":"product_cat-koestlichkeiten","17":"product_cat-geschenke","18":"product_cat-genuss","19":"product_cat-geschenksets","20":"product_tag-gottlieber-spezialitaten-ag","22":"first","23":"instock","24":"featured","25":"taxable","26":"shipping-taxable","27":"purchasable","28":"product-type-simple"},"_links":{"self":[{"href":"https:\/\/www.fleurop-home.ch\/de-ch\/wp-json\/wp\/v2\/product\/5011","targetHints":{"allow":["GET"]}}],"collection":[{"href":"https:\/\/www.fleurop-home.ch\/de-ch\/wp-json\/wp\/v2\/product"}],"about":[{"href":"https:\/\/www.fleurop-home.ch\/de-ch\/wp-json\/wp\/v2\/types\/product"}],"wp:featuredmedia":[{"embeddable":true,"href":"https:\/\/www.fleurop-home.ch\/de-ch\/wp-json\/wp\/v2\/media\/45154"}],"wp:attachment":[{"href":"https:\/\/www.fleurop-home.ch\/de-ch\/wp-json\/wp\/v2\/media?parent=5011"}],"wp:term":[{"taxonomy":"product_brand","embeddable":true,"href":"https:\/\/www.fleurop-home.ch\/de-ch\/wp-json\/wp\/v2\/product_brand?post=5011"},{"taxonomy":"product_cat","embeddable":true,"href":"https:\/\/www.fleurop-home.ch\/de-ch\/wp-json\/wp\/v2\/product_cat?post=5011"},{"taxonomy":"product_tag","embeddable":true,"href":"https:\/\/www.fleurop-home.ch\/de-ch\/wp-json\/wp\/v2\/product_tag?post=5011"},{"taxonomy":"woo-feed-brand","embeddable":true,"href":"https:\/\/www.fleurop-home.ch\/de-ch\/wp-json\/wp\/v2\/woo-feed-brand?post=5011"}],"curies":[{"name":"wp","href":"https:\/\/api.w.org\/{rel}","templated":true}]}}