{"id":5001,"date":"2019-05-28T17:04:31","date_gmt":"2019-05-28T15:04:31","guid":{"rendered":"https:\/\/www.fleurop-home.ch\/?product=gottlieber-schmuckdose-gottlieben"},"modified":"2025-12-02T11:31:10","modified_gmt":"2025-12-02T10:31:10","slug":"gottlieber-schmuckdose-gottlieben","status":"publish","type":"product","link":"https:\/\/www.fleurop-home.ch\/de-ch\/p\/gottlieber-schmuckdose-gottlieben","title":{"rendered":"Gottlieber Schmuckdose \u00abGottlieben\u00bb"},"content":{"rendered":"<p>Beinahe mystisch scheint dieser Stich vom mittelalterlichen Gottlieben anno 1864. Die Fischer sind gem\u00e4chlich bei der Arbeit, w\u00e4hrend im Hintergrund ein Segelschiff treibt und ein paar V\u00f6gel leise ihre Kreise ziehen.<\/p>\n<p>Die Schmuckdose \u00abGottlieben\u00bb ist gef\u00fcllt mit 56 feinsten Gottlieber H\u00fcppen der Traditionsmischung (Pralin\u00e9, Mocca, Gianduja).<\/p>\n<p>Seit Januar 2023 sind die H\u00fcppen unserer Traditionsmischung vegan und palm\u00f6lfrei.<\/p>\n<p style=\"text-align: left\"><strong>H\u00fcppen-F\u00fcllung<\/strong><br \/>\nPralin\u00e9, Mocca, Gianduja<\/p>\n<p><strong>Inhalt<\/strong><br \/>\n56 H\u00fcppen (vegan), 840 g<\/p>\n<p><strong>Masse<\/strong><br \/>\n240 x 160 x 85 mm<\/p>\n<div class=\"ce_text block\">\n<p><a href=\"https:\/\/www.gottlieber.ch\/de\/online-shop\/naehrwertinformationen\" target=\"_blank\" rel=\"noopener\">N\u00e4hrwertinformationen und Allergikerhinweise<\/a><\/p>\n<div class=\"ce_text block\" style=\"text-align: left\">\n<h3><\/h3>\n<\/div>\n<\/div>\n","protected":false},"excerpt":{"rendered":"<p>Wundersch\u00f6ner Stich des mittelalterlichen D\u00f6rfchens Gottlieben. Gef\u00fcllt mit 56 Gottlieber H\u00fcppen der Traditionsmischung (Pralin\u00e9, Mocca, Gianduja).<\/p>\n","protected":false},"featured_media":51643,"template":"","meta":[],"product_brand":[],"product_cat":[114,1090,1088,42,885,52,54],"product_tag":[286],"woo-feed-brand":[],"class_list":{"0":"post-5001","1":"product","2":"type-product","3":"status-publish","4":"has-post-thumbnail","6":"product_cat-schokolade-sweets","7":"product_cat-geniesser","8":"product_cat-vatertag","9":"product_cat-kueche","10":"product_cat-koestlichkeiten","11":"product_cat-geschenke","12":"product_cat-feinkost","13":"product_tag-gottlieber-spezialitaten-ag","15":"first","16":"instock","17":"taxable","18":"shipping-taxable","19":"purchasable","20":"product-type-simple"},"_links":{"self":[{"href":"https:\/\/www.fleurop-home.ch\/de-ch\/wp-json\/wp\/v2\/product\/5001","targetHints":{"allow":["GET"]}}],"collection":[{"href":"https:\/\/www.fleurop-home.ch\/de-ch\/wp-json\/wp\/v2\/product"}],"about":[{"href":"https:\/\/www.fleurop-home.ch\/de-ch\/wp-json\/wp\/v2\/types\/product"}],"wp:featuredmedia":[{"embeddable":true,"href":"https:\/\/www.fleurop-home.ch\/de-ch\/wp-json\/wp\/v2\/media\/51643"}],"wp:attachment":[{"href":"https:\/\/www.fleurop-home.ch\/de-ch\/wp-json\/wp\/v2\/media?parent=5001"}],"wp:term":[{"taxonomy":"product_brand","embeddable":true,"href":"https:\/\/www.fleurop-home.ch\/de-ch\/wp-json\/wp\/v2\/product_brand?post=5001"},{"taxonomy":"product_cat","embeddable":true,"href":"https:\/\/www.fleurop-home.ch\/de-ch\/wp-json\/wp\/v2\/product_cat?post=5001"},{"taxonomy":"product_tag","embeddable":true,"href":"https:\/\/www.fleurop-home.ch\/de-ch\/wp-json\/wp\/v2\/product_tag?post=5001"},{"taxonomy":"woo-feed-brand","embeddable":true,"href":"https:\/\/www.fleurop-home.ch\/de-ch\/wp-json\/wp\/v2\/woo-feed-brand?post=5001"}],"curies":[{"name":"wp","href":"https:\/\/api.w.org\/{rel}","templated":true}]}}