{"id":4998,"date":"2019-05-28T16:58:38","date_gmt":"2019-05-28T14:58:38","guid":{"rendered":"https:\/\/www.fleurop-home.ch\/?product=gottlieber-retro-schmuckdose"},"modified":"2025-12-02T11:31:08","modified_gmt":"2025-12-02T10:31:08","slug":"gottlieber-retro-schmuckdose-schloss-gottlieben","status":"publish","type":"product","link":"https:\/\/www.fleurop-home.ch\/de-ch\/p\/gottlieber-retro-schmuckdose-schloss-gottlieben","title":{"rendered":"Gottlieber Retro-Schmuckdose \u00abSchloss Gottlieben\u00bb"},"content":{"rendered":"<p>Harmonische Stille in Gottlieben. Unser Blick schweift \u00fcber den klaren Seerhein auf das Schloss Gottlieben, gelegen am \u00f6stlichen Rand der kleinen Gemeinde. Die Aufnahme von anno 1860 l\u00e4dt zum Tr\u00e4umen ein und macht die neu designte Retro-Dose mit grazil ausgearbeiteten Details zu einem echten Hingucker. Gef\u00fcllt mit der Traditionsmischung.<\/p>\n<p>Seit Januar 2023 sind die H\u00fcppen unserer Traditionsmischung vegan und palm\u00f6lfrei.<\/p>\n<p style=\"text-align: left\"><strong>H\u00fcppen-F\u00fcllung<\/strong><br \/>\nPralin\u00e9, Mocca, Gianduja<\/p>\n<p style=\"text-align: left\"><strong>Inhalt<\/strong><br \/>\n28 H\u00fcppen (vegan), 420 g<\/p>\n<p style=\"text-align: left\"><strong>Masse<\/strong><br \/>\n240 x 160 x 55 mm<\/p>\n<div class=\"ce_text block\">\n<p><a href=\"https:\/\/www.gottlieber.ch\/de\/online-shop\/naehrwertinformationen\" target=\"_blank\" rel=\"noopener\">N\u00e4hrwertinformationen und Allergikerhinweise<\/a><\/p>\n<\/div>\n","protected":false},"excerpt":{"rendered":"<p>Gef\u00fcllt mit 28 Gottlieber H\u00fcppen der Traditionsmischung (Pralin\u00e9, Mocca, Gianduja).<\/p>\n","protected":false},"featured_media":4999,"template":"","meta":[],"product_brand":[],"product_cat":[42,114,885,52,54],"product_tag":[286],"woo-feed-brand":[],"class_list":{"0":"post-4998","1":"product","2":"type-product","3":"status-publish","4":"has-post-thumbnail","6":"product_cat-kueche","7":"product_cat-schokolade-sweets","8":"product_cat-koestlichkeiten","9":"product_cat-geschenke","10":"product_cat-feinkost","11":"product_tag-gottlieber-spezialitaten-ag","13":"first","14":"instock","15":"taxable","16":"shipping-taxable","17":"purchasable","18":"product-type-simple"},"_links":{"self":[{"href":"https:\/\/www.fleurop-home.ch\/de-ch\/wp-json\/wp\/v2\/product\/4998","targetHints":{"allow":["GET"]}}],"collection":[{"href":"https:\/\/www.fleurop-home.ch\/de-ch\/wp-json\/wp\/v2\/product"}],"about":[{"href":"https:\/\/www.fleurop-home.ch\/de-ch\/wp-json\/wp\/v2\/types\/product"}],"wp:featuredmedia":[{"embeddable":true,"href":"https:\/\/www.fleurop-home.ch\/de-ch\/wp-json\/wp\/v2\/media\/4999"}],"wp:attachment":[{"href":"https:\/\/www.fleurop-home.ch\/de-ch\/wp-json\/wp\/v2\/media?parent=4998"}],"wp:term":[{"taxonomy":"product_brand","embeddable":true,"href":"https:\/\/www.fleurop-home.ch\/de-ch\/wp-json\/wp\/v2\/product_brand?post=4998"},{"taxonomy":"product_cat","embeddable":true,"href":"https:\/\/www.fleurop-home.ch\/de-ch\/wp-json\/wp\/v2\/product_cat?post=4998"},{"taxonomy":"product_tag","embeddable":true,"href":"https:\/\/www.fleurop-home.ch\/de-ch\/wp-json\/wp\/v2\/product_tag?post=4998"},{"taxonomy":"woo-feed-brand","embeddable":true,"href":"https:\/\/www.fleurop-home.ch\/de-ch\/wp-json\/wp\/v2\/woo-feed-brand?post=4998"}],"curies":[{"name":"wp","href":"https:\/\/api.w.org\/{rel}","templated":true}]}}