{"id":4989,"date":"2019-05-22T16:56:11","date_gmt":"2019-05-22T14:56:11","guid":{"rendered":"https:\/\/www.fleurop-home.ch\/?product=gottlieber-geschenkset-ewigi-liebi"},"modified":"2026-02-26T18:27:38","modified_gmt":"2026-02-26T17:27:38","slug":"gottlieber-geschenkset-goba-ewigi-liebi","status":"publish","type":"product","link":"https:\/\/www.fleurop-home.ch\/de-ch\/p\/gottlieber-geschenkset-goba-ewigi-liebi","title":{"rendered":"Gottlieber Geschenkset Goba \u00abEwigi Liebi\u00bb"},"content":{"rendered":"<p>Gottlieber Geschenkset Ewigi Liebi mit einem S\u00e4ckli fruchtiger Himbeer H\u00fcppen und einem Ewigi Liebi Sirup, produziert von der Goba Mineralquelle in Appenzell. Ein vollmundig-fruchtiger Himbeersirup mit einem charmanten Hauch von Lavendel.<\/p>\n<p>Sirup Anwendungsinspirationen: Einfach pur mit Mineral. Fein in einer fruchtigen Salatsauce, um den Prosecco zu spritzen oder auch als Veredlung eines Desserts wie Muffins oder Panna Cotta.<\/p>\n<p>Die Goba Mineralquelle und Manufaktur geh\u00f6rt zu den kleinsten eigenst\u00e4ndigen Mineralwasserproduzentinnen der Schweiz. Im Appenzellerland stellt sie erstklassige Naturprodukte her &#8211; erfrischende Durstl\u00f6scher, feine Bitter, edle Lik\u00f6re und allerlei aus regionalen Kr\u00e4utern. Die Freude am Aust\u00fcfteln neuer Rezepturen, die am Herd von Gabriela Mansers Grosseltern ihren Anfang genommen hat, l\u00e4sst in der Goba Manufaktur immer wieder neue Fr\u00fcchte tragen.<\/p>\n<p>Gabriela Manser, CEO Goba AG \u00fcber die neue Geschenk-Kombi: \u00abWeil wir Gottlieber H\u00fcppen sch\u00e4tzen &#8211; ein Miteinander das Freude macht.\u00bb<\/p>\n<p style=\"text-align: left;\"><strong>H\u00fcppen-F\u00fcllung<\/strong><br \/>\nHimbeere<\/p>\n<p style=\"text-align: left;\"><strong>Inhalt<\/strong><br \/>\n10 H\u00fcppen, 150 g<br \/>\n1 Ewigi Liebi Sirup, 25 cl<\/p>\n<p><strong>Masse<\/strong><br \/>\n220 x 210 x 90 mm<\/p>\n<p style=\"text-align: left;\"><a href=\"https:\/\/www.gottlieber.ch\/de\/online-shop\/naehrwertinformationen\" target=\"_blank\" rel=\"noopener\"> N\u00e4hrwertinformationen und Allergikerhinweise<\/a><\/p>\n","protected":false},"excerpt":{"rendered":"<p>Edle Geschenk-Kollektion mit einem S\u00e4ckli fruchtiger Himbeer H\u00fcppen und einem einem Ewigi Liebi Sirup.<\/p>\n","protected":false},"featured_media":75237,"template":"","meta":[],"product_brand":[],"product_cat":[53,42,115,114,885,52,1225],"product_tag":[147,286],"woo-feed-brand":[],"class_list":{"0":"post-4989","1":"product","2":"type-product","3":"status-publish","4":"has-post-thumbnail","6":"product_cat-geschenksets","7":"product_cat-kueche","8":"product_cat-spirituosen","9":"product_cat-schokolade-sweets","10":"product_cat-koestlichkeiten","11":"product_cat-geschenke","12":"product_cat-genuss","13":"product_tag-alkohol","14":"product_tag-gottlieber-spezialitaten-ag","16":"first","17":"instock","18":"taxable","19":"shipping-taxable","20":"purchasable","21":"product-type-simple"},"_links":{"self":[{"href":"https:\/\/www.fleurop-home.ch\/de-ch\/wp-json\/wp\/v2\/product\/4989","targetHints":{"allow":["GET"]}}],"collection":[{"href":"https:\/\/www.fleurop-home.ch\/de-ch\/wp-json\/wp\/v2\/product"}],"about":[{"href":"https:\/\/www.fleurop-home.ch\/de-ch\/wp-json\/wp\/v2\/types\/product"}],"wp:featuredmedia":[{"embeddable":true,"href":"https:\/\/www.fleurop-home.ch\/de-ch\/wp-json\/wp\/v2\/media\/75237"}],"wp:attachment":[{"href":"https:\/\/www.fleurop-home.ch\/de-ch\/wp-json\/wp\/v2\/media?parent=4989"}],"wp:term":[{"taxonomy":"product_brand","embeddable":true,"href":"https:\/\/www.fleurop-home.ch\/de-ch\/wp-json\/wp\/v2\/product_brand?post=4989"},{"taxonomy":"product_cat","embeddable":true,"href":"https:\/\/www.fleurop-home.ch\/de-ch\/wp-json\/wp\/v2\/product_cat?post=4989"},{"taxonomy":"product_tag","embeddable":true,"href":"https:\/\/www.fleurop-home.ch\/de-ch\/wp-json\/wp\/v2\/product_tag?post=4989"},{"taxonomy":"woo-feed-brand","embeddable":true,"href":"https:\/\/www.fleurop-home.ch\/de-ch\/wp-json\/wp\/v2\/woo-feed-brand?post=4989"}],"curies":[{"name":"wp","href":"https:\/\/api.w.org\/{rel}","templated":true}]}}