{"id":4986,"date":"2019-05-21T15:08:42","date_gmt":"2019-05-21T13:08:42","guid":{"rendered":"https:\/\/www.fleurop-home.ch\/?product=gottlieber-geschenkset-goba-orange"},"modified":"2026-02-26T18:08:10","modified_gmt":"2026-02-26T17:08:10","slug":"gottlieber-geschenkset-goba-orange","status":"publish","type":"product","link":"https:\/\/www.fleurop-home.ch\/de-ch\/p\/gottlieber-geschenkset-goba-orange","title":{"rendered":"Gottlieber Geschenkset Goba \u00abOrange\u00bb"},"content":{"rendered":"<p>Gottlieber Geschenkset Goba Orange mit einem S\u00e4ckli fruchtiger Gianduja-Orange H\u00fcppen\u00a0und einem Bitter Orange Lik\u00f6r, produziert von der Goba Mineralquelle in Appenzell.\u00a0Ein Lik\u00f6r verfeinert mit Cognac\u00a0(35 % Vol.).\u00a0Eine feurige Veredelung von feinen Desserts.<\/p>\n<p>Die Goba Mineralquelle und Manufaktur geh\u00f6rt zu den kleinsten eigenst\u00e4ndigen Mineralwasserproduzentinnen der Schweiz. Im Appenzellerland stellt sie erstklassige Naturprodukte her &#8211; erfrischende Durstl\u00f6scher, feine Bitter, edle Lik\u00f6re und allerlei aus regionalen Kr\u00e4utern. Die Freude am Aust\u00fcfteln neuer Rezepturen, die am Herd von Gabriela Mansers Grosseltern ihren Anfang genommen hat, l\u00e4sst in der Goba Manufaktur immer wieder neue Fr\u00fcchte tragen.<\/p>\n<p>Gabriela Manser, CEO Goba AG \u00fcber die neue Geschenk-Kombi:\u00a0\u00abWeil wir Gottlieber H\u00fcppen sch\u00e4tzen &#8211; ein Miteinander das Freude macht.\u00bb<\/p>\n<p style=\"text-align: left;\"><strong>H\u00fcppen-F\u00fcllung<\/strong><br \/>\nVanille, Caramel, Mandel<\/p>\n<p style=\"text-align: left;\"><strong>Inhalt<\/strong><br \/>\n10 H\u00fcppen, 150 g<br \/>\n1 Lik\u00f6r Bitter Orange No. 15, 35% Vol., 25 cl<\/p>\n<p style=\"text-align: left;\"><strong>Masse<\/strong><br \/>\n220 x 210 x 90 mm<\/p>\n<p style=\"text-align: left;\"><a href=\"https:\/\/www.gottlieber.ch\/de\/online-shop\/naehrwertinformationen\" target=\"_blank\" rel=\"noopener\"> N\u00e4hrwertinformationen und Allergikerhinweise<\/a><\/p>\n","protected":false},"excerpt":{"rendered":"<p>Edle Geschenk-Kollektion mit einem S\u00e4ckli fruchtiger Gianduja-Orange H\u00fcppen und einem Goba Bitter Orange Lik\u00f6r.<\/p>\n","protected":false},"featured_media":75226,"template":"","meta":[],"product_brand":[],"product_cat":[53,1090,910,984,993,1088,909,916,42,115,114,885,52,1225],"product_tag":[147,286],"woo-feed-brand":[],"class_list":{"0":"post-4986","1":"product","2":"type-product","3":"status-publish","4":"has-post-thumbnail","6":"product_cat-geschenksets","7":"product_cat-geniesser","8":"product_cat-geschenkideen","9":"product_cat-silvester","10":"product_cat-silvestergeschenke","11":"product_cat-vatertag","12":"product_cat-weihnachten","13":"product_cat-praesente","14":"product_cat-kueche","15":"product_cat-spirituosen","16":"product_cat-schokolade-sweets","17":"product_cat-koestlichkeiten","18":"product_cat-geschenke","19":"product_cat-genuss","20":"product_tag-alkohol","21":"product_tag-gottlieber-spezialitaten-ag","23":"first","24":"instock","25":"featured","26":"taxable","27":"shipping-taxable","28":"purchasable","29":"product-type-simple"},"_links":{"self":[{"href":"https:\/\/www.fleurop-home.ch\/de-ch\/wp-json\/wp\/v2\/product\/4986","targetHints":{"allow":["GET"]}}],"collection":[{"href":"https:\/\/www.fleurop-home.ch\/de-ch\/wp-json\/wp\/v2\/product"}],"about":[{"href":"https:\/\/www.fleurop-home.ch\/de-ch\/wp-json\/wp\/v2\/types\/product"}],"wp:featuredmedia":[{"embeddable":true,"href":"https:\/\/www.fleurop-home.ch\/de-ch\/wp-json\/wp\/v2\/media\/75226"}],"wp:attachment":[{"href":"https:\/\/www.fleurop-home.ch\/de-ch\/wp-json\/wp\/v2\/media?parent=4986"}],"wp:term":[{"taxonomy":"product_brand","embeddable":true,"href":"https:\/\/www.fleurop-home.ch\/de-ch\/wp-json\/wp\/v2\/product_brand?post=4986"},{"taxonomy":"product_cat","embeddable":true,"href":"https:\/\/www.fleurop-home.ch\/de-ch\/wp-json\/wp\/v2\/product_cat?post=4986"},{"taxonomy":"product_tag","embeddable":true,"href":"https:\/\/www.fleurop-home.ch\/de-ch\/wp-json\/wp\/v2\/product_tag?post=4986"},{"taxonomy":"woo-feed-brand","embeddable":true,"href":"https:\/\/www.fleurop-home.ch\/de-ch\/wp-json\/wp\/v2\/woo-feed-brand?post=4986"}],"curies":[{"name":"wp","href":"https:\/\/api.w.org\/{rel}","templated":true}]}}