{"id":4983,"date":"2019-05-21T15:03:13","date_gmt":"2019-05-21T13:03:13","guid":{"rendered":"https:\/\/www.fleurop-home.ch\/?product=gottlieber-geschenkset-italien"},"modified":"2026-02-05T14:32:15","modified_gmt":"2026-02-05T13:32:15","slug":"gottlieber-geschenkset-italien","status":"publish","type":"product","link":"https:\/\/www.fleurop-home.ch\/de-ch\/p\/gottlieber-geschenkset-italien","title":{"rendered":"Gottlieber Geschenkset \u00abItalien\u00bb"},"content":{"rendered":"<p>Unsere Retro-Schmuckdose Gottlieben mit einem Amarone Colonna Ducale.<\/p>\n<p>Die Retro-Schmuckdose Gottlieben ist mit 28 Pralin\u00e9, Mocca, Gianduja H\u00fcppen gef\u00fcllt und verzaubert mit ihrem malerischen Motiv: Harmonische Stille in Gottlieben. Unser Blick schweift \u00fcber den klaren Seerhein auf das Schloss Gottlieben, gelegen am \u00f6stlichen Rand der kleinen Gemeinde. Die Aufnahme von anno 1860 l\u00e4dt zum Tr\u00e4umen ein und macht die Retro-Dose mit grazil ausgearbeiteten Details zu einem echten Hingucker.<\/p>\n<p>Der Amarone begeistert im Glas mit vielschichtigen Aromen von Marmelade, getrockneten Blumen, Tabak und Schokolade. Intensiv und m\u00e4chtig am Gaumen, mit sehr viel konzentrierter Frucht. Sehr langanhaltender Abgang. Intensives Rubinrot.<\/p>\n<p style=\"text-align: left;\">H\u00fcppen-F\u00fcllung<br \/>\nPralin\u00e9, Mocca, Gianduja<\/p>\n<p style=\"text-align: left;\"><strong>Inhalt<\/strong><br \/>\n28 H\u00fcppen, 420 g<br \/>\n1 Wein Amarone Colonna Ducale, 15% Vol, 75cl<\/p>\n<p style=\"text-align: left;\"><strong>Masse<\/strong><br \/>\n365 x 380 x 98 mm<\/p>\n<p style=\"text-align: left;\"><a href=\"https:\/\/www.gottlieber.ch\/de\/online-shop\/naehrwertinformationen\" target=\"_blank\" rel=\"noopener\"> N\u00e4hrwertinformationen und Allergikerhinweise<\/a><\/p>\n","protected":false},"excerpt":{"rendered":"<p>Edle Geschenk-Kollektion mit einer Gottlieber Retro-Schmuckdose und einer Flasche Amarone.<\/p>\n","protected":false},"featured_media":50238,"template":"","meta":[],"product_brand":[],"product_cat":[53,909,916,42,115,114,885,52,1225],"product_tag":[147,286],"woo-feed-brand":[],"class_list":{"0":"post-4983","1":"product","2":"type-product","3":"status-publish","4":"has-post-thumbnail","6":"product_cat-geschenksets","7":"product_cat-weihnachten","8":"product_cat-praesente","9":"product_cat-kueche","10":"product_cat-spirituosen","11":"product_cat-schokolade-sweets","12":"product_cat-koestlichkeiten","13":"product_cat-geschenke","14":"product_cat-genuss","15":"product_tag-alkohol","16":"product_tag-gottlieber-spezialitaten-ag","18":"first","19":"instock","20":"taxable","21":"shipping-taxable","22":"purchasable","23":"product-type-simple"},"_links":{"self":[{"href":"https:\/\/www.fleurop-home.ch\/de-ch\/wp-json\/wp\/v2\/product\/4983","targetHints":{"allow":["GET"]}}],"collection":[{"href":"https:\/\/www.fleurop-home.ch\/de-ch\/wp-json\/wp\/v2\/product"}],"about":[{"href":"https:\/\/www.fleurop-home.ch\/de-ch\/wp-json\/wp\/v2\/types\/product"}],"wp:featuredmedia":[{"embeddable":true,"href":"https:\/\/www.fleurop-home.ch\/de-ch\/wp-json\/wp\/v2\/media\/50238"}],"wp:attachment":[{"href":"https:\/\/www.fleurop-home.ch\/de-ch\/wp-json\/wp\/v2\/media?parent=4983"}],"wp:term":[{"taxonomy":"product_brand","embeddable":true,"href":"https:\/\/www.fleurop-home.ch\/de-ch\/wp-json\/wp\/v2\/product_brand?post=4983"},{"taxonomy":"product_cat","embeddable":true,"href":"https:\/\/www.fleurop-home.ch\/de-ch\/wp-json\/wp\/v2\/product_cat?post=4983"},{"taxonomy":"product_tag","embeddable":true,"href":"https:\/\/www.fleurop-home.ch\/de-ch\/wp-json\/wp\/v2\/product_tag?post=4983"},{"taxonomy":"woo-feed-brand","embeddable":true,"href":"https:\/\/www.fleurop-home.ch\/de-ch\/wp-json\/wp\/v2\/woo-feed-brand?post=4983"}],"curies":[{"name":"wp","href":"https:\/\/api.w.org\/{rel}","templated":true}]}}