{"id":4980,"date":"2019-05-21T14:59:32","date_gmt":"2019-05-21T12:59:32","guid":{"rendered":"https:\/\/www.fleurop-home.ch\/?product=gottlieber-geschenkset-spanien"},"modified":"2026-02-26T18:14:08","modified_gmt":"2026-02-26T17:14:08","slug":"gottlieber-geschenkset-spanien","status":"publish","type":"product","link":"https:\/\/www.fleurop-home.ch\/de-ch\/p\/gottlieber-geschenkset-spanien","title":{"rendered":"Gottlieber Geschenkset \u00abSpanien\u00bb"},"content":{"rendered":"<p>Die Gottlieber Traditionsmischung (vegan und palm\u00f6lfrei) begleitet von einem aromatischen Whisky-Wine, der 18 Monate in gebrauchten Whisky-F\u00e4chern gereift ist.<\/p>\n<p>Javier Rodriguez z\u00e4hlt zu den begnadetsten Winemakern Spaniens und ist der Erfinder des Whisky-Weins, eines einzigartigen Weins, der in gebrauchten Whisky-F\u00e4ssern ausgebaut wird. Der 5. Jahrgang vom Whisky-Wine zeigt sich in der Nase von seiner besten Seite, sehr aromatisch und zug\u00e4nglich, intensive Noten von reifen schwarzen Fr\u00fcchten, Gew\u00fcrzen, Schokolade und einem Touch Rauch. Im Gaumen unheimlich aromatisch mit feinsten, samtigen Tanninen, eine wuchtige F\u00fclle an schwarzer Kirschenfrucht, die mit einer typischen Cherrynote unterlegt ist. Die Aromen des Whisky-Fasses verleihen dem Wein eine zus\u00e4tzliche Dimension. Trinktemperatur: 16-18 Grad.<\/p>\n<p>Unsere Traditionsmischung (vegan &amp; palm\u00f6lfrei seit Januar 2023) in den Farben rot, gr\u00fcn und blau ist seit vielen Jahren bei Jung und Alt beliebt und der Gottlieber Topseller schlechthin. Die zartschmelzende Pralin\u00e9-F\u00fcllung wird aus ger\u00f6steten Haseln\u00fcssen und hochwertiger Kakaomasse erstellt. Dies ist auch die Basis der Mocca-F\u00fcllung, welche zus\u00e4tzlich mit feinstem Arabica-Kaffee angereichert wird. Die Gianduja-F\u00fcllung besticht durch einen herrlichen Geschmack von ger\u00f6steten Haseln\u00fcssen und verf\u00fchrt zudem mit Couverture aus dunkler Bio-Schokolade. Der perfekte Begleiter zum aromatisch intensiven Whisky-Wine.<\/p>\n<p style=\"text-align: left;\"><strong>H\u00fcppen-F\u00fcllung<\/strong><br \/>\nPralin\u00e9, Mocca, Gianduja<\/p>\n<p style=\"text-align: left;\"><strong>Inhalt<\/strong><br \/>\n20 H\u00fcppen, 300 g<br \/>\n1 Rodriguez Sanzo 2019 Whisky-Wine Tempranillo, IGP Castilla y Leon, 75 cl<\/p>\n<p style=\"text-align: left;\"><strong>Masse<\/strong><br \/>\n365 x 380 x 98 mm<\/p>\n<p style=\"text-align: left;\"><a href=\"https:\/\/www.gottlieber.ch\/de\/online-shop\/naehrwertinformationen\" target=\"_blank\" rel=\"noopener\"> N\u00e4hrwertinformationen und Allergikerhinweise<\/a><\/p>\n","protected":false},"excerpt":{"rendered":"<p>Edle Geschenk-Kollektion mit einer 20er-Packung Gottlieber H\u00fcppen der beliebten Traditionsmischung (Pralin\u00e9, Mocca, Gianduja) und einer Flasche Rodriguez Sanzo (Whisky-Wine Tempranillo).<\/p>\n","protected":false},"featured_media":75230,"template":"","meta":[],"product_brand":[],"product_cat":[53,909,916,42,115,114,885,52,1225],"product_tag":[147,286],"woo-feed-brand":[],"class_list":{"0":"post-4980","1":"product","2":"type-product","3":"status-publish","4":"has-post-thumbnail","6":"product_cat-geschenksets","7":"product_cat-weihnachten","8":"product_cat-praesente","9":"product_cat-kueche","10":"product_cat-spirituosen","11":"product_cat-schokolade-sweets","12":"product_cat-koestlichkeiten","13":"product_cat-geschenke","14":"product_cat-genuss","15":"product_tag-alkohol","16":"product_tag-gottlieber-spezialitaten-ag","18":"first","19":"instock","20":"taxable","21":"shipping-taxable","22":"purchasable","23":"product-type-simple"},"_links":{"self":[{"href":"https:\/\/www.fleurop-home.ch\/de-ch\/wp-json\/wp\/v2\/product\/4980","targetHints":{"allow":["GET"]}}],"collection":[{"href":"https:\/\/www.fleurop-home.ch\/de-ch\/wp-json\/wp\/v2\/product"}],"about":[{"href":"https:\/\/www.fleurop-home.ch\/de-ch\/wp-json\/wp\/v2\/types\/product"}],"wp:featuredmedia":[{"embeddable":true,"href":"https:\/\/www.fleurop-home.ch\/de-ch\/wp-json\/wp\/v2\/media\/75230"}],"wp:attachment":[{"href":"https:\/\/www.fleurop-home.ch\/de-ch\/wp-json\/wp\/v2\/media?parent=4980"}],"wp:term":[{"taxonomy":"product_brand","embeddable":true,"href":"https:\/\/www.fleurop-home.ch\/de-ch\/wp-json\/wp\/v2\/product_brand?post=4980"},{"taxonomy":"product_cat","embeddable":true,"href":"https:\/\/www.fleurop-home.ch\/de-ch\/wp-json\/wp\/v2\/product_cat?post=4980"},{"taxonomy":"product_tag","embeddable":true,"href":"https:\/\/www.fleurop-home.ch\/de-ch\/wp-json\/wp\/v2\/product_tag?post=4980"},{"taxonomy":"woo-feed-brand","embeddable":true,"href":"https:\/\/www.fleurop-home.ch\/de-ch\/wp-json\/wp\/v2\/woo-feed-brand?post=4980"}],"curies":[{"name":"wp","href":"https:\/\/api.w.org\/{rel}","templated":true}]}}