{"id":4977,"date":"2019-05-21T13:42:09","date_gmt":"2019-05-21T11:42:09","guid":{"rendered":"https:\/\/www.fleurop-home.ch\/?product=gottlieber-geschenkset-champagner"},"modified":"2026-02-26T18:19:11","modified_gmt":"2026-02-26T17:19:11","slug":"gottlieber-geschenkset-champagner","status":"publish","type":"product","link":"https:\/\/www.fleurop-home.ch\/de-ch\/p\/gottlieber-geschenkset-champagner","title":{"rendered":"Gottlieber Geschenkset \u00abChampagner\u00bb"},"content":{"rendered":"<p>Wie f\u00fcreinander geschaffen! Das Geschenkset Champagner ist eine Kombination der Gottlieber Traditionsmischung (vegan und palm\u00f6lfrei) mit H\u00fcppen der Varianten Pralin\u00e9, Mocca und Gianduja und einer Flasche prickelndem Champagner G.H. Mumm Grand Cordon (Frankreich). Die beiden geben nicht nur optisch ein Traumpaar ab.<\/p>\n<p>Unsere Gottlieber Traditionsmischung mit 30 H\u00fcppen der Varianten Pralin\u00e9, Mocca und Gianduja in blau, gr\u00fcn und rot ist seit vielen Jahren bei Jung und Alt beliebt und der Gottlieber Topseller schlechthin. Der perfekte knusprig-s\u00fcsse Begleiter zu einem gem\u00fctlichen Glas G.H. Mumm Grand Cordon &#8211; einem Pinot Noir in seiner energetischsten Form.<\/p>\n<p>Geniesse vollmundige Aromen reifer Pfirsiche, Aprikosen und Ananas, gepaart mit einem Hauch von Vanille und Karamell, Hefe, Trockenfr\u00fcchten und Honig.<\/p>\n<p>Die Cuv\u00e9e aus 45% Pinot Noir sorgen f\u00fcr Kraft und Struktur, 30% Chardonnay liefern Eleganz und Mineralit\u00e4t, 25% Pinot Meunier tragen zur weiteren Abrundung und Ausgewogenheit bei. Die durch Reserva-Weine (rund 30%) zugef\u00fchrte Tiefe und Komplexit\u00e4t bringen Best\u00e4ndigkeit und Schwung in die endg\u00fcltige C\u00fcv\u00e9etierung.<\/p>\n<p><strong>H\u00fcppen-F\u00fcllung<\/strong><br \/>\nPralin\u00e9, Mocca, Gianduja<\/p>\n<p><strong>Inhalt<\/strong><br \/>\n30 H\u00fcppen, 450 g<br \/>\n1 Champagner G.H. Mumm Grand Cordon, Frankreich, 12,5% Vol., 75 cl<\/p>\n<p><strong>Masse<\/strong><br \/>\n365 x 380 x 98 mm<\/p>\n<p style=\"text-align: left;\"><a href=\"https:\/\/www.gottlieber.ch\/de\/online-shop\/naehrwertinformationen\" target=\"_blank\" rel=\"noopener\"> N\u00e4hrwertinformationen und Allergikerhinweise<\/a><\/p>\n","protected":false},"excerpt":{"rendered":"<p>Edle Geschenk-Kollektion mit einer 30er-Packung Gottlieber H\u00fcppen der beliebten Traditionsmischung (Pralin\u00e9, Mocca, Gianduja) und einer Flasche Mumm Champagner.<\/p>\n","protected":false},"featured_media":75235,"template":"","meta":[],"product_brand":[],"product_cat":[53,1003,1090,910,984,993,999,1088,909,916,42,115,114,885,52,1225],"product_tag":[147,286],"woo-feed-brand":[],"class_list":{"0":"post-4977","1":"product","2":"type-product","3":"status-publish","4":"has-post-thumbnail","6":"product_cat-geschenksets","7":"product_cat-fuer-sie","8":"product_cat-geniesser","9":"product_cat-geschenkideen","10":"product_cat-silvester","11":"product_cat-silvestergeschenke","12":"product_cat-valentinstag","13":"product_cat-vatertag","14":"product_cat-weihnachten","15":"product_cat-praesente","16":"product_cat-kueche","17":"product_cat-spirituosen","18":"product_cat-schokolade-sweets","19":"product_cat-koestlichkeiten","20":"product_cat-geschenke","21":"product_cat-genuss","22":"product_tag-alkohol","23":"product_tag-gottlieber-spezialitaten-ag","25":"first","26":"instock","27":"taxable","28":"shipping-taxable","29":"purchasable","30":"product-type-simple"},"_links":{"self":[{"href":"https:\/\/www.fleurop-home.ch\/de-ch\/wp-json\/wp\/v2\/product\/4977","targetHints":{"allow":["GET"]}}],"collection":[{"href":"https:\/\/www.fleurop-home.ch\/de-ch\/wp-json\/wp\/v2\/product"}],"about":[{"href":"https:\/\/www.fleurop-home.ch\/de-ch\/wp-json\/wp\/v2\/types\/product"}],"wp:featuredmedia":[{"embeddable":true,"href":"https:\/\/www.fleurop-home.ch\/de-ch\/wp-json\/wp\/v2\/media\/75235"}],"wp:attachment":[{"href":"https:\/\/www.fleurop-home.ch\/de-ch\/wp-json\/wp\/v2\/media?parent=4977"}],"wp:term":[{"taxonomy":"product_brand","embeddable":true,"href":"https:\/\/www.fleurop-home.ch\/de-ch\/wp-json\/wp\/v2\/product_brand?post=4977"},{"taxonomy":"product_cat","embeddable":true,"href":"https:\/\/www.fleurop-home.ch\/de-ch\/wp-json\/wp\/v2\/product_cat?post=4977"},{"taxonomy":"product_tag","embeddable":true,"href":"https:\/\/www.fleurop-home.ch\/de-ch\/wp-json\/wp\/v2\/product_tag?post=4977"},{"taxonomy":"woo-feed-brand","embeddable":true,"href":"https:\/\/www.fleurop-home.ch\/de-ch\/wp-json\/wp\/v2\/woo-feed-brand?post=4977"}],"curies":[{"name":"wp","href":"https:\/\/api.w.org\/{rel}","templated":true}]}}