{"id":4974,"date":"2019-05-21T13:33:23","date_gmt":"2019-05-21T11:33:23","guid":{"rendered":"https:\/\/www.fleurop-home.ch\/?product=gottlieber-geschenkset-black-white"},"modified":"2026-02-05T14:31:37","modified_gmt":"2026-02-05T13:31:37","slug":"gottlieber-geschenkset-black-white","status":"publish","type":"product","link":"https:\/\/www.fleurop-home.ch\/de-ch\/p\/gottlieber-geschenkset-black-white","title":{"rendered":"Gottlieber Geschenkset \u00abBlack &amp; White\u00bb"},"content":{"rendered":"<div class=\"description\">\n<p>Das Geschenkset \u00abBlack &amp; White\u00bb bietet f\u00fcr jeden Geschmack etwas: Liebhaber der dunklen Schokolade werden mit den Black Special Grand Cru Mini-H\u00fcppen verw\u00f6hnt. Wer es lieber exotisch und leicht mag, geniesst die sahnig-frischen Noix de Coco Mini-H\u00fcppen. Abgerundet wird die edle Kollektion mit den beliebten Gottlieber Haseln\u00fcssen und Cacaomandeln.<\/p>\n<\/div>\n<p style=\"text-align: left;\"><strong>H\u00fcppen-F\u00fcllung<\/strong><br \/>\nNoix de Coco, Black Special Grand Cru<\/p>\n<p style=\"text-align: left;\"><strong>Inhalt<\/strong><br \/>\n22 Mini-H\u00fcppen Noix de Coco, 85 g<br \/>\n22 Mini-H\u00fcppen Black Special Grand Cru, 95 g<br \/>\nHaseln\u00fcsse mit weisser Schokolade, 200 g<br \/>\nCacaomandeln, 200 g<\/p>\n<p><strong>Masse<\/strong><br \/>\n365 x 380 x 98 mm<\/p>\n<p style=\"text-align: left;\"><a href=\"https:\/\/www.gottlieber.ch\/de\/online-shop\/naehrwertinformationen\" target=\"_blank\" rel=\"noopener\"> N\u00e4hrwertinformationen und Allergikerhinweise<\/a><\/p>\n","protected":false},"excerpt":{"rendered":"<p>Edle Geschenk-Kollektion aus dem Hause Gottlieber mit Noix de Coco und Black Special Grand Cru Mini-H\u00fcppen sowie je einer Dose Cacaomandeln und Haseln\u00fcsse.<\/p>\n","protected":false},"featured_media":40513,"template":"","meta":[],"product_brand":[],"product_cat":[114,42,885,52,1225,53],"product_tag":[286],"woo-feed-brand":[],"class_list":{"0":"post-4974","1":"product","2":"type-product","3":"status-publish","4":"has-post-thumbnail","6":"product_cat-schokolade-sweets","7":"product_cat-kueche","8":"product_cat-koestlichkeiten","9":"product_cat-geschenke","10":"product_cat-genuss","11":"product_cat-geschenksets","12":"product_tag-gottlieber-spezialitaten-ag","14":"first","15":"instock","16":"taxable","17":"shipping-taxable","18":"purchasable","19":"product-type-simple"},"_links":{"self":[{"href":"https:\/\/www.fleurop-home.ch\/de-ch\/wp-json\/wp\/v2\/product\/4974","targetHints":{"allow":["GET"]}}],"collection":[{"href":"https:\/\/www.fleurop-home.ch\/de-ch\/wp-json\/wp\/v2\/product"}],"about":[{"href":"https:\/\/www.fleurop-home.ch\/de-ch\/wp-json\/wp\/v2\/types\/product"}],"wp:featuredmedia":[{"embeddable":true,"href":"https:\/\/www.fleurop-home.ch\/de-ch\/wp-json\/wp\/v2\/media\/40513"}],"wp:attachment":[{"href":"https:\/\/www.fleurop-home.ch\/de-ch\/wp-json\/wp\/v2\/media?parent=4974"}],"wp:term":[{"taxonomy":"product_brand","embeddable":true,"href":"https:\/\/www.fleurop-home.ch\/de-ch\/wp-json\/wp\/v2\/product_brand?post=4974"},{"taxonomy":"product_cat","embeddable":true,"href":"https:\/\/www.fleurop-home.ch\/de-ch\/wp-json\/wp\/v2\/product_cat?post=4974"},{"taxonomy":"product_tag","embeddable":true,"href":"https:\/\/www.fleurop-home.ch\/de-ch\/wp-json\/wp\/v2\/product_tag?post=4974"},{"taxonomy":"woo-feed-brand","embeddable":true,"href":"https:\/\/www.fleurop-home.ch\/de-ch\/wp-json\/wp\/v2\/woo-feed-brand?post=4974"}],"curies":[{"name":"wp","href":"https:\/\/api.w.org\/{rel}","templated":true}]}}