{"id":4961,"date":"2019-05-10T13:25:08","date_gmt":"2019-05-10T11:25:08","guid":{"rendered":"https:\/\/www.fleurop-home.ch\/?product=munz-prugeli-weiss-23g-megapack"},"modified":"2025-09-22T12:09:17","modified_gmt":"2025-09-22T10:09:17","slug":"munz-prugeli-weiss-23g-megapack","status":"publish","type":"product","link":"https:\/\/www.fleurop-home.ch\/de-ch\/p\/munz-prugeli-weiss-23g-megapack","title":{"rendered":"Munz Pr\u00fcgeli weiss 23g Megapack"},"content":{"rendered":"<p style=\"text-align: left\">Feinste Pralin\u00e9f\u00fcllung umh\u00fcllt von weisser Schokolade \u2013 ein Traum f\u00fcr jeden Schoggi-Liebhaber. Das Geheimnis: die ger\u00f6steten Haselnusssplitter verleihen dem Schokoladenst\u00e4ngel ein ganz besonderes Aroma. Und ganz nebenbei, l\u00e4sst es sich auch ganz gut mit Freunden teilen.<\/p>\n<h3 style=\"text-align: left\"><strong>Inhalt:<\/strong><\/h3>\n<p style=\"text-align: left\">33x Munz Pr\u00fcgeli Weiss 23g<\/p>\n<h3 style=\"text-align: left\"><strong>Zutaten:<\/strong><\/h3>\n<p style=\"text-align: left\">Zucker, Kakaobutter, VollMILCHpulver, HASELN\u00dcSSE 10% (Splitter, gemahlen), Kakaomasse, MagerMILCHpulver, Pflanzenfett (Sheabutter, Sonnenblumen\u00f6l), SOJAmehl, MANDELN, Emulgator (SOJA-Lezithin), Vanilleextrakt.<\/p>\n<h3 style=\"text-align: left\"><strong>N\u00e4hrwerte (100g enthalten)<\/strong><\/h3>\n<p>Hergestellt in der Schweiz durch die Maestrani Schweizer Schokoladen AG.<\/p>\n<table style=\"float: left\" width=\"350\">\n<tbody>\n<tr>\n<td>Energiewert<\/td>\n<td>2388 kJ (573) kcal<\/td>\n<\/tr>\n<tr>\n<td>Fett<\/td>\n<td>38g<\/td>\n<\/tr>\n<tr>\n<td>davon ges\u00e4ttigte Fetts\u00e4uren<\/td>\n<td>18g<\/td>\n<\/tr>\n<tr>\n<td>\u00a0Kohlenhydrate<\/td>\n<td>49g<\/td>\n<\/tr>\n<tr>\n<td>\u00a0davon Zucker<\/td>\n<td>47g<\/td>\n<\/tr>\n<tr>\n<td>\u00a0Eiweiss<\/td>\n<td>8.1g<\/td>\n<\/tr>\n<tr>\n<td>Salz<\/td>\n<td>0.2g<\/td>\n<\/tr>\n<\/tbody>\n<\/table>\n<p style=\"text-align: left\">\n","protected":false},"excerpt":{"rendered":"<p>Munz Pr\u00fcgeli weiss 23g Megapack (33 Pr\u00fcgeli \u00e0 23g)<\/p>\n","protected":false},"featured_media":35398,"template":"","meta":[],"product_brand":[],"product_cat":[114,42,885],"product_tag":[285],"woo-feed-brand":[],"class_list":{"0":"post-4961","1":"product","2":"type-product","3":"status-publish","4":"has-post-thumbnail","6":"product_cat-schokolade-sweets","7":"product_cat-kueche","8":"product_cat-koestlichkeiten","9":"product_tag-maestrani-schweizer-schokoladen-ag","11":"first","12":"instock","13":"taxable","14":"shipping-taxable","15":"purchasable","16":"product-type-simple"},"_links":{"self":[{"href":"https:\/\/www.fleurop-home.ch\/de-ch\/wp-json\/wp\/v2\/product\/4961","targetHints":{"allow":["GET"]}}],"collection":[{"href":"https:\/\/www.fleurop-home.ch\/de-ch\/wp-json\/wp\/v2\/product"}],"about":[{"href":"https:\/\/www.fleurop-home.ch\/de-ch\/wp-json\/wp\/v2\/types\/product"}],"wp:featuredmedia":[{"embeddable":true,"href":"https:\/\/www.fleurop-home.ch\/de-ch\/wp-json\/wp\/v2\/media\/35398"}],"wp:attachment":[{"href":"https:\/\/www.fleurop-home.ch\/de-ch\/wp-json\/wp\/v2\/media?parent=4961"}],"wp:term":[{"taxonomy":"product_brand","embeddable":true,"href":"https:\/\/www.fleurop-home.ch\/de-ch\/wp-json\/wp\/v2\/product_brand?post=4961"},{"taxonomy":"product_cat","embeddable":true,"href":"https:\/\/www.fleurop-home.ch\/de-ch\/wp-json\/wp\/v2\/product_cat?post=4961"},{"taxonomy":"product_tag","embeddable":true,"href":"https:\/\/www.fleurop-home.ch\/de-ch\/wp-json\/wp\/v2\/product_tag?post=4961"},{"taxonomy":"woo-feed-brand","embeddable":true,"href":"https:\/\/www.fleurop-home.ch\/de-ch\/wp-json\/wp\/v2\/woo-feed-brand?post=4961"}],"curies":[{"name":"wp","href":"https:\/\/api.w.org\/{rel}","templated":true}]}}