{"id":49307,"date":"2024-11-29T05:11:13","date_gmt":"2024-11-29T04:11:13","guid":{"rendered":"https:\/\/www.fleurop-home.ch\/de-ch\/?post_type=product&#038;p=49307"},"modified":"2026-04-01T13:59:13","modified_gmt":"2026-04-01T11:59:13","slug":"etagere-belleville","status":"publish","type":"product","link":"https:\/\/www.fleurop-home.ch\/de-ch\/p\/etagere-belleville","title":{"rendered":"Etagere Belleville"},"content":{"rendered":"<p>Entdecke die warme Ausstrahlung und nat\u00fcrliche Sch\u00f6nheit der <strong>Etagere Belleville<\/strong> aus Holz. Dieses stilvolle St\u00fcck ist perfekt, um deine Lieblingsdekorationsartikel zu pr\u00e4sentieren und jedem Raum eine gem\u00fctliche und elegante Note zu verleihen.<\/p>\n","protected":false},"excerpt":{"rendered":"<p>3er Etagere mit dunklen Platten und schwarzer Halterung. Edel chic und praktisch!<\/p>\n","protected":false},"featured_media":49308,"template":"","meta":[],"product_brand":[],"product_cat":[1107,23,1022,1000,1190,797,1019,1018,999,30,42,1104,43],"product_tag":[983],"woo-feed-brand":[],"class_list":{"0":"post-49307","1":"product","2":"type-product","3":"status-publish","4":"has-post-thumbnail","6":"product_cat-etageren","7":"product_cat-home-living","8":"product_cat-brunch","9":"product_cat-valentinstagsdeko","10":"product_cat-dekoobjekte","11":"product_cat-muttertag","12":"product_cat-osterbrunch","13":"product_cat-ostern","14":"product_cat-valentinstag","15":"product_cat-deko-accessoires","16":"product_cat-kueche","17":"product_cat-tischakzente","18":"product_cat-gedeckter-tisch","19":"product_tag-selection-by-fleurophome","21":"first","22":"instock","23":"taxable","24":"shipping-taxable","25":"purchasable","26":"product-type-simple"},"_links":{"self":[{"href":"https:\/\/www.fleurop-home.ch\/de-ch\/wp-json\/wp\/v2\/product\/49307","targetHints":{"allow":["GET"]}}],"collection":[{"href":"https:\/\/www.fleurop-home.ch\/de-ch\/wp-json\/wp\/v2\/product"}],"about":[{"href":"https:\/\/www.fleurop-home.ch\/de-ch\/wp-json\/wp\/v2\/types\/product"}],"wp:featuredmedia":[{"embeddable":true,"href":"https:\/\/www.fleurop-home.ch\/de-ch\/wp-json\/wp\/v2\/media\/49308"}],"wp:attachment":[{"href":"https:\/\/www.fleurop-home.ch\/de-ch\/wp-json\/wp\/v2\/media?parent=49307"}],"wp:term":[{"taxonomy":"product_brand","embeddable":true,"href":"https:\/\/www.fleurop-home.ch\/de-ch\/wp-json\/wp\/v2\/product_brand?post=49307"},{"taxonomy":"product_cat","embeddable":true,"href":"https:\/\/www.fleurop-home.ch\/de-ch\/wp-json\/wp\/v2\/product_cat?post=49307"},{"taxonomy":"product_tag","embeddable":true,"href":"https:\/\/www.fleurop-home.ch\/de-ch\/wp-json\/wp\/v2\/product_tag?post=49307"},{"taxonomy":"woo-feed-brand","embeddable":true,"href":"https:\/\/www.fleurop-home.ch\/de-ch\/wp-json\/wp\/v2\/woo-feed-brand?post=49307"}],"curies":[{"name":"wp","href":"https:\/\/api.w.org\/{rel}","templated":true}]}}