{"id":48226,"date":"2024-12-09T10:41:23","date_gmt":"2024-12-09T09:41:23","guid":{"rendered":"https:\/\/www.fleurop-home.ch\/de-ch\/p\/taschengrtel-tamerice-one-size-man-woman-anthracite"},"modified":"2025-05-12T14:42:19","modified_gmt":"2025-05-12T12:42:19","slug":"taschenguertel-tamerice-one-size-man-woman-anthracite","status":"publish","type":"product","link":"https:\/\/www.fleurop-home.ch\/de-ch\/p\/taschenguertel-tamerice-one-size-man-woman-anthracite","title":{"rendered":"Tascheng\u00fcrtel TAMERICE One Size Man Woman Anthracite"},"content":{"rendered":"<p>Der praktische G\u00fcrtel Tamerice verf\u00fcgt \u00fcber eine Taillenverstellung. Die drei Taschen, aus denen er besteht, sind abnehmbar, sodass du die Anordnung des G\u00fcrtels je nach Bedarf \u00e4ndern k\u00f6nnen. Dieser ausgestattete G\u00fcrtel eignet sich perfekt, um alle Werkzeuge f\u00fcr kleine Arbeiten rund um das Haus zu verstauen, und ist somit ein idealer Begleiter f\u00fcr Ihr Lieblingshobby.<\/p>\n","protected":false},"excerpt":{"rendered":"<p>Der praktische G\u00fcrtel Tamerice verf\u00fcgt \u00fcber eine Taillenverstellung.<\/p>\n","protected":false},"featured_media":52433,"template":"","meta":[],"product_brand":[],"product_cat":[39,1089,1088,34,1065],"product_tag":[973],"woo-feed-brand":[],"class_list":{"0":"post-48226","1":"product","2":"type-product","3":"status-publish","4":"has-post-thumbnail","6":"product_cat-gartenzubehoer","7":"product_cat-hobbygaertner","8":"product_cat-vatertag","9":"product_cat-garten-balkon","10":"product_cat-gartenschuerze","11":"product_tag-samen-mauser","13":"first","14":"instock","15":"taxable","16":"shipping-taxable","17":"purchasable","18":"product-type-simple"},"_links":{"self":[{"href":"https:\/\/www.fleurop-home.ch\/de-ch\/wp-json\/wp\/v2\/product\/48226","targetHints":{"allow":["GET"]}}],"collection":[{"href":"https:\/\/www.fleurop-home.ch\/de-ch\/wp-json\/wp\/v2\/product"}],"about":[{"href":"https:\/\/www.fleurop-home.ch\/de-ch\/wp-json\/wp\/v2\/types\/product"}],"wp:featuredmedia":[{"embeddable":true,"href":"https:\/\/www.fleurop-home.ch\/de-ch\/wp-json\/wp\/v2\/media\/52433"}],"wp:attachment":[{"href":"https:\/\/www.fleurop-home.ch\/de-ch\/wp-json\/wp\/v2\/media?parent=48226"}],"wp:term":[{"taxonomy":"product_brand","embeddable":true,"href":"https:\/\/www.fleurop-home.ch\/de-ch\/wp-json\/wp\/v2\/product_brand?post=48226"},{"taxonomy":"product_cat","embeddable":true,"href":"https:\/\/www.fleurop-home.ch\/de-ch\/wp-json\/wp\/v2\/product_cat?post=48226"},{"taxonomy":"product_tag","embeddable":true,"href":"https:\/\/www.fleurop-home.ch\/de-ch\/wp-json\/wp\/v2\/product_tag?post=48226"},{"taxonomy":"woo-feed-brand","embeddable":true,"href":"https:\/\/www.fleurop-home.ch\/de-ch\/wp-json\/wp\/v2\/woo-feed-brand?post=48226"}],"curies":[{"name":"wp","href":"https:\/\/api.w.org\/{rel}","templated":true}]}}