{"id":48212,"date":"2024-12-09T10:41:25","date_gmt":"2024-12-09T09:41:25","guid":{"rendered":"https:\/\/www.fleurop-home.ch\/de-ch\/p\/kinder-gartenhacke-mit-kurzem-griff"},"modified":"2026-04-22T10:59:15","modified_gmt":"2026-04-22T08:59:15","slug":"kinder-gartenhacke-mit-kurzem-griff","status":"publish","type":"product","link":"https:\/\/www.fleurop-home.ch\/de-ch\/p\/kinder-gartenhacke-mit-kurzem-griff","title":{"rendered":"Kinder Gartenhacke mit kurzem Griff"},"content":{"rendered":"<p>Die Kinder Gartenhacke mit kurzem Griff bringt Spass in den Garten f\u00fcr die kleinen G\u00e4rtner. Ein tolles Werkzeug, um die Freude am G\u00e4rtnern zu f\u00f6rdern.<\/p>\n<p><strong>Gr\u00f6sse 7.5 x 13 cm<\/strong><\/p>\n","protected":false},"excerpt":{"rendered":"<p>Ein tolles Werkzeug, um die Freude am G\u00e4rtnern zu f\u00f6rdern.<\/p>\n","protected":false},"featured_media":48850,"template":"","meta":[],"product_brand":[],"product_cat":[62,1263,1266,1018,1026,34,39,1122,59],"product_tag":[973],"woo-feed-brand":[],"class_list":{"0":"post-48212","1":"product","2":"type-product","3":"status-publish","4":"has-post-thumbnail","6":"product_cat-spielzeug","7":"product_cat-fleuropkids","8":"product_cat-garten-outdoor","9":"product_cat-ostern","10":"product_cat-osternest","11":"product_cat-garten-balkon","12":"product_cat-gartenzubehoer","13":"product_cat-kids-im-gruenen","14":"product_cat-kids","15":"product_tag-samen-mauser","17":"first","18":"instock","19":"featured","20":"taxable","21":"shipping-taxable","22":"purchasable","23":"product-type-simple"},"_links":{"self":[{"href":"https:\/\/www.fleurop-home.ch\/de-ch\/wp-json\/wp\/v2\/product\/48212","targetHints":{"allow":["GET"]}}],"collection":[{"href":"https:\/\/www.fleurop-home.ch\/de-ch\/wp-json\/wp\/v2\/product"}],"about":[{"href":"https:\/\/www.fleurop-home.ch\/de-ch\/wp-json\/wp\/v2\/types\/product"}],"wp:featuredmedia":[{"embeddable":true,"href":"https:\/\/www.fleurop-home.ch\/de-ch\/wp-json\/wp\/v2\/media\/48850"}],"wp:attachment":[{"href":"https:\/\/www.fleurop-home.ch\/de-ch\/wp-json\/wp\/v2\/media?parent=48212"}],"wp:term":[{"taxonomy":"product_brand","embeddable":true,"href":"https:\/\/www.fleurop-home.ch\/de-ch\/wp-json\/wp\/v2\/product_brand?post=48212"},{"taxonomy":"product_cat","embeddable":true,"href":"https:\/\/www.fleurop-home.ch\/de-ch\/wp-json\/wp\/v2\/product_cat?post=48212"},{"taxonomy":"product_tag","embeddable":true,"href":"https:\/\/www.fleurop-home.ch\/de-ch\/wp-json\/wp\/v2\/product_tag?post=48212"},{"taxonomy":"woo-feed-brand","embeddable":true,"href":"https:\/\/www.fleurop-home.ch\/de-ch\/wp-json\/wp\/v2\/woo-feed-brand?post=48212"}],"curies":[{"name":"wp","href":"https:\/\/api.w.org\/{rel}","templated":true}]}}