{"id":48199,"date":"2024-12-09T10:41:27","date_gmt":"2024-12-09T09:41:27","guid":{"rendered":"https:\/\/www.fleurop-home.ch\/de-ch\/p\/gardening-tool-bag-set"},"modified":"2026-04-22T11:07:54","modified_gmt":"2026-04-22T09:07:54","slug":"gardening-tool-bag-set","status":"publish","type":"product","link":"https:\/\/www.fleurop-home.ch\/de-ch\/p\/gardening-tool-bag-set","title":{"rendered":"Gardening Tool Bag Set"},"content":{"rendered":"<p>Das Gardening Tool Bag Set ist eine Tasche mit 3 Werkzeugen und einer Giesskanne, speziell f\u00fcr Kinder. Ein ideales Spielzeug und Geschenk f\u00fcr angehende G\u00e4rtner, um die Freude am Garten zu entdecken.<\/p>\n<p><strong>Gr\u00f6sse 22 x 14 x 28 cm<\/strong><\/p>\n","protected":false},"excerpt":{"rendered":"<p>Ein ideales Spielzeug und Geschenk f\u00fcr angehende G\u00e4rtner<\/p>\n","protected":false},"featured_media":48845,"template":"","meta":[],"product_brand":[],"product_cat":[62,1263,1266,1020,1018,34,39,1122,59],"product_tag":[973],"woo-feed-brand":[],"class_list":{"0":"post-48199","1":"product","2":"type-product","3":"status-publish","4":"has-post-thumbnail","6":"product_cat-spielzeug","7":"product_cat-fleuropkids","8":"product_cat-garten-outdoor","9":"product_cat-ostergeschenke","10":"product_cat-ostern","11":"product_cat-garten-balkon","12":"product_cat-gartenzubehoer","13":"product_cat-kids-im-gruenen","14":"product_cat-kids","15":"product_tag-samen-mauser","17":"first","18":"instock","19":"taxable","20":"shipping-taxable","21":"purchasable","22":"product-type-simple"},"_links":{"self":[{"href":"https:\/\/www.fleurop-home.ch\/de-ch\/wp-json\/wp\/v2\/product\/48199","targetHints":{"allow":["GET"]}}],"collection":[{"href":"https:\/\/www.fleurop-home.ch\/de-ch\/wp-json\/wp\/v2\/product"}],"about":[{"href":"https:\/\/www.fleurop-home.ch\/de-ch\/wp-json\/wp\/v2\/types\/product"}],"wp:featuredmedia":[{"embeddable":true,"href":"https:\/\/www.fleurop-home.ch\/de-ch\/wp-json\/wp\/v2\/media\/48845"}],"wp:attachment":[{"href":"https:\/\/www.fleurop-home.ch\/de-ch\/wp-json\/wp\/v2\/media?parent=48199"}],"wp:term":[{"taxonomy":"product_brand","embeddable":true,"href":"https:\/\/www.fleurop-home.ch\/de-ch\/wp-json\/wp\/v2\/product_brand?post=48199"},{"taxonomy":"product_cat","embeddable":true,"href":"https:\/\/www.fleurop-home.ch\/de-ch\/wp-json\/wp\/v2\/product_cat?post=48199"},{"taxonomy":"product_tag","embeddable":true,"href":"https:\/\/www.fleurop-home.ch\/de-ch\/wp-json\/wp\/v2\/product_tag?post=48199"},{"taxonomy":"woo-feed-brand","embeddable":true,"href":"https:\/\/www.fleurop-home.ch\/de-ch\/wp-json\/wp\/v2\/woo-feed-brand?post=48199"}],"curies":[{"name":"wp","href":"https:\/\/api.w.org\/{rel}","templated":true}]}}