{"id":48195,"date":"2024-12-09T10:41:28","date_gmt":"2024-12-09T09:41:28","guid":{"rendered":"https:\/\/www.fleurop-home.ch\/de-ch\/p\/toolbelt-3-tools"},"modified":"2026-04-22T10:59:15","modified_gmt":"2026-04-22T08:59:15","slug":"toolbelt-3-tools","status":"publish","type":"product","link":"https:\/\/www.fleurop-home.ch\/de-ch\/p\/toolbelt-3-tools","title":{"rendered":"Toolbelt + 3 Tools"},"content":{"rendered":"<p>Der Toolbelt mit 3 Werkzeugen ist eine Gurt-Tasche, speziell f\u00fcr Kinder. Ein ideales Spielzeug und Geschenk f\u00fcr angehende G\u00e4rtner, um die Freude am Garten zu entdecken.<\/p>\n<p><strong>Gr\u00f6sse 31 x 3 x 26 cm<\/strong><\/p>\n","protected":false},"excerpt":{"rendered":"<p>Ein ideales Spielzeug und Geschenk f\u00fcr angehende G\u00e4rtner, um die Freude am Garten zu entdecken.<\/p>\n","protected":false},"featured_media":76508,"template":"","meta":[],"product_brand":[],"product_cat":[62,1263,1266,1020,1018,34,39,1122,59],"product_tag":[973],"woo-feed-brand":[],"class_list":{"0":"post-48195","1":"product","2":"type-product","3":"status-publish","4":"has-post-thumbnail","6":"product_cat-spielzeug","7":"product_cat-fleuropkids","8":"product_cat-garten-outdoor","9":"product_cat-ostergeschenke","10":"product_cat-ostern","11":"product_cat-garten-balkon","12":"product_cat-gartenzubehoer","13":"product_cat-kids-im-gruenen","14":"product_cat-kids","15":"product_tag-samen-mauser","17":"first","18":"instock","19":"featured","20":"taxable","21":"shipping-taxable","22":"purchasable","23":"product-type-simple"},"_links":{"self":[{"href":"https:\/\/www.fleurop-home.ch\/de-ch\/wp-json\/wp\/v2\/product\/48195","targetHints":{"allow":["GET"]}}],"collection":[{"href":"https:\/\/www.fleurop-home.ch\/de-ch\/wp-json\/wp\/v2\/product"}],"about":[{"href":"https:\/\/www.fleurop-home.ch\/de-ch\/wp-json\/wp\/v2\/types\/product"}],"wp:featuredmedia":[{"embeddable":true,"href":"https:\/\/www.fleurop-home.ch\/de-ch\/wp-json\/wp\/v2\/media\/76508"}],"wp:attachment":[{"href":"https:\/\/www.fleurop-home.ch\/de-ch\/wp-json\/wp\/v2\/media?parent=48195"}],"wp:term":[{"taxonomy":"product_brand","embeddable":true,"href":"https:\/\/www.fleurop-home.ch\/de-ch\/wp-json\/wp\/v2\/product_brand?post=48195"},{"taxonomy":"product_cat","embeddable":true,"href":"https:\/\/www.fleurop-home.ch\/de-ch\/wp-json\/wp\/v2\/product_cat?post=48195"},{"taxonomy":"product_tag","embeddable":true,"href":"https:\/\/www.fleurop-home.ch\/de-ch\/wp-json\/wp\/v2\/product_tag?post=48195"},{"taxonomy":"woo-feed-brand","embeddable":true,"href":"https:\/\/www.fleurop-home.ch\/de-ch\/wp-json\/wp\/v2\/woo-feed-brand?post=48195"}],"curies":[{"name":"wp","href":"https:\/\/api.w.org\/{rel}","templated":true}]}}