{"id":48175,"date":"2024-12-09T10:41:31","date_gmt":"2024-12-09T09:41:31","guid":{"rendered":"https:\/\/www.fleurop-home.ch\/de-ch\/p\/zerstuber-pilea-taupe"},"modified":"2025-05-14T11:46:30","modified_gmt":"2025-05-14T09:46:30","slug":"zerstaeuber-pilea-taupe","status":"publish","type":"product","link":"https:\/\/www.fleurop-home.ch\/de-ch\/p\/zerstaeuber-pilea-taupe","title":{"rendered":"Zerst\u00e4uber Pilea taupe"},"content":{"rendered":"<p>Der Wasser-Zerst\u00e4uber f\u00fcr Pilea ist ideal in Kombination mit selbstbew\u00e4ssernden Pflanzk\u00e4sten und -t\u00f6pfen. Dieser Zerst\u00e4uber erm\u00f6glicht eine feine Wasserverteilung, die speziell auf die Bed\u00fcrfnisse von Pflanzen abgestimmt ist.<\/p>\n<p><strong>Gr\u00f6sse 1 l<\/strong><\/p>\n","protected":false},"excerpt":{"rendered":"<p>Der Wasser-Zerst\u00e4uber f\u00fcr Pilea ist ideal in Kombination mit selbstbew\u00e4ssernden Pflanzk\u00e4sten und -t\u00f6pfen<\/p>\n","protected":false},"featured_media":48859,"template":"","meta":[],"product_brand":[],"product_cat":[39,23,521,34],"product_tag":[973],"woo-feed-brand":[],"class_list":{"0":"post-48175","1":"product","2":"type-product","3":"status-publish","4":"has-post-thumbnail","6":"product_cat-gartenzubehoer","7":"product_cat-home-living","8":"product_cat-bewaesserung","9":"product_cat-garten-balkon","10":"product_tag-samen-mauser","12":"first","13":"instock","14":"taxable","15":"shipping-taxable","16":"purchasable","17":"product-type-simple"},"_links":{"self":[{"href":"https:\/\/www.fleurop-home.ch\/de-ch\/wp-json\/wp\/v2\/product\/48175","targetHints":{"allow":["GET"]}}],"collection":[{"href":"https:\/\/www.fleurop-home.ch\/de-ch\/wp-json\/wp\/v2\/product"}],"about":[{"href":"https:\/\/www.fleurop-home.ch\/de-ch\/wp-json\/wp\/v2\/types\/product"}],"wp:featuredmedia":[{"embeddable":true,"href":"https:\/\/www.fleurop-home.ch\/de-ch\/wp-json\/wp\/v2\/media\/48859"}],"wp:attachment":[{"href":"https:\/\/www.fleurop-home.ch\/de-ch\/wp-json\/wp\/v2\/media?parent=48175"}],"wp:term":[{"taxonomy":"product_brand","embeddable":true,"href":"https:\/\/www.fleurop-home.ch\/de-ch\/wp-json\/wp\/v2\/product_brand?post=48175"},{"taxonomy":"product_cat","embeddable":true,"href":"https:\/\/www.fleurop-home.ch\/de-ch\/wp-json\/wp\/v2\/product_cat?post=48175"},{"taxonomy":"product_tag","embeddable":true,"href":"https:\/\/www.fleurop-home.ch\/de-ch\/wp-json\/wp\/v2\/product_tag?post=48175"},{"taxonomy":"woo-feed-brand","embeddable":true,"href":"https:\/\/www.fleurop-home.ch\/de-ch\/wp-json\/wp\/v2\/woo-feed-brand?post=48175"}],"curies":[{"name":"wp","href":"https:\/\/api.w.org\/{rel}","templated":true}]}}