{"id":48150,"date":"2024-12-09T10:41:35","date_gmt":"2024-12-09T09:41:35","guid":{"rendered":"https:\/\/www.fleurop-home.ch\/de-ch\/p\/hydro-max-l-6-5-liter-1-2-kg"},"modified":"2025-04-01T03:51:27","modified_gmt":"2025-04-01T01:51:27","slug":"hydro-max-l-6-5-liter-1-2-kg","status":"publish","type":"product","link":"https:\/\/www.fleurop-home.ch\/de-ch\/p\/hydro-max-l-6-5-liter-1-2-kg","title":{"rendered":"Hydro Max L, 6.5 Liter, 1.2 kg"},"content":{"rendered":"<p>Mit dem Hydro Max L sparst du nicht nur Wasser, sondern auch Zeit, da du nur alle paar Tage bew\u00e4ssern musst. Dieses System erzeugt nicht nur einen h\u00f6heren Ertrag, sondern f\u00f6rdert auch die gesunde Entwicklung der Wurzeln. Die selbstregulierende Bew\u00e4sserung gew\u00e4hrleistet, dass deine Pflanzen genau die Wassermenge erhalten, die sie ben\u00f6tigen. Ein effizientes und ressourcenschonendes Bew\u00e4sserungssystem f\u00fcr einen optimalen Pflanzenwachstum.<\/p>\n<p><strong>1.2 kg, f\u00fcr 1.4 m\u00b2<\/strong><\/p>\n","protected":false},"excerpt":{"rendered":"<p>Mit dem Hydro Max L sparst du nicht nur Wasser, sondern auch Zeit, da du nur alle paar Tage bew\u00e4ssern m\u00fcsst.<\/p>\n","protected":false},"featured_media":48395,"template":"","meta":[],"product_brand":[],"product_cat":[39,34,35],"product_tag":[973],"woo-feed-brand":[],"class_list":{"0":"post-48150","1":"product","2":"type-product","3":"status-publish","4":"has-post-thumbnail","6":"product_cat-gartenzubehoer","7":"product_cat-garten-balkon","8":"product_cat-gartendeko","9":"product_tag-samen-mauser","11":"first","12":"instock","13":"taxable","14":"shipping-taxable","15":"purchasable","16":"product-type-simple"},"_links":{"self":[{"href":"https:\/\/www.fleurop-home.ch\/de-ch\/wp-json\/wp\/v2\/product\/48150","targetHints":{"allow":["GET"]}}],"collection":[{"href":"https:\/\/www.fleurop-home.ch\/de-ch\/wp-json\/wp\/v2\/product"}],"about":[{"href":"https:\/\/www.fleurop-home.ch\/de-ch\/wp-json\/wp\/v2\/types\/product"}],"wp:featuredmedia":[{"embeddable":true,"href":"https:\/\/www.fleurop-home.ch\/de-ch\/wp-json\/wp\/v2\/media\/48395"}],"wp:attachment":[{"href":"https:\/\/www.fleurop-home.ch\/de-ch\/wp-json\/wp\/v2\/media?parent=48150"}],"wp:term":[{"taxonomy":"product_brand","embeddable":true,"href":"https:\/\/www.fleurop-home.ch\/de-ch\/wp-json\/wp\/v2\/product_brand?post=48150"},{"taxonomy":"product_cat","embeddable":true,"href":"https:\/\/www.fleurop-home.ch\/de-ch\/wp-json\/wp\/v2\/product_cat?post=48150"},{"taxonomy":"product_tag","embeddable":true,"href":"https:\/\/www.fleurop-home.ch\/de-ch\/wp-json\/wp\/v2\/product_tag?post=48150"},{"taxonomy":"woo-feed-brand","embeddable":true,"href":"https:\/\/www.fleurop-home.ch\/de-ch\/wp-json\/wp\/v2\/woo-feed-brand?post=48150"}],"curies":[{"name":"wp","href":"https:\/\/api.w.org\/{rel}","templated":true}]}}