{"id":48146,"date":"2024-12-09T10:41:35","date_gmt":"2024-12-09T09:41:35","guid":{"rendered":"https:\/\/www.fleurop-home.ch\/de-ch\/p\/bertopf-weiss"},"modified":"2025-11-10T13:58:54","modified_gmt":"2025-11-10T12:58:54","slug":"uebertopf-weiss","status":"publish","type":"product","link":"https:\/\/www.fleurop-home.ch\/de-ch\/p\/uebertopf-weiss","title":{"rendered":"\u00dcbertopf weiss"},"content":{"rendered":"<p>Unser weisser \u00dcbertopf ist ideal f\u00fcr Blumen und Kr\u00e4uter, sei es auf dem Balkon, im Zimmer oder im Garten.<\/p>\n<p><strong>Gr\u00f6sse 15 x 13 cm<\/strong><\/p>\n","protected":false},"excerpt":{"rendered":"<p>Unser weisser \u00dcbertopf ist ideal f\u00fcr Blumen und Kr\u00e4uter.<\/p>\n","protected":false},"featured_media":52406,"template":"","meta":[],"product_brand":[],"product_cat":[40,23,1198,27,34],"product_tag":[973],"woo-feed-brand":[],"class_list":{"0":"post-48146","1":"product","2":"type-product","3":"status-publish","4":"has-post-thumbnail","6":"product_cat-uebertoepfe","7":"product_cat-home-living","8":"product_cat-toepfe","9":"product_cat-vasen-gefaesse","10":"product_cat-garten-balkon","11":"product_tag-samen-mauser","13":"first","14":"instock","15":"taxable","16":"shipping-taxable","17":"purchasable","18":"product-type-simple"},"_links":{"self":[{"href":"https:\/\/www.fleurop-home.ch\/de-ch\/wp-json\/wp\/v2\/product\/48146","targetHints":{"allow":["GET"]}}],"collection":[{"href":"https:\/\/www.fleurop-home.ch\/de-ch\/wp-json\/wp\/v2\/product"}],"about":[{"href":"https:\/\/www.fleurop-home.ch\/de-ch\/wp-json\/wp\/v2\/types\/product"}],"wp:featuredmedia":[{"embeddable":true,"href":"https:\/\/www.fleurop-home.ch\/de-ch\/wp-json\/wp\/v2\/media\/52406"}],"wp:attachment":[{"href":"https:\/\/www.fleurop-home.ch\/de-ch\/wp-json\/wp\/v2\/media?parent=48146"}],"wp:term":[{"taxonomy":"product_brand","embeddable":true,"href":"https:\/\/www.fleurop-home.ch\/de-ch\/wp-json\/wp\/v2\/product_brand?post=48146"},{"taxonomy":"product_cat","embeddable":true,"href":"https:\/\/www.fleurop-home.ch\/de-ch\/wp-json\/wp\/v2\/product_cat?post=48146"},{"taxonomy":"product_tag","embeddable":true,"href":"https:\/\/www.fleurop-home.ch\/de-ch\/wp-json\/wp\/v2\/product_tag?post=48146"},{"taxonomy":"woo-feed-brand","embeddable":true,"href":"https:\/\/www.fleurop-home.ch\/de-ch\/wp-json\/wp\/v2\/woo-feed-brand?post=48146"}],"curies":[{"name":"wp","href":"https:\/\/api.w.org\/{rel}","templated":true}]}}