{"id":48118,"date":"2024-12-09T10:41:40","date_gmt":"2024-12-09T09:41:40","guid":{"rendered":"https:\/\/www.fleurop-home.ch\/de-ch\/p\/hochbeet-confetti-douglasie-fsc"},"modified":"2025-05-02T00:05:30","modified_gmt":"2025-05-01T22:05:30","slug":"hochbeet-confetti-douglasie-fsc","status":"publish","type":"product","link":"https:\/\/www.fleurop-home.ch\/de-ch\/p\/hochbeet-confetti-douglasie-fsc","title":{"rendered":"Hochbeet CONFETTI Douglasie FSC"},"content":{"rendered":"<p>Das Hochbeet &#171;CONFETTI Douglasie FSC&#187; ist ein attraktives, farbenfrohes Hochbeet mit pulverbeschichteten Stahlteilen und Metallbeinen. Hergestellt aus FSC-zertifizierter Douglasie, verleiht dieses Hochbeet deinem Garten eine fr\u00f6hliche Note. Die stabilen Metallbeine und pulverbeschichteten Stahlteile sorgen nicht nur f\u00fcr eine moderne \u00c4sthetik, sondern auch f\u00fcr Stabilit\u00e4t.<\/p>\n<p>Im Lieferumfang enthalten ist ein Innenliner bestehend aus Folie und Agrotextil.<\/p>\n<p><strong>Gr\u00f6sse 90 x 40 x 80 cm<\/strong><\/p>\n","protected":false},"excerpt":{"rendered":"<p>Das Hochbeet &#171;CONFETTI Douglasie FSC&#187; ist ein attraktives, farbenfrohes Hochbeet mit pulverbeschichteten Stahlteilen und Metallbeinen.<\/p>\n","protected":false},"featured_media":48463,"template":"","meta":[],"product_brand":[],"product_cat":[38,34],"product_tag":[973],"woo-feed-brand":[],"class_list":{"0":"post-48118","1":"product","2":"type-product","3":"status-publish","4":"has-post-thumbnail","6":"product_cat-hochbeete","7":"product_cat-garten-balkon","8":"product_tag-samen-mauser","10":"first","11":"instock","12":"taxable","13":"shipping-taxable","14":"purchasable","15":"product-type-simple"},"_links":{"self":[{"href":"https:\/\/www.fleurop-home.ch\/de-ch\/wp-json\/wp\/v2\/product\/48118","targetHints":{"allow":["GET"]}}],"collection":[{"href":"https:\/\/www.fleurop-home.ch\/de-ch\/wp-json\/wp\/v2\/product"}],"about":[{"href":"https:\/\/www.fleurop-home.ch\/de-ch\/wp-json\/wp\/v2\/types\/product"}],"wp:featuredmedia":[{"embeddable":true,"href":"https:\/\/www.fleurop-home.ch\/de-ch\/wp-json\/wp\/v2\/media\/48463"}],"wp:attachment":[{"href":"https:\/\/www.fleurop-home.ch\/de-ch\/wp-json\/wp\/v2\/media?parent=48118"}],"wp:term":[{"taxonomy":"product_brand","embeddable":true,"href":"https:\/\/www.fleurop-home.ch\/de-ch\/wp-json\/wp\/v2\/product_brand?post=48118"},{"taxonomy":"product_cat","embeddable":true,"href":"https:\/\/www.fleurop-home.ch\/de-ch\/wp-json\/wp\/v2\/product_cat?post=48118"},{"taxonomy":"product_tag","embeddable":true,"href":"https:\/\/www.fleurop-home.ch\/de-ch\/wp-json\/wp\/v2\/product_tag?post=48118"},{"taxonomy":"woo-feed-brand","embeddable":true,"href":"https:\/\/www.fleurop-home.ch\/de-ch\/wp-json\/wp\/v2\/woo-feed-brand?post=48118"}],"curies":[{"name":"wp","href":"https:\/\/api.w.org\/{rel}","templated":true}]}}