{"id":48114,"date":"2024-12-09T10:41:40","date_gmt":"2024-12-09T09:41:40","guid":{"rendered":"https:\/\/www.fleurop-home.ch\/de-ch\/p\/hochbeet-elegant"},"modified":"2025-12-18T10:44:15","modified_gmt":"2025-12-18T09:44:15","slug":"hochbeet-elegant","status":"publish","type":"product","link":"https:\/\/www.fleurop-home.ch\/de-ch\/p\/hochbeet-elegant","title":{"rendered":"Hochbeet ELEGANT"},"content":{"rendered":"<p>Das Hochbeet &#171;ELEGANT&#187; ist nicht nur ein \u00e4sthetisches Pflanzgef\u00e4ss, sondern kann auch als stilvoller Sichtschutz genutzt werden. Hergestellt aus ge\u00f6ltem und gehobeltem Eichenholz verleiht dieses Hochbeet deinem Garten oder deiner Terrasse eine zeitlose Eleganz. Das Inlet aus Stahlblech sorgt f\u00fcr Stabilit\u00e4t, und mit einem F\u00fcllvolumen von 78 Litern bietet es ausreichend Platz f\u00fcr Ihre Pflanzkreationen.<\/p>\n<p><strong>Gr\u00f6sse 98 x 30 x 80 cm<\/strong><\/p>\n","protected":false},"excerpt":{"rendered":"<p>Das Hochbeet &#171;ELEGANT&#187; ist nicht nur ein \u00e4sthetisches Pflanzgef\u00e4ss, sondern kann auch als stilvoller Sichtschutz genutzt werden.<\/p>\n","protected":false},"featured_media":48465,"template":"","meta":[],"product_brand":[],"product_cat":[38,34],"product_tag":[973],"woo-feed-brand":[],"class_list":{"0":"post-48114","1":"product","2":"type-product","3":"status-publish","4":"has-post-thumbnail","6":"product_cat-hochbeete","7":"product_cat-garten-balkon","8":"product_tag-samen-mauser","10":"first","11":"instock","12":"taxable","13":"shipping-taxable","14":"purchasable","15":"product-type-simple"},"_links":{"self":[{"href":"https:\/\/www.fleurop-home.ch\/de-ch\/wp-json\/wp\/v2\/product\/48114","targetHints":{"allow":["GET"]}}],"collection":[{"href":"https:\/\/www.fleurop-home.ch\/de-ch\/wp-json\/wp\/v2\/product"}],"about":[{"href":"https:\/\/www.fleurop-home.ch\/de-ch\/wp-json\/wp\/v2\/types\/product"}],"wp:featuredmedia":[{"embeddable":true,"href":"https:\/\/www.fleurop-home.ch\/de-ch\/wp-json\/wp\/v2\/media\/48465"}],"wp:attachment":[{"href":"https:\/\/www.fleurop-home.ch\/de-ch\/wp-json\/wp\/v2\/media?parent=48114"}],"wp:term":[{"taxonomy":"product_brand","embeddable":true,"href":"https:\/\/www.fleurop-home.ch\/de-ch\/wp-json\/wp\/v2\/product_brand?post=48114"},{"taxonomy":"product_cat","embeddable":true,"href":"https:\/\/www.fleurop-home.ch\/de-ch\/wp-json\/wp\/v2\/product_cat?post=48114"},{"taxonomy":"product_tag","embeddable":true,"href":"https:\/\/www.fleurop-home.ch\/de-ch\/wp-json\/wp\/v2\/product_tag?post=48114"},{"taxonomy":"woo-feed-brand","embeddable":true,"href":"https:\/\/www.fleurop-home.ch\/de-ch\/wp-json\/wp\/v2\/woo-feed-brand?post=48114"}],"curies":[{"name":"wp","href":"https:\/\/api.w.org\/{rel}","templated":true}]}}