{"id":48106,"date":"2024-12-09T10:41:42","date_gmt":"2024-12-09T09:41:42","guid":{"rendered":"https:\/\/www.fleurop-home.ch\/de-ch\/p\/solarleuchte-glhbirne-eureka"},"modified":"2025-04-01T03:50:48","modified_gmt":"2025-04-01T01:50:48","slug":"solarleuchte-gluehbirne-eureka","status":"publish","type":"product","link":"https:\/\/www.fleurop-home.ch\/de-ch\/p\/solarleuchte-gluehbirne-eureka","title":{"rendered":"Solarleuchte Gl\u00fchbirne Eureka"},"content":{"rendered":"<p>Solarlampe in Form einer Gl\u00fchbirne mit einer kleinen und feinen Lichterkette im Innern. F\u00fcr ein stimmungsvolles Ambiente auf deiner Terrasse oder Balkon. Aus Glas.<\/p>\n<p><strong>Batterie: kann nicht ausgewechselt werden<\/strong><br \/>\n<strong>Gr\u00f6sse: 14 cm x 7 cm<\/strong><\/p>\n","protected":false},"excerpt":{"rendered":"<p>Solarlampe in Form einer Gl\u00fchbirne mit einer kleinen und feinen Lichterkette im Innern.<\/p>\n","protected":false},"featured_media":48468,"template":"","meta":[],"product_brand":[],"product_cat":[35,23,108,28,34],"product_tag":[973],"woo-feed-brand":[],"class_list":{"0":"post-48106","1":"product","2":"type-product","3":"status-publish","4":"has-post-thumbnail","6":"product_cat-gartendeko","7":"product_cat-home-living","8":"product_cat-lichterketten-laternen","9":"product_cat-kerzen-lichter","10":"product_cat-garten-balkon","11":"product_tag-samen-mauser","13":"first","14":"instock","15":"taxable","16":"shipping-taxable","17":"purchasable","18":"product-type-simple"},"_links":{"self":[{"href":"https:\/\/www.fleurop-home.ch\/de-ch\/wp-json\/wp\/v2\/product\/48106","targetHints":{"allow":["GET"]}}],"collection":[{"href":"https:\/\/www.fleurop-home.ch\/de-ch\/wp-json\/wp\/v2\/product"}],"about":[{"href":"https:\/\/www.fleurop-home.ch\/de-ch\/wp-json\/wp\/v2\/types\/product"}],"wp:featuredmedia":[{"embeddable":true,"href":"https:\/\/www.fleurop-home.ch\/de-ch\/wp-json\/wp\/v2\/media\/48468"}],"wp:attachment":[{"href":"https:\/\/www.fleurop-home.ch\/de-ch\/wp-json\/wp\/v2\/media?parent=48106"}],"wp:term":[{"taxonomy":"product_brand","embeddable":true,"href":"https:\/\/www.fleurop-home.ch\/de-ch\/wp-json\/wp\/v2\/product_brand?post=48106"},{"taxonomy":"product_cat","embeddable":true,"href":"https:\/\/www.fleurop-home.ch\/de-ch\/wp-json\/wp\/v2\/product_cat?post=48106"},{"taxonomy":"product_tag","embeddable":true,"href":"https:\/\/www.fleurop-home.ch\/de-ch\/wp-json\/wp\/v2\/product_tag?post=48106"},{"taxonomy":"woo-feed-brand","embeddable":true,"href":"https:\/\/www.fleurop-home.ch\/de-ch\/wp-json\/wp\/v2\/woo-feed-brand?post=48106"}],"curies":[{"name":"wp","href":"https:\/\/api.w.org\/{rel}","templated":true}]}}