{"id":48094,"date":"2025-07-01T16:26:24","date_gmt":"2025-07-01T14:26:24","guid":{"rendered":"https:\/\/www.fleurop-home.ch\/de-ch\/p\/ultra-365-solar-spotlight"},"modified":"2025-08-05T10:51:38","modified_gmt":"2025-08-05T08:51:38","slug":"ultra-365-solar-spotlight","status":"publish","type":"product","link":"https:\/\/www.fleurop-home.ch\/de-ch\/p\/ultra-365-solar-spotlight","title":{"rendered":"Ultra 365 Solar Spotlight"},"content":{"rendered":"<p>Entdecke den Ultra 365 Solar Spotlight \u2013 mit automatisch angepasster Helligkeit, abh\u00e4ngig vom am Tag empfangenen Licht. Dank dieser innovativen Technologie bleibt die Leuchte das ganze Jahr \u00fcber, selbst im Winter, betriebsf\u00e4hig.<\/p>\n<p><strong>Gr\u00f6sse 33 x 8 x 12 cm<\/strong><\/p>\n","protected":false},"excerpt":{"rendered":"<p>Entdecke den Ultra 365 Solar Spotlight \u2013 mit automatisch angepasster Helligkeit, abh\u00e4ngig vom am Tag empfangenen Licht.<\/p>\n","protected":false},"featured_media":58648,"template":"","meta":[],"product_brand":[],"product_cat":[34,35],"product_tag":[973],"woo-feed-brand":[],"class_list":{"0":"post-48094","1":"product","2":"type-product","3":"status-publish","4":"has-post-thumbnail","6":"product_cat-garten-balkon","7":"product_cat-gartendeko","8":"product_tag-samen-mauser","10":"first","11":"instock","12":"taxable","13":"shipping-taxable","14":"purchasable","15":"product-type-simple"},"_links":{"self":[{"href":"https:\/\/www.fleurop-home.ch\/de-ch\/wp-json\/wp\/v2\/product\/48094","targetHints":{"allow":["GET"]}}],"collection":[{"href":"https:\/\/www.fleurop-home.ch\/de-ch\/wp-json\/wp\/v2\/product"}],"about":[{"href":"https:\/\/www.fleurop-home.ch\/de-ch\/wp-json\/wp\/v2\/types\/product"}],"wp:featuredmedia":[{"embeddable":true,"href":"https:\/\/www.fleurop-home.ch\/de-ch\/wp-json\/wp\/v2\/media\/58648"}],"wp:attachment":[{"href":"https:\/\/www.fleurop-home.ch\/de-ch\/wp-json\/wp\/v2\/media?parent=48094"}],"wp:term":[{"taxonomy":"product_brand","embeddable":true,"href":"https:\/\/www.fleurop-home.ch\/de-ch\/wp-json\/wp\/v2\/product_brand?post=48094"},{"taxonomy":"product_cat","embeddable":true,"href":"https:\/\/www.fleurop-home.ch\/de-ch\/wp-json\/wp\/v2\/product_cat?post=48094"},{"taxonomy":"product_tag","embeddable":true,"href":"https:\/\/www.fleurop-home.ch\/de-ch\/wp-json\/wp\/v2\/product_tag?post=48094"},{"taxonomy":"woo-feed-brand","embeddable":true,"href":"https:\/\/www.fleurop-home.ch\/de-ch\/wp-json\/wp\/v2\/woo-feed-brand?post=48094"}],"curies":[{"name":"wp","href":"https:\/\/api.w.org\/{rel}","templated":true}]}}