{"id":48088,"date":"2024-12-09T10:41:45","date_gmt":"2024-12-09T09:41:45","guid":{"rendered":"https:\/\/www.fleurop-home.ch\/de-ch\/p\/solar-coolflame-balloon-rainbow"},"modified":"2026-01-27T10:59:14","modified_gmt":"2026-01-27T09:59:14","slug":"solar-coolflame-balloon-rainbow","status":"publish","type":"product","link":"https:\/\/www.fleurop-home.ch\/de-ch\/p\/solar-coolflame-balloon-rainbow","title":{"rendered":"Solar CoolFlame Balloon Rainbow"},"content":{"rendered":"<p>Fabelhaft lustige Ballonleuchte, perfekt, um jedem Aussenbereich einen Hauch von Farbe zu verleihen. Wundersch\u00f6ne Regenbogen-Paneele. Realistischer Flammeneffekt, genau wie eine echte Flamme. Die 20 warmweisse LEDs bleiben dank der CoolFlame- Technologie v\u00f6llig sicher und k\u00fchl bei Ber\u00fchrung. L\u00e4dt sich im direkten Sonnenlicht auf Leuchtet automatisch bei Nacht.<\/p>\n","protected":false},"excerpt":{"rendered":"<p>Fabelhaft lustige Ballonleuchte, perfekt, um jedem Aussenbereich einen Hauch von Farbe zu verleihen. Wundersch\u00f6ne Regenbogen-Paneele.<\/p>\n","protected":false},"featured_media":48748,"template":"","meta":[],"product_brand":[],"product_cat":[35,23,108,28,34],"product_tag":[973],"woo-feed-brand":[],"class_list":{"0":"post-48088","1":"product","2":"type-product","3":"status-publish","4":"has-post-thumbnail","6":"product_cat-gartendeko","7":"product_cat-home-living","8":"product_cat-lichterketten-laternen","9":"product_cat-kerzen-lichter","10":"product_cat-garten-balkon","11":"product_tag-samen-mauser","13":"first","14":"instock","15":"taxable","16":"shipping-taxable","17":"purchasable","18":"product-type-simple"},"_links":{"self":[{"href":"https:\/\/www.fleurop-home.ch\/de-ch\/wp-json\/wp\/v2\/product\/48088","targetHints":{"allow":["GET"]}}],"collection":[{"href":"https:\/\/www.fleurop-home.ch\/de-ch\/wp-json\/wp\/v2\/product"}],"about":[{"href":"https:\/\/www.fleurop-home.ch\/de-ch\/wp-json\/wp\/v2\/types\/product"}],"wp:featuredmedia":[{"embeddable":true,"href":"https:\/\/www.fleurop-home.ch\/de-ch\/wp-json\/wp\/v2\/media\/48748"}],"wp:attachment":[{"href":"https:\/\/www.fleurop-home.ch\/de-ch\/wp-json\/wp\/v2\/media?parent=48088"}],"wp:term":[{"taxonomy":"product_brand","embeddable":true,"href":"https:\/\/www.fleurop-home.ch\/de-ch\/wp-json\/wp\/v2\/product_brand?post=48088"},{"taxonomy":"product_cat","embeddable":true,"href":"https:\/\/www.fleurop-home.ch\/de-ch\/wp-json\/wp\/v2\/product_cat?post=48088"},{"taxonomy":"product_tag","embeddable":true,"href":"https:\/\/www.fleurop-home.ch\/de-ch\/wp-json\/wp\/v2\/product_tag?post=48088"},{"taxonomy":"woo-feed-brand","embeddable":true,"href":"https:\/\/www.fleurop-home.ch\/de-ch\/wp-json\/wp\/v2\/woo-feed-brand?post=48088"}],"curies":[{"name":"wp","href":"https:\/\/api.w.org\/{rel}","templated":true}]}}