{"id":47906,"date":"2024-11-16T09:40:16","date_gmt":"2024-11-16T08:40:16","guid":{"rendered":"https:\/\/www.fleurop-home.ch\/de-ch\/p\/aufhaengefeder-bis-300cm-1-stueck"},"modified":"2025-10-22T10:43:36","modified_gmt":"2025-10-22T08:43:36","slug":"aufhaengefeder-bis-300cm-1-stueck","status":"publish","type":"product","link":"https:\/\/www.fleurop-home.ch\/de-ch\/p\/aufhaengefeder-bis-300cm-1-stueck","title":{"rendered":"Aufh\u00e4ngefeder bis 300cm 1 St\u00fcck"},"content":{"rendered":"<p>Aufh\u00e4ngefeder ausziehbar 30 bis 300 cm<\/p>\n<p>Die Aufh\u00e4ngefeder, auch als Mobilspirale bekannt, eignet sich ideal zum einfachen Aufh\u00e4ngen von Dekorationen. Sie wird an der Decke befestigt und kann m\u00fchelos auf eine L\u00e4nge von 30 bis 300 cm ausgezogen werden, um deine Dekorationen in der gew\u00fcnschten H\u00f6he zu platzieren. Bitte beachte, dass die Feder nach dem vollst\u00e4ndigen Ausziehen nicht erneut verwendet werden kann, wodurch sie f\u00fcr den Einmalgebrauch konzipiert ist.<\/p>\n<p>&#8211; Auch bekannt als Mobilspirale oder Spiralfeder<br \/>\n&#8211; Farbe: Metallgrau<br \/>\n&#8211; Gr\u00f6sse: 16.5cm<br \/>\n&#8211; Nur einmal verwendbar<br \/>\n&#8211; Ausziehbar bis 300cm<\/p>\n","protected":false},"excerpt":{"rendered":"<p>Aufh\u00e4ngen von Dekorationen<\/p>\n","protected":false},"featured_media":47905,"template":"","meta":[],"product_brand":[],"product_cat":[29,23,1178,1194,909,911],"product_tag":[289],"woo-feed-brand":[],"class_list":{"0":"post-47906","1":"product","2":"type-product","3":"status-publish","4":"has-post-thumbnail","6":"product_cat-do-it-yourself","7":"product_cat-home-living","8":"product_cat-diy","9":"product_cat-diy-helfer","10":"product_cat-weihnachten","11":"product_cat-accessoires","12":"product_tag-blumengarten-kung-ag","14":"first","15":"instock","16":"taxable","17":"shipping-taxable","18":"purchasable","19":"product-type-simple"},"_links":{"self":[{"href":"https:\/\/www.fleurop-home.ch\/de-ch\/wp-json\/wp\/v2\/product\/47906","targetHints":{"allow":["GET"]}}],"collection":[{"href":"https:\/\/www.fleurop-home.ch\/de-ch\/wp-json\/wp\/v2\/product"}],"about":[{"href":"https:\/\/www.fleurop-home.ch\/de-ch\/wp-json\/wp\/v2\/types\/product"}],"wp:featuredmedia":[{"embeddable":true,"href":"https:\/\/www.fleurop-home.ch\/de-ch\/wp-json\/wp\/v2\/media\/47905"}],"wp:attachment":[{"href":"https:\/\/www.fleurop-home.ch\/de-ch\/wp-json\/wp\/v2\/media?parent=47906"}],"wp:term":[{"taxonomy":"product_brand","embeddable":true,"href":"https:\/\/www.fleurop-home.ch\/de-ch\/wp-json\/wp\/v2\/product_brand?post=47906"},{"taxonomy":"product_cat","embeddable":true,"href":"https:\/\/www.fleurop-home.ch\/de-ch\/wp-json\/wp\/v2\/product_cat?post=47906"},{"taxonomy":"product_tag","embeddable":true,"href":"https:\/\/www.fleurop-home.ch\/de-ch\/wp-json\/wp\/v2\/product_tag?post=47906"},{"taxonomy":"woo-feed-brand","embeddable":true,"href":"https:\/\/www.fleurop-home.ch\/de-ch\/wp-json\/wp\/v2\/woo-feed-brand?post=47906"}],"curies":[{"name":"wp","href":"https:\/\/api.w.org\/{rel}","templated":true}]}}