{"id":46645,"date":"2024-11-05T16:24:25","date_gmt":"2024-11-05T15:24:25","guid":{"rendered":"https:\/\/www.fleurop-home.ch\/de-ch\/?post_type=product&#038;p=46645"},"modified":"2026-02-05T13:29:49","modified_gmt":"2026-02-05T12:29:49","slug":"1001-organic-superfood","status":"publish","type":"product","link":"https:\/\/www.fleurop-home.ch\/de-ch\/p\/1001-organic-superfood","title":{"rendered":"1001 ORGANIC SUPERFOOD"},"content":{"rendered":"<p><strong>Golden Milk<\/strong> ist eine traditionelle indische Gew\u00fcrzmischung f\u00fcr Getr\u00e4nke. Die belebende Wirkung f\u00fcr K\u00f6rper und Geist beruht auf alter Ayurveda-Tradition.<br \/>\n<strong>Baobabpulver<\/strong> wird aus der Frucht des Affenbrotbaumes gewonnen.\u00a0Es ist reich an\u00a0Eisen, Phosphor, Vitamin B1 und B6 sowie vielen wichtigen Antioxidantien. Mische es in Smoothies, Joghurt oder M\u00fcsli.<br \/>\n<strong>Moringapulver<\/strong> der K\u00fcstenregion ist ein nat\u00fcrlicher, aromatischer Superfood f\u00fcr K\u00f6rper und Geist. Es enth\u00e4lt viele wertvolle N\u00e4hrstoffe und l\u00e4sst sich\u00a0hervorragend in Dips, Smoothies, Suppen und Salate mischen.<\/p>\n<p><strong>F\u00fcllmenge:<\/strong> Moringa Oleifera Pulver: 35g; Baobab Pulver: 40g, Golden Milk: 45g<\/p>\n","protected":false},"excerpt":{"rendered":"<p>Ein Gew\u00fcrz-Geschenkset von 1001 Organic mit der geballten Ladung Superpower aus der Natur.<\/p>\n","protected":false},"featured_media":46653,"template":"","meta":[],"product_brand":[],"product_cat":[47,1022,1091,797,1019,1018,984,993,1088,909,916,42,885,52,1225,53],"product_tag":[949],"woo-feed-brand":[],"class_list":{"0":"post-46645","1":"product","2":"type-product","3":"status-publish","4":"has-post-thumbnail","6":"product_cat-kuechenaromen","7":"product_cat-brunch","8":"product_cat-hobbykoch","9":"product_cat-muttertag","10":"product_cat-osterbrunch","11":"product_cat-ostern","12":"product_cat-silvester","13":"product_cat-silvestergeschenke","14":"product_cat-vatertag","15":"product_cat-weihnachten","16":"product_cat-praesente","17":"product_cat-kueche","18":"product_cat-koestlichkeiten","19":"product_cat-geschenke","20":"product_cat-genuss","21":"product_cat-geschenksets","22":"product_tag-1001-organic","24":"first","25":"instock","26":"taxable","27":"shipping-taxable","28":"purchasable","29":"product-type-simple"},"_links":{"self":[{"href":"https:\/\/www.fleurop-home.ch\/de-ch\/wp-json\/wp\/v2\/product\/46645","targetHints":{"allow":["GET"]}}],"collection":[{"href":"https:\/\/www.fleurop-home.ch\/de-ch\/wp-json\/wp\/v2\/product"}],"about":[{"href":"https:\/\/www.fleurop-home.ch\/de-ch\/wp-json\/wp\/v2\/types\/product"}],"wp:featuredmedia":[{"embeddable":true,"href":"https:\/\/www.fleurop-home.ch\/de-ch\/wp-json\/wp\/v2\/media\/46653"}],"wp:attachment":[{"href":"https:\/\/www.fleurop-home.ch\/de-ch\/wp-json\/wp\/v2\/media?parent=46645"}],"wp:term":[{"taxonomy":"product_brand","embeddable":true,"href":"https:\/\/www.fleurop-home.ch\/de-ch\/wp-json\/wp\/v2\/product_brand?post=46645"},{"taxonomy":"product_cat","embeddable":true,"href":"https:\/\/www.fleurop-home.ch\/de-ch\/wp-json\/wp\/v2\/product_cat?post=46645"},{"taxonomy":"product_tag","embeddable":true,"href":"https:\/\/www.fleurop-home.ch\/de-ch\/wp-json\/wp\/v2\/product_tag?post=46645"},{"taxonomy":"woo-feed-brand","embeddable":true,"href":"https:\/\/www.fleurop-home.ch\/de-ch\/wp-json\/wp\/v2\/woo-feed-brand?post=46645"}],"curies":[{"name":"wp","href":"https:\/\/api.w.org\/{rel}","templated":true}]}}