{"id":46104,"date":"2024-10-23T14:22:38","date_gmt":"2024-10-23T12:22:38","guid":{"rendered":"https:\/\/www.fleurop-home.ch\/de-ch\/?post_type=product&#038;p=46104"},"modified":"2026-02-05T13:43:56","modified_gmt":"2026-02-05T12:43:56","slug":"honigsolo-honeysoap","status":"publish","type":"product","link":"https:\/\/www.fleurop-home.ch\/de-ch\/p\/honigsolo-honeysoap","title":{"rendered":"Honigsolo \u00abHoney &amp; Soap\u00bb"},"content":{"rendered":"<p>Unser Honigsolo \u00abHoney &amp; Soap\u00bb beinhaltet neben einem Honig Ihrer Wahl noch eine von Hand in Arbon hergestellte Honigseife verpackt in einem Bienenwachstuch. Das Set ist verpackt in unserer Bee-Family Holzbox.<\/p>\n<p><strong>Sonnenblumenhonig<\/strong><br \/>\nUnser Sonnenblumenhonig stammt aus den riesigen Gebieten mit industriefernen Sonnenblumenfeldern in Osteuropa. Dieser Honig bringt mit seiner sonnengelben Farbe die Sonne auf den Tisch. Er ist ausgewogen, aromatisch mit einem fruchtigen Abgang und schmeckt Gross und Klein.<\/p>\n<p><strong>Honigseife<\/strong><br \/>\nHonigseife aus 100% nat\u00fcrlichen Inhaltsstoffen, ohne zus\u00e4tzliche Duftstoffe. Vor allem als Hand- und Duschseife zu verwenden. Mit 5% R\u00fcckfettung f\u00fcr die Haut. Neutraler Geschmack ohne Zusatz von Parfum.<br \/>\nInhaltsstoffe: Oliven\u00f6l, Kokos\u00f6l, Avocado\u00f6l, Bienenwachs, Wasser, NaOH, Bienenhonig<br \/>\nWichtig: Nach dem Gebrauchen muss die Seife trocknen k\u00f6nnen. Am besten in einer Seifenschale mit Wasserablauf aufbewahren.<br \/>\nHergestellt in der Schweiz.<\/p>\n<p><strong>Bienenwachstuch<\/strong><br \/>\nBaumwolltuch getr\u00e4nkt mit Bienenwachs aus unserem eigenen Bienenwachskreislauf.<br \/>\nVerwendung:<br \/>\nBienenwachst\u00fccher sind eine umweltfreundliche Alternative zu Plastik- und Alufolie und k\u00f6nnen vielseitig verwendet werden.<br \/>\nLebensmittel einwickeln: Obst, Gem\u00fcse, Brot, K\u00e4se, Snacks wie N\u00fcsse und Sandwiches in Bienenwachst\u00fccher einwickeln, um sie frisch zu halten. Die W\u00e4rme der H\u00e4nde macht das Tuch geschmeidig und formbar, sodass es gut haftet.<br \/>\nSch\u00fcsseln abdecken: Bienenwachst\u00fccher eignen sich hervorragend zum Abdecken von Sch\u00fcsseln und Tellern. Einfach das Tuch \u00fcber die Sch\u00fcssel legen und mit den H\u00e4nden andr\u00fccken.<br \/>\nEinfrieren: Auch zum Einfrieren von Lebensmitteln k\u00f6nnen Bienenwachst\u00fccher verwendet werden. Achten Sie darauf, dass die Lebensmittel trocken sind, bevor sie eingewickelt werden.<br \/>\nWiederverwendbar und pflegeleicht: Nach der Verwendung k\u00f6nnen die T\u00fccher einfach mit kaltem Wasser und mildem Sp\u00fclmittel gereinigt und an der Luft getrocknet werden.<br \/>\nHergestellt in der Schweiz.<\/p>\n<p><strong>Factbox<\/strong><br \/>\nVerpackung: Holzbox aus Birke (L x B x H: 16.3 cm x 11.3 cm x 8.1 cm)<br \/>\nGlasgr\u00f6sse: 1 x 350g<br \/>\nHonigsorte: Sonnenblumenhonig<br \/>\nSeife: Honigseife mit Bienenwachs (90g)<\/p>\n<p><strong>N\u00e4hrwertinformationen:<\/strong><strong><br \/>\n<\/strong><a href=\"https:\/\/bee-family.com\/wp-content\/uploads\/2022\/09\/Naehrwertangaben.pdf\" target=\"_blank\" rel=\"noopener\">N\u00e4hrwertangaben Bee-Family<\/a><\/p>\n<p><strong>Allergikerhinweise:<br \/>\n<\/strong>Honig ist f\u00fcr Kinder unter 12 Monaten nicht zum Verzehr geeignet!<\/p>\n","protected":false},"excerpt":{"rendered":"<p>Honigsolo \u00abHoney &amp; Soap\u00bb<\/p>\n","protected":false},"featured_media":46105,"template":"","meta":[],"product_brand":[],"product_cat":[101,1023,1003,1091,797,999,1088,42,885,52,1225,53],"product_tag":[291],"woo-feed-brand":[],"class_list":{"0":"post-46104","1":"product","2":"type-product","3":"status-publish","4":"has-post-thumbnail","6":"product_cat-honig","7":"product_cat-fuer-mama","8":"product_cat-fuer-sie","9":"product_cat-hobbykoch","10":"product_cat-muttertag","11":"product_cat-valentinstag","12":"product_cat-vatertag","13":"product_cat-kueche","14":"product_cat-koestlichkeiten","15":"product_cat-geschenke","16":"product_cat-genuss","17":"product_cat-geschenksets","18":"product_tag-bee-family-ag","20":"first","21":"instock","22":"taxable","23":"shipping-taxable","24":"purchasable","25":"product-type-simple"},"_links":{"self":[{"href":"https:\/\/www.fleurop-home.ch\/de-ch\/wp-json\/wp\/v2\/product\/46104","targetHints":{"allow":["GET"]}}],"collection":[{"href":"https:\/\/www.fleurop-home.ch\/de-ch\/wp-json\/wp\/v2\/product"}],"about":[{"href":"https:\/\/www.fleurop-home.ch\/de-ch\/wp-json\/wp\/v2\/types\/product"}],"wp:featuredmedia":[{"embeddable":true,"href":"https:\/\/www.fleurop-home.ch\/de-ch\/wp-json\/wp\/v2\/media\/46105"}],"wp:attachment":[{"href":"https:\/\/www.fleurop-home.ch\/de-ch\/wp-json\/wp\/v2\/media?parent=46104"}],"wp:term":[{"taxonomy":"product_brand","embeddable":true,"href":"https:\/\/www.fleurop-home.ch\/de-ch\/wp-json\/wp\/v2\/product_brand?post=46104"},{"taxonomy":"product_cat","embeddable":true,"href":"https:\/\/www.fleurop-home.ch\/de-ch\/wp-json\/wp\/v2\/product_cat?post=46104"},{"taxonomy":"product_tag","embeddable":true,"href":"https:\/\/www.fleurop-home.ch\/de-ch\/wp-json\/wp\/v2\/product_tag?post=46104"},{"taxonomy":"woo-feed-brand","embeddable":true,"href":"https:\/\/www.fleurop-home.ch\/de-ch\/wp-json\/wp\/v2\/woo-feed-brand?post=46104"}],"curies":[{"name":"wp","href":"https:\/\/api.w.org\/{rel}","templated":true}]}}