{"id":4605,"date":"2019-04-08T07:10:13","date_gmt":"2019-04-08T07:10:13","guid":{"rendered":"https:\/\/www.fleurop-home.ch\/?product=engel-klein-schlafend-h8xb6-cm-6-stk"},"modified":"2025-10-27T11:14:45","modified_gmt":"2025-10-27T10:14:45","slug":"engel-klein-schlafend-h8xb6-cm-6-stk","status":"publish","type":"product","link":"https:\/\/www.fleurop-home.ch\/de-ch\/p\/engel-klein-schlafend-h8xb6-cm-6-stk","title":{"rendered":"Engel klein schlafend H8xB6 cm 6 Stk."},"content":{"rendered":"<p style=\"text-align: left;\">Engel sind nicht wegzudenken. Denn fr\u00f6hlich, nachdenklich und kindlich verspielt scheinen sie uns zuzuschauen und uns einen sch\u00f6nen Tag zu w\u00fcnschen.<\/p>\n","protected":false},"excerpt":{"rendered":"<p>Engel klein schlafend H8xB6 cm 6 Stk.<\/p>\n","protected":false},"featured_media":4606,"template":"","meta":[],"product_brand":[],"product_cat":[1190,23,1178,909,1179,911,30,34,35],"product_tag":[282],"woo-feed-brand":[],"class_list":{"0":"post-4605","1":"product","2":"type-product","3":"status-publish","4":"has-post-thumbnail","6":"product_cat-dekoobjekte","7":"product_cat-home-living","8":"product_cat-diy","9":"product_cat-weihnachten","10":"product_cat-weihnachtsdeko","11":"product_cat-accessoires","12":"product_cat-deko-accessoires","13":"product_cat-garten-balkon","14":"product_cat-gartendeko","15":"product_tag-fleurop-interflora","17":"first","18":"instock","19":"taxable","20":"shipping-taxable","21":"purchasable","22":"product-type-simple"},"_links":{"self":[{"href":"https:\/\/www.fleurop-home.ch\/de-ch\/wp-json\/wp\/v2\/product\/4605","targetHints":{"allow":["GET"]}}],"collection":[{"href":"https:\/\/www.fleurop-home.ch\/de-ch\/wp-json\/wp\/v2\/product"}],"about":[{"href":"https:\/\/www.fleurop-home.ch\/de-ch\/wp-json\/wp\/v2\/types\/product"}],"wp:featuredmedia":[{"embeddable":true,"href":"https:\/\/www.fleurop-home.ch\/de-ch\/wp-json\/wp\/v2\/media\/4606"}],"wp:attachment":[{"href":"https:\/\/www.fleurop-home.ch\/de-ch\/wp-json\/wp\/v2\/media?parent=4605"}],"wp:term":[{"taxonomy":"product_brand","embeddable":true,"href":"https:\/\/www.fleurop-home.ch\/de-ch\/wp-json\/wp\/v2\/product_brand?post=4605"},{"taxonomy":"product_cat","embeddable":true,"href":"https:\/\/www.fleurop-home.ch\/de-ch\/wp-json\/wp\/v2\/product_cat?post=4605"},{"taxonomy":"product_tag","embeddable":true,"href":"https:\/\/www.fleurop-home.ch\/de-ch\/wp-json\/wp\/v2\/product_tag?post=4605"},{"taxonomy":"woo-feed-brand","embeddable":true,"href":"https:\/\/www.fleurop-home.ch\/de-ch\/wp-json\/wp\/v2\/woo-feed-brand?post=4605"}],"curies":[{"name":"wp","href":"https:\/\/api.w.org\/{rel}","templated":true}]}}