{"id":46018,"date":"2024-10-21T10:50:28","date_gmt":"2024-10-21T08:50:28","guid":{"rendered":"https:\/\/www.fleurop-home.ch\/de-ch\/p\/chanoyu-japan-coffret"},"modified":"2026-02-05T13:35:40","modified_gmt":"2026-02-05T12:35:40","slug":"chanoyu-japan-geschenkset","status":"publish","type":"product","link":"https:\/\/www.fleurop-home.ch\/de-ch\/p\/chanoyu-japan-geschenkset","title":{"rendered":"CHANOYU JAPAN GESCHENKSET"},"content":{"rendered":"<p>Die Japan-Box enth\u00e4lt 4 Gr\u00fcntees, die die Vielfalt der besten Terroirs Japans zum Ausdruck bringen: Japanischer Genmaicha, Hojicha, Japanischer Sencha Sommer und Kagoshima Gyokuro (Grand Cru). Diese Auswahl steht unter dem Symbol des legend\u00e4ren Sakura-Baums, dessen Bl\u00fcte jedes Jahr zu Fr\u00fchlingsbeginn gefeiert wird, denn die Schachtel enth\u00e4lt eine nat\u00fcrliche Seife (aus pflanzlichem Glyzerin, Brombeeren und Sakura-Extrakt), die in Japan f\u00fcr Chanoyu hergestellt und verpackt wurde.<\/p>\n","protected":false},"excerpt":{"rendered":"<p>Enth\u00e4lt- Japanischer Genmaicha N\u00b023- Hojicha Nr. 43- Japanischer Sencha Sommer N\u00b020- Kagoshima Gyokuro Nr. 21- Nat\u00fcrliche Seif<\/p>\n","protected":false},"featured_media":46017,"template":"","meta":[],"product_brand":[],"product_cat":[956,1023,797,1020,1018,984,993,909,916,42,885,52,1225,53],"product_tag":[948],"woo-feed-brand":[],"class_list":{"0":"post-46018","1":"product","2":"type-product","3":"status-publish","4":"has-post-thumbnail","6":"product_cat-tee","7":"product_cat-fuer-mama","8":"product_cat-muttertag","9":"product_cat-ostergeschenke","10":"product_cat-ostern","11":"product_cat-silvester","12":"product_cat-silvestergeschenke","13":"product_cat-weihnachten","14":"product_cat-praesente","15":"product_cat-kueche","16":"product_cat-koestlichkeiten","17":"product_cat-geschenke","18":"product_cat-genuss","19":"product_cat-geschenksets","20":"product_tag-chanoyu-tea","22":"first","23":"instock","24":"taxable","25":"shipping-taxable","26":"purchasable","27":"product-type-simple"},"_links":{"self":[{"href":"https:\/\/www.fleurop-home.ch\/de-ch\/wp-json\/wp\/v2\/product\/46018","targetHints":{"allow":["GET"]}}],"collection":[{"href":"https:\/\/www.fleurop-home.ch\/de-ch\/wp-json\/wp\/v2\/product"}],"about":[{"href":"https:\/\/www.fleurop-home.ch\/de-ch\/wp-json\/wp\/v2\/types\/product"}],"wp:featuredmedia":[{"embeddable":true,"href":"https:\/\/www.fleurop-home.ch\/de-ch\/wp-json\/wp\/v2\/media\/46017"}],"wp:attachment":[{"href":"https:\/\/www.fleurop-home.ch\/de-ch\/wp-json\/wp\/v2\/media?parent=46018"}],"wp:term":[{"taxonomy":"product_brand","embeddable":true,"href":"https:\/\/www.fleurop-home.ch\/de-ch\/wp-json\/wp\/v2\/product_brand?post=46018"},{"taxonomy":"product_cat","embeddable":true,"href":"https:\/\/www.fleurop-home.ch\/de-ch\/wp-json\/wp\/v2\/product_cat?post=46018"},{"taxonomy":"product_tag","embeddable":true,"href":"https:\/\/www.fleurop-home.ch\/de-ch\/wp-json\/wp\/v2\/product_tag?post=46018"},{"taxonomy":"woo-feed-brand","embeddable":true,"href":"https:\/\/www.fleurop-home.ch\/de-ch\/wp-json\/wp\/v2\/woo-feed-brand?post=46018"}],"curies":[{"name":"wp","href":"https:\/\/api.w.org\/{rel}","templated":true}]}}