{"id":46013,"date":"2024-10-21T10:50:23","date_gmt":"2024-10-21T08:50:23","guid":{"rendered":"https:\/\/www.fleurop-home.ch\/de-ch\/p\/chanoyu-explore-coffret"},"modified":"2026-02-05T13:35:41","modified_gmt":"2026-02-05T12:35:41","slug":"chanoyu-explore-geschenkset","status":"publish","type":"product","link":"https:\/\/www.fleurop-home.ch\/de-ch\/p\/chanoyu-explore-geschenkset","title":{"rendered":"CHANOYU EXPLORE GESCHENKSET"},"content":{"rendered":"<p>Die Explore-Box bietet eine olfaktorische und geschmackliche Reise durch die Vielfalt und den Genuss von Tee mit 3 originellen Mischungen: Masala Cha\u00ef (schwarzer Tee), Daytox Green Orange (gr\u00fcner Tee) und Wake Up, ein Aufguss mit Kr\u00e4utern und Fr\u00fcchten. Diese exzellenten Tees mit kontrastreichen Geschmacksrichtungen werden von unserer eleganten Thermoskanne begleitet, damit du deinen Lieblingstee \u00fcberallhin mitnehmen kannst. Schone unseren Planeten, indem du deine Thermoskanne zu jeder Tageszeit wiederverwendest, ohne Abfall zu produzieren.<\/p>\n","protected":false},"excerpt":{"rendered":"<p>Enth\u00e4lt- Masala Cha\u00ef N\u00b040- Daytox Gr\u00fcne Orange N\u00b010- Wake Up N\u00b037- Chanoyu Thermoskanne<\/p>\n","protected":false},"featured_media":46012,"template":"","meta":[],"product_brand":[],"product_cat":[956,1023,797,984,993,909,916,42,885,52,1225,53],"product_tag":[948],"woo-feed-brand":[],"class_list":{"0":"post-46013","1":"product","2":"type-product","3":"status-publish","4":"has-post-thumbnail","6":"product_cat-tee","7":"product_cat-fuer-mama","8":"product_cat-muttertag","9":"product_cat-silvester","10":"product_cat-silvestergeschenke","11":"product_cat-weihnachten","12":"product_cat-praesente","13":"product_cat-kueche","14":"product_cat-koestlichkeiten","15":"product_cat-geschenke","16":"product_cat-genuss","17":"product_cat-geschenksets","18":"product_tag-chanoyu-tea","20":"first","21":"instock","22":"taxable","23":"shipping-taxable","24":"purchasable","25":"product-type-simple"},"_links":{"self":[{"href":"https:\/\/www.fleurop-home.ch\/de-ch\/wp-json\/wp\/v2\/product\/46013","targetHints":{"allow":["GET"]}}],"collection":[{"href":"https:\/\/www.fleurop-home.ch\/de-ch\/wp-json\/wp\/v2\/product"}],"about":[{"href":"https:\/\/www.fleurop-home.ch\/de-ch\/wp-json\/wp\/v2\/types\/product"}],"wp:featuredmedia":[{"embeddable":true,"href":"https:\/\/www.fleurop-home.ch\/de-ch\/wp-json\/wp\/v2\/media\/46012"}],"wp:attachment":[{"href":"https:\/\/www.fleurop-home.ch\/de-ch\/wp-json\/wp\/v2\/media?parent=46013"}],"wp:term":[{"taxonomy":"product_brand","embeddable":true,"href":"https:\/\/www.fleurop-home.ch\/de-ch\/wp-json\/wp\/v2\/product_brand?post=46013"},{"taxonomy":"product_cat","embeddable":true,"href":"https:\/\/www.fleurop-home.ch\/de-ch\/wp-json\/wp\/v2\/product_cat?post=46013"},{"taxonomy":"product_tag","embeddable":true,"href":"https:\/\/www.fleurop-home.ch\/de-ch\/wp-json\/wp\/v2\/product_tag?post=46013"},{"taxonomy":"woo-feed-brand","embeddable":true,"href":"https:\/\/www.fleurop-home.ch\/de-ch\/wp-json\/wp\/v2\/woo-feed-brand?post=46013"}],"curies":[{"name":"wp","href":"https:\/\/api.w.org\/{rel}","templated":true}]}}