{"id":4565,"date":"2019-04-02T12:50:40","date_gmt":"2019-04-02T12:50:40","guid":{"rendered":"https:\/\/www.fleurop-home.ch\/?product=ubertopf-wave-salbeigrun-keramik-o-13-cm-h15-cm"},"modified":"2026-02-04T13:10:12","modified_gmt":"2026-02-04T12:10:12","slug":"ubertopf-wave-salbeigrun-keramik-o-13-cm-h15-cm","status":"publish","type":"product","link":"https:\/\/www.fleurop-home.ch\/de-ch\/p\/ubertopf-wave-salbeigrun-keramik-o-13-cm-h15-cm","title":{"rendered":"\u00dcbertopf Wave salbeigr\u00fcn Keramik \u00d8 13 cm H15 cm"},"content":{"rendered":"<p style=\"text-align: left\">Ob stylisch, puristisch oder rustikal: Erst der passende \u00dcbertopf holt aus einer Pflanze das ganze Potenzial heraus.<\/p>\n","protected":false},"excerpt":{"rendered":"<p>\u00dcbertopf Wave salbeigr\u00fcn Keramik \u00d8 13 cm H15 cm<\/p>\n","protected":false},"featured_media":4566,"template":"","meta":[],"product_brand":[],"product_cat":[40,23,1198,27,34],"product_tag":[282],"woo-feed-brand":[],"class_list":{"0":"post-4565","1":"product","2":"type-product","3":"status-publish","4":"has-post-thumbnail","6":"product_cat-uebertoepfe","7":"product_cat-home-living","8":"product_cat-toepfe","9":"product_cat-vasen-gefaesse","10":"product_cat-garten-balkon","11":"product_tag-fleurop-interflora","13":"first","14":"instock","15":"taxable","16":"shipping-taxable","17":"purchasable","18":"product-type-simple"},"_links":{"self":[{"href":"https:\/\/www.fleurop-home.ch\/de-ch\/wp-json\/wp\/v2\/product\/4565","targetHints":{"allow":["GET"]}}],"collection":[{"href":"https:\/\/www.fleurop-home.ch\/de-ch\/wp-json\/wp\/v2\/product"}],"about":[{"href":"https:\/\/www.fleurop-home.ch\/de-ch\/wp-json\/wp\/v2\/types\/product"}],"wp:featuredmedia":[{"embeddable":true,"href":"https:\/\/www.fleurop-home.ch\/de-ch\/wp-json\/wp\/v2\/media\/4566"}],"wp:attachment":[{"href":"https:\/\/www.fleurop-home.ch\/de-ch\/wp-json\/wp\/v2\/media?parent=4565"}],"wp:term":[{"taxonomy":"product_brand","embeddable":true,"href":"https:\/\/www.fleurop-home.ch\/de-ch\/wp-json\/wp\/v2\/product_brand?post=4565"},{"taxonomy":"product_cat","embeddable":true,"href":"https:\/\/www.fleurop-home.ch\/de-ch\/wp-json\/wp\/v2\/product_cat?post=4565"},{"taxonomy":"product_tag","embeddable":true,"href":"https:\/\/www.fleurop-home.ch\/de-ch\/wp-json\/wp\/v2\/product_tag?post=4565"},{"taxonomy":"woo-feed-brand","embeddable":true,"href":"https:\/\/www.fleurop-home.ch\/de-ch\/wp-json\/wp\/v2\/woo-feed-brand?post=4565"}],"curies":[{"name":"wp","href":"https:\/\/api.w.org\/{rel}","templated":true}]}}