{"id":45612,"date":"2024-10-17T12:53:09","date_gmt":"2024-10-17T10:53:09","guid":{"rendered":"https:\/\/www.fleurop-home.ch\/de-ch\/?post_type=product&#038;p=45612"},"modified":"2025-11-04T14:13:21","modified_gmt":"2025-11-04T13:13:21","slug":"c-derma-by-celine-massageoel","status":"publish","type":"product","link":"https:\/\/www.fleurop-home.ch\/de-ch\/p\/c-derma-by-celine-massageoel","title":{"rendered":"C-Derma by C\u00e9line Massage\u00f6l"},"content":{"rendered":"<p>Wirkt positiv auf Entz\u00fcndungen, Verspannungen und Schmerzen in Muskeln und Gelenken nach einem harten Tag oder k\u00f6rperlicher Aktivit\u00e4t.<\/p>\n<p>Das \u00d6l macht die Haut weich, spendet Feuchtigkeit und pflegt die Haut.<\/p>\n<p>Empfehlung: Am Abend anwenden, damit sich die Muskeln \u00fcber Nacht entspannen k\u00f6nnen.<\/p>\n","protected":false},"excerpt":{"rendered":"<p>C-Derma by C\u00e9line Massage\u00f6l mit CBD<\/p>\n","protected":false},"featured_media":45577,"template":"","meta":[],"product_brand":[],"product_cat":[1176,910,1208,909,915,48],"product_tag":[945],"woo-feed-brand":[],"class_list":{"0":"post-45612","1":"product","2":"type-product","3":"status-publish","4":"has-post-thumbnail","6":"product_cat-wohlbefinden","7":"product_cat-geschenkideen","8":"product_cat-ueber-25-chf","9":"product_cat-weihnachten","10":"product_cat-wichteln","11":"product_cat-bad-wellness","12":"product_tag-c-derma-by-celine","14":"first","15":"instock","16":"sold-individually","17":"taxable","18":"shipping-taxable","19":"purchasable","20":"product-type-simple"},"_links":{"self":[{"href":"https:\/\/www.fleurop-home.ch\/de-ch\/wp-json\/wp\/v2\/product\/45612","targetHints":{"allow":["GET"]}}],"collection":[{"href":"https:\/\/www.fleurop-home.ch\/de-ch\/wp-json\/wp\/v2\/product"}],"about":[{"href":"https:\/\/www.fleurop-home.ch\/de-ch\/wp-json\/wp\/v2\/types\/product"}],"wp:featuredmedia":[{"embeddable":true,"href":"https:\/\/www.fleurop-home.ch\/de-ch\/wp-json\/wp\/v2\/media\/45577"}],"wp:attachment":[{"href":"https:\/\/www.fleurop-home.ch\/de-ch\/wp-json\/wp\/v2\/media?parent=45612"}],"wp:term":[{"taxonomy":"product_brand","embeddable":true,"href":"https:\/\/www.fleurop-home.ch\/de-ch\/wp-json\/wp\/v2\/product_brand?post=45612"},{"taxonomy":"product_cat","embeddable":true,"href":"https:\/\/www.fleurop-home.ch\/de-ch\/wp-json\/wp\/v2\/product_cat?post=45612"},{"taxonomy":"product_tag","embeddable":true,"href":"https:\/\/www.fleurop-home.ch\/de-ch\/wp-json\/wp\/v2\/product_tag?post=45612"},{"taxonomy":"woo-feed-brand","embeddable":true,"href":"https:\/\/www.fleurop-home.ch\/de-ch\/wp-json\/wp\/v2\/woo-feed-brand?post=45612"}],"curies":[{"name":"wp","href":"https:\/\/api.w.org\/{rel}","templated":true}]}}