{"id":45284,"date":"2024-10-09T15:09:09","date_gmt":"2024-10-09T13:09:09","guid":{"rendered":"https:\/\/www.fleurop-home.ch\/?post_type=product&#038;p=45284"},"modified":"2025-05-12T13:43:00","modified_gmt":"2025-05-12T11:43:00","slug":"12x-chimichurri-sauce","status":"publish","type":"product","link":"https:\/\/www.fleurop-home.ch\/de-ch\/p\/12x-chimichurri-sauce","title":{"rendered":"12x Chimichurri Sauce"},"content":{"rendered":"<p><strong>Zutaten:<br \/>\n<\/strong>Sonnenblumen\u00f6l, Knoblauch, Zwiebeln, Basilikum, Petersilie, Kochsalz jodiert, Paprika, Apfelessig, Pfeffer, Zucker, S\u00e4uerungsmittel: Zitronens\u00e4ure.<\/p>\n<p><strong>Nach dem \u00d6ffnen gek\u00fchlt lagern.<\/strong><\/p>\n<p><strong>N\u00e4hrwertdeklaration pro 100g<\/strong><br \/>\nEnergie: 1492 kJ (362 kcal)<br \/>\nFett 34.9g<br \/>\n\u2013 davon ges\u00e4ttigte Fetts\u00e4uren 3.8g<br \/>\nKohlenhydrate 8.5g<br \/>\n\u2013 davon Zucker 5.5g<br \/>\nEiweiss 2.3g<br \/>\nSalz 5.5g<\/p>\n<p><strong>Mindestbestellmenge:<br \/>\n<\/strong>12 x 220 g Chimichurri-Gl\u00e4ser<\/p>\n","protected":false},"excerpt":{"rendered":"<p>chimichu.club Chimichurri \u2013 Kr\u00e4uter- und Gew\u00fcrzzubereitung<\/p>\n<p>Die etwas andere Chimichurri Sauce. An alle Fleisch- und Grill-Lovers, diese Chimichurri hat die Qualit\u00e4t, den Geschmack von Fleisch, Fisch, Gem\u00fcse, Wein und vielem mehr zu intensivieren.<\/p>\n","protected":false},"featured_media":45285,"template":"","meta":[],"product_brand":[],"product_cat":[111,1091,1088,42,885],"product_tag":[943],"woo-feed-brand":[],"class_list":{"0":"post-45284","1":"product","2":"type-product","3":"status-publish","4":"has-post-thumbnail","6":"product_cat-saucen","7":"product_cat-hobbykoch","8":"product_cat-vatertag","9":"product_cat-kueche","10":"product_cat-koestlichkeiten","11":"product_tag-chimichu-club-by-vengo-gmbh","13":"first","14":"instock","15":"taxable","16":"shipping-taxable","17":"purchasable","18":"product-type-simple"},"_links":{"self":[{"href":"https:\/\/www.fleurop-home.ch\/de-ch\/wp-json\/wp\/v2\/product\/45284","targetHints":{"allow":["GET"]}}],"collection":[{"href":"https:\/\/www.fleurop-home.ch\/de-ch\/wp-json\/wp\/v2\/product"}],"about":[{"href":"https:\/\/www.fleurop-home.ch\/de-ch\/wp-json\/wp\/v2\/types\/product"}],"wp:featuredmedia":[{"embeddable":true,"href":"https:\/\/www.fleurop-home.ch\/de-ch\/wp-json\/wp\/v2\/media\/45285"}],"wp:attachment":[{"href":"https:\/\/www.fleurop-home.ch\/de-ch\/wp-json\/wp\/v2\/media?parent=45284"}],"wp:term":[{"taxonomy":"product_brand","embeddable":true,"href":"https:\/\/www.fleurop-home.ch\/de-ch\/wp-json\/wp\/v2\/product_brand?post=45284"},{"taxonomy":"product_cat","embeddable":true,"href":"https:\/\/www.fleurop-home.ch\/de-ch\/wp-json\/wp\/v2\/product_cat?post=45284"},{"taxonomy":"product_tag","embeddable":true,"href":"https:\/\/www.fleurop-home.ch\/de-ch\/wp-json\/wp\/v2\/product_tag?post=45284"},{"taxonomy":"woo-feed-brand","embeddable":true,"href":"https:\/\/www.fleurop-home.ch\/de-ch\/wp-json\/wp\/v2\/woo-feed-brand?post=45284"}],"curies":[{"name":"wp","href":"https:\/\/api.w.org\/{rel}","templated":true}]}}