{"id":45206,"date":"2024-10-08T09:24:59","date_gmt":"2024-10-08T07:24:59","guid":{"rendered":"https:\/\/www.fleurop-home.ch\/?post_type=product&#038;p=45206"},"modified":"2026-03-05T07:24:38","modified_gmt":"2026-03-05T06:24:38","slug":"geschenkgutschein-chf-50-der-rhaetischen-bahn","status":"publish","type":"product","link":"https:\/\/www.fleurop-home.ch\/de-ch\/p\/geschenkgutschein-chf-50-der-rhaetischen-bahn","title":{"rendered":"Geschenkgutschein CHF 50.- der Rh\u00e4tischen Bahn"},"content":{"rendered":"<p>\u00dcberrasche jemanden mit einem unvergesslichen Ausflug. Ob genussvoll durch Graub\u00fcnden mit einer Kulinarik-Reise oder ein St\u00fcck Bahngeschichte mit einer historischen Fahrt. F\u00fcr jeden Geschmack gibt\u2019s das passende Bahnerlebnis.<\/p>\n","protected":false},"excerpt":{"rendered":"<p>Geschenkgutschein CHF 50.- der Rh\u00e4tischen Bahn<\/p>\n","protected":false},"featured_media":45629,"template":"","meta":[],"product_brand":[],"product_cat":[57,1088,1092,52],"product_tag":[282],"woo-feed-brand":[],"class_list":{"0":"post-45206","1":"product","2":"type-product","3":"status-publish","4":"has-post-thumbnail","6":"product_cat-geschenkkarten","7":"product_cat-vatertag","8":"product_cat-wohlfuehltyp","9":"product_cat-geschenke","10":"product_tag-fleurop-interflora","12":"first","13":"instock","14":"taxable","15":"shipping-taxable","16":"purchasable","17":"product-type-simple"},"_links":{"self":[{"href":"https:\/\/www.fleurop-home.ch\/de-ch\/wp-json\/wp\/v2\/product\/45206","targetHints":{"allow":["GET"]}}],"collection":[{"href":"https:\/\/www.fleurop-home.ch\/de-ch\/wp-json\/wp\/v2\/product"}],"about":[{"href":"https:\/\/www.fleurop-home.ch\/de-ch\/wp-json\/wp\/v2\/types\/product"}],"wp:featuredmedia":[{"embeddable":true,"href":"https:\/\/www.fleurop-home.ch\/de-ch\/wp-json\/wp\/v2\/media\/45629"}],"wp:attachment":[{"href":"https:\/\/www.fleurop-home.ch\/de-ch\/wp-json\/wp\/v2\/media?parent=45206"}],"wp:term":[{"taxonomy":"product_brand","embeddable":true,"href":"https:\/\/www.fleurop-home.ch\/de-ch\/wp-json\/wp\/v2\/product_brand?post=45206"},{"taxonomy":"product_cat","embeddable":true,"href":"https:\/\/www.fleurop-home.ch\/de-ch\/wp-json\/wp\/v2\/product_cat?post=45206"},{"taxonomy":"product_tag","embeddable":true,"href":"https:\/\/www.fleurop-home.ch\/de-ch\/wp-json\/wp\/v2\/product_tag?post=45206"},{"taxonomy":"woo-feed-brand","embeddable":true,"href":"https:\/\/www.fleurop-home.ch\/de-ch\/wp-json\/wp\/v2\/woo-feed-brand?post=45206"}],"curies":[{"name":"wp","href":"https:\/\/api.w.org\/{rel}","templated":true}]}}