{"id":4485,"date":"2019-01-21T15:13:33","date_gmt":"2019-01-21T15:13:33","guid":{"rendered":"https:\/\/www.fleurop-home.ch\/?product=milchschokolade-von-munz-in-geschenkdose-heart"},"modified":"2025-11-04T15:00:33","modified_gmt":"2025-11-04T14:00:33","slug":"milchschokolade-von-munz-in-geschenkdose-heart","status":"publish","type":"product","link":"https:\/\/www.fleurop-home.ch\/de-ch\/p\/milchschokolade-von-munz-in-geschenkdose-heart","title":{"rendered":"Milchschokolade von Munz in Geschenkdose \u00abHeart\u00bb"},"content":{"rendered":"<p style=\"text-align: left;\">Eine Tafel Schweizer Milchschokolade (100 g) von Munz in einer liebevoll gestalteten Geschenkdose.<\/p>\n<table style=\"height: 156px;\" width=\"599\">\n<tbody>\n<tr>\n<td width=\"522\"><strong>Zutaten<\/strong><\/td>\n<\/tr>\n<tr>\n<td>Zucker, Vollmilchpulver, Kakaobutter, Kakaomasse, Haseln\u00fcsse, Emulgator (Soja-Lezithin), nat\u00fcrliches Aroma.<\/td>\n<\/tr>\n<tr>\n<td><strong>N\u00e4hrtwertinformationen<\/strong><\/td>\n<\/tr>\n<tr>\n<td>Energiewert: 2310 kJ \/ 553 kcal, Fett: 34g, davon ges\u00e4ttigte Fetts\u00e4uren: 20g, Kohlenhydrate: 52g,\u00a0 davon Zucker: 51g, Eiweiss: 8,4, Salz: 0.25g zur\u00fcckzuf\u00fchren auf nat\u00fcrlich vorkommendes Natrium.<\/td>\n<\/tr>\n<tr>\n<td><strong>Allergikerhinweise<\/strong><\/td>\n<\/tr>\n<tr>\n<td>Enth\u00e4lt: Milch, Haseln\u00fcsse, Butter, Soja.<br \/>\nKann Mandeln enthalten.<\/td>\n<\/tr>\n<tr>\n<td><strong>Herkunftsland<\/strong><\/td>\n<\/tr>\n<tr>\n<td>Schweiz<\/td>\n<\/tr>\n<\/tbody>\n<\/table>\n<p style=\"text-align: left;\"><strong>Dies ist ein \u00abFleurop Edition\u00bb Produkt.<\/strong><\/p>\n","protected":false},"excerpt":{"rendered":"<p>Milchschokolade von Munz in Geschenkdose \u00abHeart\u00bb<\/p>\n","protected":false},"featured_media":4486,"template":"","meta":[],"product_brand":[],"product_cat":[114,1003,1090,910,1001,984,993,1207,999,1088,909,915,42,885,52,54],"product_tag":[282],"woo-feed-brand":[],"class_list":{"0":"post-4485","1":"product","2":"type-product","3":"status-publish","4":"has-post-thumbnail","6":"product_cat-schokolade-sweets","7":"product_cat-fuer-sie","8":"product_cat-geniesser","9":"product_cat-geschenkideen","10":"product_cat-leckereien","11":"product_cat-silvester","12":"product_cat-silvestergeschenke","13":"product_cat-unter-25-chf","14":"product_cat-valentinstag","15":"product_cat-vatertag","16":"product_cat-weihnachten","17":"product_cat-wichteln","18":"product_cat-kueche","19":"product_cat-koestlichkeiten","20":"product_cat-geschenke","21":"product_cat-feinkost","22":"product_tag-fleurop-interflora","24":"first","25":"instock","26":"taxable","27":"shipping-taxable","28":"purchasable","29":"product-type-simple"},"_links":{"self":[{"href":"https:\/\/www.fleurop-home.ch\/de-ch\/wp-json\/wp\/v2\/product\/4485","targetHints":{"allow":["GET"]}}],"collection":[{"href":"https:\/\/www.fleurop-home.ch\/de-ch\/wp-json\/wp\/v2\/product"}],"about":[{"href":"https:\/\/www.fleurop-home.ch\/de-ch\/wp-json\/wp\/v2\/types\/product"}],"wp:featuredmedia":[{"embeddable":true,"href":"https:\/\/www.fleurop-home.ch\/de-ch\/wp-json\/wp\/v2\/media\/4486"}],"wp:attachment":[{"href":"https:\/\/www.fleurop-home.ch\/de-ch\/wp-json\/wp\/v2\/media?parent=4485"}],"wp:term":[{"taxonomy":"product_brand","embeddable":true,"href":"https:\/\/www.fleurop-home.ch\/de-ch\/wp-json\/wp\/v2\/product_brand?post=4485"},{"taxonomy":"product_cat","embeddable":true,"href":"https:\/\/www.fleurop-home.ch\/de-ch\/wp-json\/wp\/v2\/product_cat?post=4485"},{"taxonomy":"product_tag","embeddable":true,"href":"https:\/\/www.fleurop-home.ch\/de-ch\/wp-json\/wp\/v2\/product_tag?post=4485"},{"taxonomy":"woo-feed-brand","embeddable":true,"href":"https:\/\/www.fleurop-home.ch\/de-ch\/wp-json\/wp\/v2\/woo-feed-brand?post=4485"}],"curies":[{"name":"wp","href":"https:\/\/api.w.org\/{rel}","templated":true}]}}