{"id":4435,"date":"2018-12-12T07:49:56","date_gmt":"2018-12-12T07:49:56","guid":{"rendered":"https:\/\/www.fleurop-home.ch\/?product=schokolade-gluckskafer-von-munz"},"modified":"2025-11-04T15:07:33","modified_gmt":"2025-11-04T14:07:33","slug":"schokolade-gluckskafer-von-munz","status":"publish","type":"product","link":"https:\/\/www.fleurop-home.ch\/de-ch\/p\/schokolade-gluckskafer-von-munz","title":{"rendered":"Schokolade-Gl\u00fccksk\u00e4fer von Munz"},"content":{"rendered":"<p style=\"text-align: left;\">Diese originelle Packung beinhaltet 32 kleine Gl\u00fccksk\u00e4fer, 150g feinste Schweizer Milchschokolade mit Pralin\u00e9f\u00fcllung.<\/p>\n<table width=\"650\">\n<tbody>\n<tr>\n<td width=\"650\"><strong>Zutaten<\/strong><\/td>\n<\/tr>\n<tr>\n<td>Zucker, Kakaobutter, Kakaomasse, Vollmilchpulver, Pflanzenfett (\u00d6lpalme), Haseln\u00fcsse (8%), Magermilchpulver, Sojamehl, Emulgator (Soja-Lezithin), Vanilleextrakt.<\/td>\n<\/tr>\n<tr>\n<td><strong>N\u00e4hrtwertinformationen<\/strong><\/td>\n<\/tr>\n<tr>\n<td>Energiewert: 2340 kJ \/ 559 kcal, Fett: 36g, davon ges\u00e4ttigte Fetts\u00e4uren: 21g, Kohlenhydrate: 51g,\u00a0 davon Zucker: 50g, Eiweiss: 7.3g, Salz: 0.15g zur\u00fcckzuf\u00fchren auf nat\u00fcrlich vorkommendes Natrium.<\/td>\n<\/tr>\n<tr>\n<td><strong>Allergikerhinweise<\/strong><\/td>\n<\/tr>\n<tr>\n<td>Enth\u00e4lt: Milch, Haseln\u00fcsse, Soja. Kann Mandeln enthalten.<\/td>\n<\/tr>\n<tr>\n<td><strong>Herkunftsland<\/strong><\/td>\n<\/tr>\n<tr>\n<td>Schweiz<\/td>\n<\/tr>\n<\/tbody>\n<\/table>\n<p style=\"text-align: left;\"><strong>Dies ist ein \u00abFleurop Edition\u00bb Produkt.<\/strong><\/p>\n","protected":false},"excerpt":{"rendered":"<p>Schokolade-Gl\u00fccksk\u00e4fer (150g) von Munz<\/p>\n","protected":false},"featured_media":4436,"template":"","meta":[],"product_brand":[],"product_cat":[114,1090,910,1001,984,993,1207,999,1088,909,915,42,885,52,54],"product_tag":[282],"woo-feed-brand":[],"class_list":{"0":"post-4435","1":"product","2":"type-product","3":"status-publish","4":"has-post-thumbnail","6":"product_cat-schokolade-sweets","7":"product_cat-geniesser","8":"product_cat-geschenkideen","9":"product_cat-leckereien","10":"product_cat-silvester","11":"product_cat-silvestergeschenke","12":"product_cat-unter-25-chf","13":"product_cat-valentinstag","14":"product_cat-vatertag","15":"product_cat-weihnachten","16":"product_cat-wichteln","17":"product_cat-kueche","18":"product_cat-koestlichkeiten","19":"product_cat-geschenke","20":"product_cat-feinkost","21":"product_tag-fleurop-interflora","23":"first","24":"instock","25":"taxable","26":"shipping-taxable","27":"purchasable","28":"product-type-simple"},"_links":{"self":[{"href":"https:\/\/www.fleurop-home.ch\/de-ch\/wp-json\/wp\/v2\/product\/4435","targetHints":{"allow":["GET"]}}],"collection":[{"href":"https:\/\/www.fleurop-home.ch\/de-ch\/wp-json\/wp\/v2\/product"}],"about":[{"href":"https:\/\/www.fleurop-home.ch\/de-ch\/wp-json\/wp\/v2\/types\/product"}],"wp:featuredmedia":[{"embeddable":true,"href":"https:\/\/www.fleurop-home.ch\/de-ch\/wp-json\/wp\/v2\/media\/4436"}],"wp:attachment":[{"href":"https:\/\/www.fleurop-home.ch\/de-ch\/wp-json\/wp\/v2\/media?parent=4435"}],"wp:term":[{"taxonomy":"product_brand","embeddable":true,"href":"https:\/\/www.fleurop-home.ch\/de-ch\/wp-json\/wp\/v2\/product_brand?post=4435"},{"taxonomy":"product_cat","embeddable":true,"href":"https:\/\/www.fleurop-home.ch\/de-ch\/wp-json\/wp\/v2\/product_cat?post=4435"},{"taxonomy":"product_tag","embeddable":true,"href":"https:\/\/www.fleurop-home.ch\/de-ch\/wp-json\/wp\/v2\/product_tag?post=4435"},{"taxonomy":"woo-feed-brand","embeddable":true,"href":"https:\/\/www.fleurop-home.ch\/de-ch\/wp-json\/wp\/v2\/woo-feed-brand?post=4435"}],"curies":[{"name":"wp","href":"https:\/\/api.w.org\/{rel}","templated":true}]}}