{"id":4433,"date":"2018-12-12T07:40:49","date_gmt":"2018-12-12T07:40:49","guid":{"rendered":"https:\/\/www.fleurop-home.ch\/?product=gottlieber-geschenk-set-mit-gruntee-fruchtetee-und-weissem-tee"},"modified":"2026-02-05T14:31:13","modified_gmt":"2026-02-05T13:31:13","slug":"gottlieber-geschenk-set-mit-gruntee-fruchtetee-und-weissem-tee","status":"publish","type":"product","link":"https:\/\/www.fleurop-home.ch\/de-ch\/p\/gottlieber-geschenk-set-mit-gruntee-fruchtetee-und-weissem-tee","title":{"rendered":"Gottlieber Geschenk-Set mit Gr\u00fcntee, Fr\u00fcchtetee und Weissem Tee"},"content":{"rendered":"<p style=\"text-align: left;\">Das Set enth\u00e4lt hochwertigen Gunpowder Gr\u00fcntee, leicht pikanten Weissen Tee und erfrischenden Fr\u00fcchtetee. Es begeistert durch erstklassige Qualit\u00e4t, orientalisch angehauchte Tee-Dosen und ein praktisches Tee-Ei.<\/p>\n<p>Mit seinen gerollten Bl\u00e4ttern entfaltet der aus China stammende Gunpowder Gr\u00fcntee ein kraftvolles Aroma mit lebendigem Charakter. Der zu den wertvollsten Teesorten der Welt geh\u00f6rende Weisse Tee hingegen ist mit roten Pfefferperlen aromatisiert und schmeckt deshalb leicht pikant. Und die Fr\u00fcchteteemischung aus Apfelst\u00fccken, Hibiskus, Orangenschalen, Hagebutten, Sonnenblumenbl\u00fcten, Pfirsich- und Vanillest\u00fccken ist ganz einfach ein einzigartiges Geschmackserlebnis. Ein erstklassiges Geschenk, das in dieser Form nur \u00fcber uns erh\u00e4ltlich ist. Pure Wohlf\u00fchl-Momente sind da garantiert.<\/p>\n<p>Inhalt:<\/p>\n<p style=\"text-align: left;\">1 Fr\u00fcchtetee \u00abFr\u00fcchterevolution\u00bb, 40g<br \/>\n1 Weisser Tee \u00abWohlf\u00fchl-Wellness\u00bb, 20g<br \/>\n1 Gunpowder Gr\u00fcntee \u00abBuddhas Liebling\u00bb, 35g<br \/>\n1 praktisches Tee-Ei, \u00d8 3,5 cm<\/p>\n<table width=\"650\">\n<tbody>\n<tr>\n<td style=\"text-align: left;\" width=\"650\"><strong>Zutaten<\/strong><\/td>\n<\/tr>\n<tr>\n<td style=\"text-align: left;\"><strong>Fr\u00fcchtetee:<\/strong> Apfelst\u00fccke, Hibiskus, Orangenschale, Hagebutte, Aromen, Pfirsichst\u00fccke, Sonnenblumenbl\u00fctenbl\u00e4tter, Vanillest\u00fccke.<br \/>\n<strong>Weisstee:<\/strong> Weisstee, roter Pfeffer, F\u00e4rbedistelbl\u00e4tter, Aromen.<br \/>\n<strong>Gr\u00fcntee:<\/strong> Gr\u00fcntee (China).<\/td>\n<\/tr>\n<tr>\n<td style=\"text-align: left;\"><strong>Allergikerhinweise<\/strong><\/td>\n<\/tr>\n<tr>\n<td style=\"text-align: left;\">Alle 3 Sorten: Kann Sojabohnen, Milch und N\u00fcsse enthalten.<\/td>\n<\/tr>\n<tr>\n<td style=\"text-align: left;\"><strong>Herkunftsland<\/strong><\/td>\n<\/tr>\n<tr>\n<td style=\"text-align: left;\">Frankreich<\/td>\n<\/tr>\n<\/tbody>\n<\/table>\n<p style=\"text-align: left;\"><strong>Dies ist ein \u00abFleurop Edition\u00bb Produkt.<\/strong><\/p>\n<p>&nbsp;<\/p>\n<p>Dieses Produkt findest du auch in unserem Deko-Tipp: <a href=\"https:\/\/www.fleurop-home.ch\/de-ch\/erfrischende-gottlieber-eistee-rezepte\"><em>Erfrischende Gottlieber Eistee-Rezepte<\/em><\/a><\/p>\n<p><a href=\"https:\/\/www.fleurop-home.ch\/de-ch\/erfrischende-gottlieber-eistee-rezepte\"><img fetchpriority=\"high\" decoding=\"async\" class=\"size-medium wp-image-4241\" src=\"https:\/\/www.fleurop-home.ch\/wp-content\/uploads\/2024\/02\/IMG_20190415_162641-bearbeitet-600x450.jpg\" alt=\"\" width=\"600\" height=\"450\" srcset=\"https:\/\/www.fleurop-home.ch\/wp-content\/uploads\/2024\/02\/IMG_20190415_162641-bearbeitet-600x450.jpg 600w, https:\/\/www.fleurop-home.ch\/wp-content\/uploads\/2024\/02\/IMG_20190415_162641-bearbeitet-1920x1440.jpg 1920w, https:\/\/www.fleurop-home.ch\/wp-content\/uploads\/2024\/02\/IMG_20190415_162641-bearbeitet-768x576.jpg 768w, https:\/\/www.fleurop-home.ch\/wp-content\/uploads\/2024\/02\/IMG_20190415_162641-bearbeitet-1536x1152.jpg 1536w, https:\/\/www.fleurop-home.ch\/wp-content\/uploads\/2024\/02\/IMG_20190415_162641-bearbeitet-scaled.jpg 2048w, https:\/\/www.fleurop-home.ch\/wp-content\/uploads\/2024\/02\/IMG_20190415_162641-bearbeitet-16x12.jpg 16w\" sizes=\"(max-width: 600px) 100vw, 600px\" \/><\/a><\/p>\n<p>&nbsp;<\/p>\n<p><iframe title=\"How to Gottlieber Iced Fruechterevolution DE\" width=\"800\" height=\"450\" src=\"https:\/\/www.youtube.com\/embed\/HwA1aHhI8Vk?feature=oembed&#038;enablejsapi=1&#038;origin=https:\/\/www.fleurop-home.ch\" frameborder=\"0\" allow=\"accelerometer; autoplay; clipboard-write; encrypted-media; gyroscope; picture-in-picture; web-share\" referrerpolicy=\"strict-origin-when-cross-origin\" allowfullscreen><\/iframe><\/p>\n<p>&nbsp;<\/p>\n","protected":false},"excerpt":{"rendered":"<p>Gottlieber Geschenk-Set mit Gr\u00fcntee (35g), Fr\u00fcchtetee (40g) und Weissem Tee (20g)<\/p>\n","protected":false},"featured_media":50569,"template":"","meta":[],"product_brand":[],"product_cat":[956,910,1019,1018,1208,1088,909,1092,915,42,885,52,1225,53],"product_tag":[282],"woo-feed-brand":[],"class_list":{"0":"post-4433","1":"product","2":"type-product","3":"status-publish","4":"has-post-thumbnail","6":"product_cat-tee","7":"product_cat-geschenkideen","8":"product_cat-osterbrunch","9":"product_cat-ostern","10":"product_cat-ueber-25-chf","11":"product_cat-vatertag","12":"product_cat-weihnachten","13":"product_cat-wohlfuehltyp","14":"product_cat-wichteln","15":"product_cat-kueche","16":"product_cat-koestlichkeiten","17":"product_cat-geschenke","18":"product_cat-genuss","19":"product_cat-geschenksets","20":"product_tag-fleurop-interflora","22":"first","23":"instock","24":"taxable","25":"shipping-taxable","26":"purchasable","27":"product-type-simple"},"_links":{"self":[{"href":"https:\/\/www.fleurop-home.ch\/de-ch\/wp-json\/wp\/v2\/product\/4433","targetHints":{"allow":["GET"]}}],"collection":[{"href":"https:\/\/www.fleurop-home.ch\/de-ch\/wp-json\/wp\/v2\/product"}],"about":[{"href":"https:\/\/www.fleurop-home.ch\/de-ch\/wp-json\/wp\/v2\/types\/product"}],"wp:featuredmedia":[{"embeddable":true,"href":"https:\/\/www.fleurop-home.ch\/de-ch\/wp-json\/wp\/v2\/media\/50569"}],"wp:attachment":[{"href":"https:\/\/www.fleurop-home.ch\/de-ch\/wp-json\/wp\/v2\/media?parent=4433"}],"wp:term":[{"taxonomy":"product_brand","embeddable":true,"href":"https:\/\/www.fleurop-home.ch\/de-ch\/wp-json\/wp\/v2\/product_brand?post=4433"},{"taxonomy":"product_cat","embeddable":true,"href":"https:\/\/www.fleurop-home.ch\/de-ch\/wp-json\/wp\/v2\/product_cat?post=4433"},{"taxonomy":"product_tag","embeddable":true,"href":"https:\/\/www.fleurop-home.ch\/de-ch\/wp-json\/wp\/v2\/product_tag?post=4433"},{"taxonomy":"woo-feed-brand","embeddable":true,"href":"https:\/\/www.fleurop-home.ch\/de-ch\/wp-json\/wp\/v2\/woo-feed-brand?post=4433"}],"curies":[{"name":"wp","href":"https:\/\/api.w.org\/{rel}","templated":true}]}}