{"id":4431,"date":"2018-12-11T17:08:41","date_gmt":"2018-12-11T17:08:41","guid":{"rendered":"https:\/\/www.fleurop-home.ch\/?product=gottlieber-cacaomandeln"},"modified":"2026-01-05T13:49:49","modified_gmt":"2026-01-05T12:49:49","slug":"gottlieber-cacaomandeln","status":"publish","type":"product","link":"https:\/\/www.fleurop-home.ch\/de-ch\/p\/gottlieber-cacaomandeln","title":{"rendered":"Gottlieber Cacaomandeln"},"content":{"rendered":"<p style=\"text-align: left;\">Die Mandeln werden schonend ger\u00f6stet, von zartschmelzender Schokolade umh\u00fcllt und mit edlem Kakaopulver best\u00e4ubt.<\/p>\n<table width=\"522\">\n<tbody>\n<tr>\n<td width=\"522\"><strong>Zutaten<\/strong><\/td>\n<\/tr>\n<tr>\n<td>Mandeln 34%, Zucker,Kakaobutter, Vollmilchpulver, Kakaomasse, Kakaopulver, Glukosesirup, modifizierte St\u00e4rke (Tapioka, Kartoffel), Emulgator: Sojalecithin, nat\u00fcrliches Aroma.<\/td>\n<\/tr>\n<tr>\n<td><strong>N\u00e4hrtwertinformationen<\/strong><\/td>\n<\/tr>\n<tr>\n<td>Energiewert: 2340 kJ \/ 567 kcal, Fett: 41g, davon ges\u00e4ttigte Fetts\u00e4uren: 15g, Kohlenhydrate: 38g, davon Zucker : 37g, Eiweiss: 13g, Salz: 0,14g.<\/td>\n<\/tr>\n<tr>\n<td><strong>Allergikerhinweise<\/strong><\/td>\n<\/tr>\n<tr>\n<td>Kann Spuren von Haseln\u00fcssen enthalten.<\/td>\n<\/tr>\n<tr>\n<td><strong>Herkunftsland<\/strong><\/td>\n<\/tr>\n<tr>\n<td>Schweiz<\/td>\n<\/tr>\n<\/tbody>\n<\/table>\n<p style=\"text-align: left;\"><strong>Dies ist ein \u00abFleurop Edition\u00bb Produkt.<\/strong><\/p>\n","protected":false},"excerpt":{"rendered":"<p>Edle Runddose mit Gottlieber Cacaomandeln (200g)<\/p>\n","protected":false},"featured_media":62503,"template":"","meta":[],"product_brand":[],"product_cat":[114,1022,995,1090,910,1001,797,1019,1018,984,1207,999,1088,909,915,42,885,52,54],"product_tag":[282],"woo-feed-brand":[],"class_list":{"0":"post-4431","1":"product","2":"type-product","3":"status-publish","4":"has-post-thumbnail","6":"product_cat-schokolade-sweets","7":"product_cat-brunch","8":"product_cat-essen-trinken","9":"product_cat-geniesser","10":"product_cat-geschenkideen","11":"product_cat-leckereien","12":"product_cat-muttertag","13":"product_cat-osterbrunch","14":"product_cat-ostern","15":"product_cat-silvester","16":"product_cat-unter-25-chf","17":"product_cat-valentinstag","18":"product_cat-vatertag","19":"product_cat-weihnachten","20":"product_cat-wichteln","21":"product_cat-kueche","22":"product_cat-koestlichkeiten","23":"product_cat-geschenke","24":"product_cat-feinkost","25":"product_tag-fleurop-interflora","27":"first","28":"instock","29":"featured","30":"taxable","31":"shipping-taxable","32":"purchasable","33":"product-type-simple"},"_links":{"self":[{"href":"https:\/\/www.fleurop-home.ch\/de-ch\/wp-json\/wp\/v2\/product\/4431","targetHints":{"allow":["GET"]}}],"collection":[{"href":"https:\/\/www.fleurop-home.ch\/de-ch\/wp-json\/wp\/v2\/product"}],"about":[{"href":"https:\/\/www.fleurop-home.ch\/de-ch\/wp-json\/wp\/v2\/types\/product"}],"wp:featuredmedia":[{"embeddable":true,"href":"https:\/\/www.fleurop-home.ch\/de-ch\/wp-json\/wp\/v2\/media\/62503"}],"wp:attachment":[{"href":"https:\/\/www.fleurop-home.ch\/de-ch\/wp-json\/wp\/v2\/media?parent=4431"}],"wp:term":[{"taxonomy":"product_brand","embeddable":true,"href":"https:\/\/www.fleurop-home.ch\/de-ch\/wp-json\/wp\/v2\/product_brand?post=4431"},{"taxonomy":"product_cat","embeddable":true,"href":"https:\/\/www.fleurop-home.ch\/de-ch\/wp-json\/wp\/v2\/product_cat?post=4431"},{"taxonomy":"product_tag","embeddable":true,"href":"https:\/\/www.fleurop-home.ch\/de-ch\/wp-json\/wp\/v2\/product_tag?post=4431"},{"taxonomy":"woo-feed-brand","embeddable":true,"href":"https:\/\/www.fleurop-home.ch\/de-ch\/wp-json\/wp\/v2\/woo-feed-brand?post=4431"}],"curies":[{"name":"wp","href":"https:\/\/api.w.org\/{rel}","templated":true}]}}