{"id":4425,"date":"2018-12-11T16:32:38","date_gmt":"2018-12-11T16:32:38","guid":{"rendered":"https:\/\/www.fleurop-home.ch\/?product=ripasso-albino-armani-doc-75-cl"},"modified":"2026-03-24T08:28:58","modified_gmt":"2026-03-24T07:28:58","slug":"ripasso-albino-armani-doc-75-cl","status":"publish","type":"product","link":"https:\/\/www.fleurop-home.ch\/de-ch\/p\/ripasso-albino-armani-doc-75-cl","title":{"rendered":"Ripasso Albino Armani  DOC 75cl"},"content":{"rendered":"<p style=\"text-align: left;\">Aus dem h\u00fcgelig-bergigen Valpolicella-Gebiet stammend, \u00fcberzeugt unser Ripasso durch Struktur und Komplexit\u00e4t. Diese gewinnt der junge Rotwein w\u00e4hrend einer zweiten G\u00e4rung auf Amarone Trester. Hergestellt wird dieser exzellente Rotwein in Marano durch die Familie Armani, die mit einer \u00fcber 400-j\u00e4hrigen Weinanbau-Erfahrung aufwarten kann.<\/p>\n<p style=\"text-align: left;\">Der Ripasso \u00fcberzeugt durch seine intensiv rote Farbe, den Duft nach reifen Kirschen, Brombeeren und Gew\u00fcrzen und seinen Geschmack, der angenehm, anhaltend und warm, aber gleichzeitig frisch daherkommt. Diesen Wein reicht man am besten zu schmackhaften ersten G\u00e4ngen, Fleisch oder gereiftem K\u00e4se.<\/p>\n<table width=\"522\">\n<tbody>\n<tr>\n<td width=\"522\"><strong>N\u00e4hrtwertinformationen<\/strong><\/td>\n<\/tr>\n<tr>\n<td>Alkohol 13,70 %vol<br \/>\nGlucose &#8211; Fuctose 3,00 g\/l<br \/>\nGesamts\u00e4ure 5,34 g\/l<br \/>\npH-Wert 3,54<br \/>\nFreie schweflige S\u00e4ure 30,00 mg\/l<br \/>\nGesamtschwefel 145,00 mg\/l<\/td>\n<\/tr>\n<tr>\n<td><strong>Allergikerhinweise<\/strong><\/td>\n<\/tr>\n<tr>\n<td>Sulfite<\/td>\n<\/tr>\n<tr>\n<td><strong>Herkunftsland<\/strong><\/td>\n<\/tr>\n<tr>\n<td>Italien<\/td>\n<\/tr>\n<tr>\n<td><strong>Rebsorte\/n<\/strong><\/td>\n<\/tr>\n<tr>\n<td>Corvina, Corvinone und Rondinella<\/td>\n<\/tr>\n<tr>\n<td><strong>Alkoholgehalt<\/strong><\/td>\n<\/tr>\n<tr>\n<td>14.0% vol<\/td>\n<\/tr>\n<\/tbody>\n<\/table>\n<p style=\"text-align: left;\"><strong>Dies ist ein \u00abFleurop Edition\u00bb Produkt.<\/strong><\/p>\n","protected":false},"excerpt":{"rendered":"<p>Rotwein Valpolicella Ripasso Classico Superiore DOC (75cl) von Albino Armani in eleganter Geschenkbox<\/p>\n","protected":false},"featured_media":76147,"template":"","meta":[],"product_brand":[],"product_cat":[115,995,1002,1090,910,984,999,1088,909,916,42,885,52,54],"product_tag":[147,282],"woo-feed-brand":[],"class_list":{"0":"post-4425","1":"product","2":"type-product","3":"status-publish","4":"has-post-thumbnail","6":"product_cat-spirituosen","7":"product_cat-essen-trinken","8":"product_cat-fuer-ihn","9":"product_cat-geniesser","10":"product_cat-geschenkideen","11":"product_cat-silvester","12":"product_cat-valentinstag","13":"product_cat-vatertag","14":"product_cat-weihnachten","15":"product_cat-praesente","16":"product_cat-kueche","17":"product_cat-koestlichkeiten","18":"product_cat-geschenke","19":"product_cat-feinkost","20":"product_tag-alkohol","21":"product_tag-fleurop-interflora","23":"first","24":"instock","25":"featured","26":"taxable","27":"shipping-taxable","28":"purchasable","29":"product-type-simple"},"_links":{"self":[{"href":"https:\/\/www.fleurop-home.ch\/de-ch\/wp-json\/wp\/v2\/product\/4425","targetHints":{"allow":["GET"]}}],"collection":[{"href":"https:\/\/www.fleurop-home.ch\/de-ch\/wp-json\/wp\/v2\/product"}],"about":[{"href":"https:\/\/www.fleurop-home.ch\/de-ch\/wp-json\/wp\/v2\/types\/product"}],"wp:featuredmedia":[{"embeddable":true,"href":"https:\/\/www.fleurop-home.ch\/de-ch\/wp-json\/wp\/v2\/media\/76147"}],"wp:attachment":[{"href":"https:\/\/www.fleurop-home.ch\/de-ch\/wp-json\/wp\/v2\/media?parent=4425"}],"wp:term":[{"taxonomy":"product_brand","embeddable":true,"href":"https:\/\/www.fleurop-home.ch\/de-ch\/wp-json\/wp\/v2\/product_brand?post=4425"},{"taxonomy":"product_cat","embeddable":true,"href":"https:\/\/www.fleurop-home.ch\/de-ch\/wp-json\/wp\/v2\/product_cat?post=4425"},{"taxonomy":"product_tag","embeddable":true,"href":"https:\/\/www.fleurop-home.ch\/de-ch\/wp-json\/wp\/v2\/product_tag?post=4425"},{"taxonomy":"woo-feed-brand","embeddable":true,"href":"https:\/\/www.fleurop-home.ch\/de-ch\/wp-json\/wp\/v2\/woo-feed-brand?post=4425"}],"curies":[{"name":"wp","href":"https:\/\/api.w.org\/{rel}","templated":true}]}}