{"id":4420,"date":"2018-12-11T16:10:37","date_gmt":"2018-12-11T16:10:37","guid":{"rendered":"https:\/\/www.fleurop-home.ch\/?product=schweizer-blutenhonig-von-bee-family-350g"},"modified":"2025-11-04T15:07:43","modified_gmt":"2025-11-04T14:07:43","slug":"schweizer-blutenhonig-von-bee-family-350g","status":"publish","type":"product","link":"https:\/\/www.fleurop-home.ch\/de-ch\/p\/schweizer-blutenhonig-von-bee-family-350g","title":{"rendered":"Schweizer Bl\u00fctenhonig von Bee-Family (350g)"},"content":{"rendered":"<p style=\"text-align: left;\">Bee-Family Honig besticht durch seinen hohen Qualit\u00e4tsstandard, der wesentlich h\u00f6her ist, als von der EU oder Schweizer Beh\u00f6rden vorgegeben. Er wird von Schweizer Imkern bezogen, ist laborgepr\u00fcft und garantiert r\u00fcckstands- und giftstofffrei. Bee-Family steht f\u00fcr einen ethischen Umgang mit der Natur und daraus gewonnener Lebensmittel. Sie setzen sich aktiv f\u00fcr die Haltung und Bewahrung gesunder Bienenrassen in intakten, naturnahen Regionen ein.<\/p>\n<table width=\"650\">\n<tbody>\n<tr>\n<td style=\"text-align: left;\" width=\"650\"><strong>N\u00e4hrtwertinformationen<\/strong><\/td>\n<\/tr>\n<tr>\n<td style=\"text-align: left;\">Energiewert: 1283 kJ \/ 302 kcal, Fett: 0,1 g, davon ges\u00e4ttigte Fetts\u00e4uren: 0,1g, Kohlenhydrate: 75,1g, davon Zucker: 75,1g, Eiweiss: 0,4g, Salz: 0,1g.<\/td>\n<\/tr>\n<tr>\n<td style=\"text-align: left;\"><strong>Allergikerhinweise<\/strong><\/td>\n<\/tr>\n<tr>\n<td style=\"text-align: left;\">Honig ist f\u00fcr Kinder unter 12 Monaten nicht f\u00fcr den Verzehr geeignet!<\/td>\n<\/tr>\n<tr>\n<td style=\"text-align: left;\"><strong>Herkunftsland<\/strong><\/td>\n<\/tr>\n<tr>\n<td style=\"text-align: left;\">Schweiz<\/td>\n<\/tr>\n<\/tbody>\n<\/table>\n<p style=\"text-align: left;\"><strong>Dies ist ein \u00abFleurop Edition\u00bb Produkt.<\/strong><\/p>\n","protected":false},"excerpt":{"rendered":"<p>Schweizer Bl\u00fctenhonig (350g) von Bee-Family in einer eleganten Geschenkbox<\/p>\n","protected":false},"featured_media":4421,"template":"","meta":[],"product_brand":[],"product_cat":[101,910,1001,1208,999,909,915,42,885,52,54,53],"product_tag":[282],"woo-feed-brand":[],"class_list":{"0":"post-4420","1":"product","2":"type-product","3":"status-publish","4":"has-post-thumbnail","6":"product_cat-honig","7":"product_cat-geschenkideen","8":"product_cat-leckereien","9":"product_cat-ueber-25-chf","10":"product_cat-valentinstag","11":"product_cat-weihnachten","12":"product_cat-wichteln","13":"product_cat-kueche","14":"product_cat-koestlichkeiten","15":"product_cat-geschenke","16":"product_cat-feinkost","17":"product_cat-geschenksets","18":"product_tag-fleurop-interflora","20":"first","21":"instock","22":"taxable","23":"shipping-taxable","24":"purchasable","25":"product-type-simple"},"_links":{"self":[{"href":"https:\/\/www.fleurop-home.ch\/de-ch\/wp-json\/wp\/v2\/product\/4420","targetHints":{"allow":["GET"]}}],"collection":[{"href":"https:\/\/www.fleurop-home.ch\/de-ch\/wp-json\/wp\/v2\/product"}],"about":[{"href":"https:\/\/www.fleurop-home.ch\/de-ch\/wp-json\/wp\/v2\/types\/product"}],"wp:featuredmedia":[{"embeddable":true,"href":"https:\/\/www.fleurop-home.ch\/de-ch\/wp-json\/wp\/v2\/media\/4421"}],"wp:attachment":[{"href":"https:\/\/www.fleurop-home.ch\/de-ch\/wp-json\/wp\/v2\/media?parent=4420"}],"wp:term":[{"taxonomy":"product_brand","embeddable":true,"href":"https:\/\/www.fleurop-home.ch\/de-ch\/wp-json\/wp\/v2\/product_brand?post=4420"},{"taxonomy":"product_cat","embeddable":true,"href":"https:\/\/www.fleurop-home.ch\/de-ch\/wp-json\/wp\/v2\/product_cat?post=4420"},{"taxonomy":"product_tag","embeddable":true,"href":"https:\/\/www.fleurop-home.ch\/de-ch\/wp-json\/wp\/v2\/product_tag?post=4420"},{"taxonomy":"woo-feed-brand","embeddable":true,"href":"https:\/\/www.fleurop-home.ch\/de-ch\/wp-json\/wp\/v2\/woo-feed-brand?post=4420"}],"curies":[{"name":"wp","href":"https:\/\/api.w.org\/{rel}","templated":true}]}}