{"id":4383,"date":"2018-07-04T07:32:45","date_gmt":"2018-07-04T07:32:45","guid":{"rendered":"https:\/\/www.fleurop-home.ch\/?product=honig-geschenk-set-von-bee-family-mit-6-honigsorten-6x-70g"},"modified":"2026-02-05T14:37:20","modified_gmt":"2026-02-05T13:37:20","slug":"honig-geschenk-set-von-bee-family-mit-6-honigsorten-6x-70g-2","status":"publish","type":"product","link":"https:\/\/www.fleurop-home.ch\/de-ch\/p\/honig-geschenk-set-von-bee-family-mit-6-honigsorten-6x-70g-2","title":{"rendered":"Honig Geschenk-Set von Bee-Family mit 6 Honigsorten  (6x 70g)"},"content":{"rendered":"<p style=\"text-align: left;\">Folgende Sorten \u00e0 je 70g sind je nach Saisonalit\u00e4t enthalten: Sonnenblumenhonig, Schweizer Bl\u00fctenhonig, Schweizer Waldhonig, Wildseidenhonig, Lindenbl\u00fctenhonig, Lavendelhonig. Bee-Family Honig besticht durch seinen hohen Qualit\u00e4tsstandard, ist laborgepr\u00fcft und garantiert r\u00fcckstandsfrei. Bee-Family setzt sich aktiv f\u00fcr die Haltung und Bewahrung gesunder Bienenrassen in intakten, naturnahen Regionen ein.<\/p>\n<table width=\"650\">\n<tbody>\n<tr>\n<td style=\"text-align: left;\" width=\"650\"><strong>N\u00e4hrtwertinformationen<\/strong><\/td>\n<\/tr>\n<tr>\n<td style=\"text-align: left;\">Energiewert: 1283 kJ \/ 302 kcal, Fett: 0,1g, davon ges\u00e4ttigte Fetts\u00e4uren: 0,1 g, Kohlenhydrate: 75,1g, davon Zucker: 75,1g, Eiweiss: 0,4g, Salz: 0,1g.<\/td>\n<\/tr>\n<tr>\n<td style=\"text-align: left;\"><strong>Allergikerhinweise<\/strong><\/td>\n<\/tr>\n<tr>\n<td style=\"text-align: left;\">Honig ist f\u00fcr Kinder unter 12 Monaten nicht f\u00fcr den Verzehr geeignet!<\/td>\n<\/tr>\n<tr>\n<td style=\"text-align: left;\"><strong>Herkunftsland<\/strong><\/td>\n<\/tr>\n<tr>\n<td style=\"text-align: left;\">Sonnenblumenhonig: Ungarn<br \/>\nLindenbl\u00fctenhonig: Slowenien<br \/>\nWildseidenhonig: Ungarn<br \/>\nBl\u00fctenhonig: Schweiz<br \/>\nWaldhonig: Schweiz<br \/>\nLavendelhonig: Frankreich<\/td>\n<\/tr>\n<\/tbody>\n<\/table>\n<p style=\"text-align: left;\"><strong>Dies ist ein \u00abFleurop Edition\u00bb Produkt.<\/strong><\/p>\n","protected":false},"excerpt":{"rendered":"<p>Geschenk-Set mit verschiedenen Honigsorten (6x 70g) von Bee-Family<\/p>\n","protected":false},"featured_media":4384,"template":"","meta":[],"product_brand":[],"product_cat":[101,1022,910,1001,797,1019,1018,1208,999,909,915,42,885,52,1225,53],"product_tag":[282],"woo-feed-brand":[],"class_list":{"0":"post-4383","1":"product","2":"type-product","3":"status-publish","4":"has-post-thumbnail","6":"product_cat-honig","7":"product_cat-brunch","8":"product_cat-geschenkideen","9":"product_cat-leckereien","10":"product_cat-muttertag","11":"product_cat-osterbrunch","12":"product_cat-ostern","13":"product_cat-ueber-25-chf","14":"product_cat-valentinstag","15":"product_cat-weihnachten","16":"product_cat-wichteln","17":"product_cat-kueche","18":"product_cat-koestlichkeiten","19":"product_cat-geschenke","20":"product_cat-genuss","21":"product_cat-geschenksets","22":"product_tag-fleurop-interflora","24":"first","25":"instock","26":"featured","27":"taxable","28":"shipping-taxable","29":"purchasable","30":"product-type-simple"},"_links":{"self":[{"href":"https:\/\/www.fleurop-home.ch\/de-ch\/wp-json\/wp\/v2\/product\/4383","targetHints":{"allow":["GET"]}}],"collection":[{"href":"https:\/\/www.fleurop-home.ch\/de-ch\/wp-json\/wp\/v2\/product"}],"about":[{"href":"https:\/\/www.fleurop-home.ch\/de-ch\/wp-json\/wp\/v2\/types\/product"}],"wp:featuredmedia":[{"embeddable":true,"href":"https:\/\/www.fleurop-home.ch\/de-ch\/wp-json\/wp\/v2\/media\/4384"}],"wp:attachment":[{"href":"https:\/\/www.fleurop-home.ch\/de-ch\/wp-json\/wp\/v2\/media?parent=4383"}],"wp:term":[{"taxonomy":"product_brand","embeddable":true,"href":"https:\/\/www.fleurop-home.ch\/de-ch\/wp-json\/wp\/v2\/product_brand?post=4383"},{"taxonomy":"product_cat","embeddable":true,"href":"https:\/\/www.fleurop-home.ch\/de-ch\/wp-json\/wp\/v2\/product_cat?post=4383"},{"taxonomy":"product_tag","embeddable":true,"href":"https:\/\/www.fleurop-home.ch\/de-ch\/wp-json\/wp\/v2\/product_tag?post=4383"},{"taxonomy":"woo-feed-brand","embeddable":true,"href":"https:\/\/www.fleurop-home.ch\/de-ch\/wp-json\/wp\/v2\/woo-feed-brand?post=4383"}],"curies":[{"name":"wp","href":"https:\/\/api.w.org\/{rel}","templated":true}]}}