{"id":43662,"date":"2024-09-25T09:38:42","date_gmt":"2024-09-25T07:38:42","guid":{"rendered":"https:\/\/www.fleurop-home.ch\/de-ch\/?post_type=product&#038;p=43662"},"modified":"2025-04-01T04:03:31","modified_gmt":"2025-04-01T02:03:31","slug":"samtbox-in-rosa-mit-getrockneter-koenigs-protea-stabilisierten-rosen-und-trockenblumen-in-rosa-pink-und-beige-o-20-cm","status":"publish","type":"product","link":"https:\/\/www.fleurop-home.ch\/de-ch\/p\/samtbox-in-rosa-mit-getrockneter-koenigs-protea-stabilisierten-rosen-und-trockenblumen-in-rosa-pink-und-beige-o-20-cm","title":{"rendered":"Samtbox in rosa, mit getrockneter K\u00f6nigs Protea, stabilisierten Rosen und Trockenblumen in rosa, pink und beige \u00d8 20 cm"},"content":{"rendered":"<p>Stabilisierte Rosen, auch Infinity-Rosen genannt, sind echte, wundersch\u00f6ne, konservierte Rosen, die mindestens 2-3 Jahre halten.<br \/>\nDie Samtbox, \u00d8 ca. 20 cm, H ca. 28 cm, ist klassisch und elegant im Design, mit wundersch\u00f6nem Samt Stoff und wird Ihnen zu Hause oder jedem Beschenkten lange Freude bereiten. Die Trockenblumen sind in passenden Farben zu der Box und der Infinity Rose kombiniert.<\/p>\n<p class=\"p1\">Als wunderbare Dekoration oder Geschenk, ein echter Hingucker.<\/p>\n<p style=\"text-align: left\"><strong>Pflegehinweise f\u00fcr Infinity-Rosen und Trockenblumen<\/strong><\/p>\n<p style=\"text-align: left\">Nicht in Wasser stellen; nicht in feuchter Umgebung platzieren.<\/p>\n<p style=\"text-align: left\">Standort mit starker Sonneneinstrahlung vermeiden.<\/p>\n<p style=\"text-align: left\">Zur Pflege oder Reinigung eignet sich ein weicher Pinsel, mit dem der Staub vorsichtig entfernet werden kann.<\/p>\n<p>Die Box wird auf Bestellung angefertigt und kann in der Blumenwahl und Farbe variieren da es sich um Naturmaterialen handelt.<\/p>\n","protected":false},"excerpt":{"rendered":"<p>Samtbox in rosa, mit getrockneter K\u00f6nigs Protea, stabilisierten Rosen und Trockenblumen in rosa, pink und beige \u00d8 20 cm<\/p>\n","protected":false},"featured_media":43634,"template":"","meta":[],"product_brand":[],"product_cat":[102,23,910,984,993,909,26,916,117,52,55],"product_tag":[294],"woo-feed-brand":[],"class_list":{"0":"post-43662","1":"product","2":"type-product","3":"status-publish","4":"has-post-thumbnail","6":"product_cat-infinity-rosen","7":"product_cat-home-living","8":"product_cat-geschenkideen","9":"product_cat-silvester","10":"product_cat-silvestergeschenke","11":"product_cat-weihnachten","12":"product_cat-blumen-pflanzen","13":"product_cat-praesente","14":"product_cat-trockenblumen","15":"product_cat-geschenke","16":"product_cat-blumige-geschenke","17":"product_tag-the-bloomery","19":"first","20":"instock","21":"taxable","22":"shipping-taxable","23":"purchasable","24":"product-type-simple"},"_links":{"self":[{"href":"https:\/\/www.fleurop-home.ch\/de-ch\/wp-json\/wp\/v2\/product\/43662","targetHints":{"allow":["GET"]}}],"collection":[{"href":"https:\/\/www.fleurop-home.ch\/de-ch\/wp-json\/wp\/v2\/product"}],"about":[{"href":"https:\/\/www.fleurop-home.ch\/de-ch\/wp-json\/wp\/v2\/types\/product"}],"wp:featuredmedia":[{"embeddable":true,"href":"https:\/\/www.fleurop-home.ch\/de-ch\/wp-json\/wp\/v2\/media\/43634"}],"wp:attachment":[{"href":"https:\/\/www.fleurop-home.ch\/de-ch\/wp-json\/wp\/v2\/media?parent=43662"}],"wp:term":[{"taxonomy":"product_brand","embeddable":true,"href":"https:\/\/www.fleurop-home.ch\/de-ch\/wp-json\/wp\/v2\/product_brand?post=43662"},{"taxonomy":"product_cat","embeddable":true,"href":"https:\/\/www.fleurop-home.ch\/de-ch\/wp-json\/wp\/v2\/product_cat?post=43662"},{"taxonomy":"product_tag","embeddable":true,"href":"https:\/\/www.fleurop-home.ch\/de-ch\/wp-json\/wp\/v2\/product_tag?post=43662"},{"taxonomy":"woo-feed-brand","embeddable":true,"href":"https:\/\/www.fleurop-home.ch\/de-ch\/wp-json\/wp\/v2\/woo-feed-brand?post=43662"}],"curies":[{"name":"wp","href":"https:\/\/api.w.org\/{rel}","templated":true}]}}